{"id":2190,"date":"2025-07-09T20:10:23","date_gmt":"2025-07-09T20:10:23","guid":{"rendered":"https:\/\/koumanawa.com\/?page_id=2190"},"modified":"2025-08-01T08:10:17","modified_gmt":"2025-08-01T07:10:17","slug":"bericht-juni-2025","status":"publish","type":"page","link":"http:\/\/koumanawa.com\/de\/report-june-2025\/","title":{"rendered":"Bericht Juni 2025"},"content":{"rendered":"<p><\/p>\n\n\n\n<p>Bericht Juni 2025<\/p>\n\n\n\n<p>Wir werden diesen Monat wieder in der Produktion sein und zusammen mit unserem Beschaffungsmanager Jutefarmen besuchen, um weitere Informationen einzuholen. Hier also einige Hintergrundinformationen \u00fcber das Rohmaterial, das zur Herstellung von Juteseilen ben\u00f6tigt wird.<\/p>\n\n\n\n<p>Die einzigartigen Bedingungen in Bengalen liefern 97,2% der weltweiten Jutemenge, die lang und stark genug f\u00fcr Seile ist. Es ist eine umweltfreundliche Pflanze. Ein Hektar nimmt w\u00e4hrend der Photosynthese 14 Tonnen Kohlendioxid auf, wandelt es in Glukose um und setzt dabei 10 Tonnen Sauerstoff frei. Das macht Jute zu einem \u00e4u\u00dferst wertvollen Mittel im Kampf gegen den Klimawandel, da sie viel Kohlenstoff bindet.<\/p>\n\n\n\n<div class=\"wp-block-group has-global-padding is-layout-constrained wp-block-group-is-layout-constrained\">\n<figure class=\"wp-block-image size-full\"><img data-recalc-dims=\"1\" decoding=\"async\" width=\"1000\" height=\"800\" loading=\"lazy\" src=\"https:\/\/i0.wp.com\/koumanawa.com\/wp-content\/uploads\/2025\/07\/Jute-Field.jpg?resize=1000%2C800&#038;ssl=1\" alt=\"\" class=\"wp-image-2192\" srcset=\"https:\/\/i0.wp.com\/koumanawa.com\/wp-content\/uploads\/2025\/07\/Jute-Field.jpg?w=1000&amp;ssl=1 1000w, https:\/\/i0.wp.com\/koumanawa.com\/wp-content\/uploads\/2025\/07\/Jute-Field.jpg?resize=300%2C240&amp;ssl=1 300w, https:\/\/i0.wp.com\/koumanawa.com\/wp-content\/uploads\/2025\/07\/Jute-Field.jpg?resize=768%2C614&amp;ssl=1 768w, https:\/\/i0.wp.com\/koumanawa.com\/wp-content\/uploads\/2025\/07\/Jute-Field.jpg?resize=15%2C12&amp;ssl=1 15w, https:\/\/i0.wp.com\/koumanawa.com\/wp-content\/uploads\/2025\/07\/Jute-Field.jpg?resize=600%2C480&amp;ssl=1 600w\" sizes=\"auto, (max-width: 1000px) 100vw, 1000px\" \/><figcaption class=\"wp-element-caption\">42 Hektar Tossa-Jute in Faridpur<\/figcaption><\/figure>\n<\/div>\n\n\n\n<p>Jute ben\u00f6tigt eine Kombination aus nahezu konstanter Temperatur innerhalb eines bestimmten Bereichs, guter Sonneneinstrahlung, hoher, stabiler Luftfeuchtigkeit und reichlich Wasser w\u00e4hrend der kurzen Wachstumsperiode. Unter perfekten Bedingungen k\u00f6nnen die Fasern 3 bis 4 Zentimeter pro Tag wachsen.<\/p>\n\n\n\n<p>Zwei Flusssysteme bilden die Grundlage f\u00fcr Bew\u00e4sserung und N\u00e4hrstoffe. Der 2.500 km lange Ganges flie\u00dft s\u00fcdlich des Himalaya durch dicht besiedelte Gebiete. Der l\u00e4ngere Brahmaputra flie\u00dft im Norden durch d\u00fcnner besiedelte Regionen und ist sauberer. Aus diesem Grund gilt indische Jute im Allgemeinen als unterdurchschnittliche oder schlechte Qualit\u00e4t, die haupts\u00e4chlich f\u00fcr S\u00e4cke und Teppichr\u00fccken verwendet wird.<\/p>\n\n\n\n<p>Nach Angaben des Indian National Jute Board ging die Produktion 2024 aufgrund nat\u00fcrlicher Ursachen um 20% zur\u00fcck. In den vorangegangenen acht Jahren verringerte sich die Anbaufl\u00e4che um 1,7 Millionen Hektar, eine Fl\u00e4che so gro\u00df wie Kuwait. Der Inlandsverbrauch liegt weiterhin bei 90%. Die derzeitigen Marktbedingungen sind ein begrenztes Angebot, eine steigende Nachfrage und steigende Preise, insbesondere f\u00fcr beste Qualit\u00e4t.&nbsp;<\/p>\n\n\n\n<p>Die optimale Mischung aus sandig-lehmigen Schwemmlandb\u00f6den mit einem pH-Wert von 4,8 bis 5,8 und erg\u00e4nzenden Saatgut-Genotypen verbessert die Faserqualit\u00e4t. Biod\u00fcnger wie chinesischer (indischer) Rhabarber, der im Allgemeinen ungenie\u00dfbar ist, dient als Mulch mit antibakteriellen und nat\u00fcrlichen Insektiziden.<\/p>\n\n\n\n<p>Jute wird durch stehendes Wasser leicht besch\u00e4digt, daher ist die Bew\u00e4sserung von entscheidender Bedeutung. Wenn Sie lange, orange-rote Ausl\u00e4ufer im Garn Ihres Seils finden, stammen sie von Pflanzen, die zu lange im Wasser gestanden haben, und haben die St\u00e4rke von L\u00f6schpapier.<\/p>\n\n\n\n<p>Kropfige Fasern aus der Pflanzenspitze sind klebrig, hart und rau und treten bei langer Trockenheit oder unsachgem\u00e4\u00dfem Eintauchen in die Rotte auf. Klebrige Fasern stammen von unreifen Pflanzen. Knotige Fasern entstehen, wenn Insekten die Pflanze befallen. Moosige Fasern stammen von Algen und anderem Bewuchs, der bei \u00dcberschwemmungen eingemischt wird.<\/p>\n\n\n\n<p>Die Pflanzen werden w\u00e4hrend des Anbaus aus dem Boden gezogen. Die Landwirte k\u00f6nnen versuchen, das Gewicht zu maximieren, indem sie ein Minimum an Wurzelst\u00f6cken abschneiden. Anschlie\u00dfend werden sie gerottet, d. h. die B\u00fcndel werden 7 bis 14 Tage lang untergetaucht, wobei die Dauer von der Wassertemperatur, der Str\u00f6mung und dem Mineralgehalt abh\u00e4ngt. Dies f\u00fchrt zu einer mikrobiellen Reaktion, bei der die nat\u00fcrliche Zersetzung, die die Faserb\u00fcndel an Rinde und Stamm bindet, das nichtfaserige Gewebe aufweicht und abbaut, so dass sich die Fasern leichter trennen lassen.Wurzelige Fasern werden durch unsachgem\u00e4\u00dfe Zersetzung verursacht. Gesprenkelte oder gefleckte Fasern sind das Ergebnis einer unsachgem\u00e4\u00dfen R\u00f6tung und W\u00e4sche, bei der Fremdstoffe an den Filamenten haften. Schwache Fasern, die durch \u00fcberm\u00e4\u00dfige R\u00f6tung, B\u00fcndelung in feuchtem Zustand und\/oder lange Lagerung verursacht werden, verringern Festigkeit und Farbe erheblich und k\u00f6nnen zu toten Fasern f\u00fchren. Hunka-Fasern sind harte, starke Kutikula oder Teile der \u00e4u\u00dferen Schicht der Pflanze, die nicht ordnungsgem\u00e4\u00df entfernt wurden und bei der Handhabung Kratzer, Schnitte und Splitter verursachen.<\/p>\n\n\n\n<p>Nach der R\u00f6tung sind die Fasern noch gr\u00fcn und werden zum Trocknen in die Sonne geh\u00e4ngt, wo sie vergolden, bevor sie zu Morah-Ballen gefaltet werden. W\u00e4hrend des Transports kann das Herz durch eine Kombination von Faktoren gesch\u00e4digt werden, z. B. durch \u00fcberm\u00e4\u00dfige Feuchtigkeit, den engen Raum innerhalb des Ballens und den nat\u00fcrlichen Abbau, wenn er l\u00e4ngerer N\u00e4sse ausgesetzt ist. Transit- oder \u00e4u\u00dfere Sch\u00e4den k\u00f6nnen auch bei der Handhabung auf dem Weg zur Jutem\u00fchle auftreten, z. B. durch Zerkleinern. Auch die Art der Lagerung in den Rohstofflagern der Garnfabriken ist wichtig, damit die Fasern nicht besch\u00e4digt werden.<\/p>\n\n\n\n<p>All dies f\u00fchrt dazu, dass die Rohfasern von Gebiet zu Gebiet und von Jahreszeit zu Jahreszeit variieren. Am auff\u00e4lligsten ist die Farbe, aber auch St\u00e4rke, Feinheit und Glanz. Jute ist kein homogenes Material. Daher ist eine fachkundige Auswahl von entscheidender Bedeutung. Die Lagerhallen unserer neuen Garnfabrik haben ein Fassungsverm\u00f6gen von 800 Tonnen. Ich bin gespannt, mehr von unserem Einkaufsleiter und den Bauern zu erfahren.<\/p>\n\n\n\n<p>Und schlie\u00dflich noch mehr gute Nachrichten. Wir haben unsere eigene interne Zollabwicklung eingerichtet, die Logistik weiter rationalisiert und, da das Volumen gestiegen ist, bessere Angebote f\u00fcr Lieferungen, Verpackungsmaterial, Versand usw. erhalten.<\/p>\n\n\n\n<p>Der bedeutendste Fortschritt besteht jedoch darin, dass wir durch die direkte Beschaffung des Rohmaterials von den Landwirten nun die beste Jute zu einem insgesamt niedrigeren Preis erhalten und auf zwei Zwischenh\u00e4ndler mit den damit verbundenen zus\u00e4tzlichen Kosten, Verf\u00fcgbarkeits- und Zuverl\u00e4ssigkeitsproblemen verzichten k\u00f6nnen.<\/p>\n\n\n\n<p style=\"margin-bottom:var(--wp--preset--spacing--10)\">Wie versprochen k\u00f6nnen wir diese Einsparungen nun an Sie weitergeben und unseren Produktpreis auf das angestrebte Ziel senken. Leider sehen wir im Moment keine anderen bedeutenden Bereiche f\u00fcr weitere Effizienzsteigerungen. Wir hoffen, dass wir eine gute Saison haben, damit die Kosten nicht steigen, und dass es nicht wieder eine globale Schifffahrts-, Pandemie- oder andere Krise gibt.<\/p>\n\n\n\n<p><\/p>","protected":false},"excerpt":{"rendered":"<p>Report June 2025 We\u2019ll be at production again this month, visiting jute farms with our procurement manager on another fact-finding mission. So, here\u2019s some background information regarding the raw material that goes into making jute rope. The unique conditions of Bengal provide 97.2% of the world\u2019s jute that grows long and strong enough for cordage. [&hellip;]<\/p>\n","protected":false},"author":1,"featured_media":0,"parent":0,"menu_order":0,"comment_status":"closed","ping_status":"closed","template":"","meta":{"nf_dc_page":"","advanced_seo_description":"Report on farming environmentally friendly high-quality Tossa jute for KOUMANAWA JBO-free jute yarn used in Shibari, Kinbaku, Japanese Bondage Asanawa rope","jetpack_seo_html_title":"Environmentally friendly, sustainable jute farming","jetpack_seo_noindex":false,"footnotes":""},"class_list":["post-2190","page","type-page","status-publish","hentry"],"jetpack_sharing_enabled":true,"_links":{"self":[{"href":"http:\/\/koumanawa.com\/de\/wp-json\/wp\/v2\/pages\/2190","targetHints":{"allow":["GET"]}}],"collection":[{"href":"http:\/\/koumanawa.com\/de\/wp-json\/wp\/v2\/pages"}],"about":[{"href":"http:\/\/koumanawa.com\/de\/wp-json\/wp\/v2\/types\/page"}],"author":[{"embeddable":true,"href":"http:\/\/koumanawa.com\/de\/wp-json\/wp\/v2\/users\/1"}],"replies":[{"embeddable":true,"href":"http:\/\/koumanawa.com\/de\/wp-json\/wp\/v2\/comments?post=2190"}],"version-history":[{"count":0,"href":"http:\/\/koumanawa.com\/de\/wp-json\/wp\/v2\/pages\/2190\/revisions"}],"wp:attachment":[{"href":"http:\/\/koumanawa.com\/de\/wp-json\/wp\/v2\/media?parent=2190"}],"curies":[{"name":"wp","href":"https:\/\/api.w.org\/{rel}","templated":true}]}}