{"id":2355,"date":"2025-08-26T12:08:33","date_gmt":"2025-08-26T11:08:33","guid":{"rendered":"https:\/\/koumanawa.com\/?page_id=2355"},"modified":"2025-08-29T13:10:04","modified_gmt":"2025-08-29T12:10:04","slug":"bericht-september-2025","status":"publish","type":"page","link":"http:\/\/koumanawa.com\/de\/report-september-2025\/","title":{"rendered":"Bericht September 2025"},"content":{"rendered":"<p><\/p>\n\n\n\n<p>Der KOUMANAWA Bericht - September 2025<\/p>\n\n\n\n<p>In diesem Monat m\u00f6chten wir Ihnen einige fachkundige Ratschl\u00e4ge f\u00fcr die Kontrolle von rohem, unverarbeitetem Seil geben.<\/p>\n\n\n\n<p>Wenn Sie das Paket \u00f6ffnen und bevor Sie die Umreifung durchschneiden, riechen Sie lange daran. Es sollte einen leicht grasigen Geruch haben. Wenn es nach Petroleum oder Kerosin riecht, wurde es mit wei\u00dfem Petroleum-Jute-Batching-\u00d6l (JBO) gemischt. Verstr\u00f6mt sie einen Gummigeruch, wurden die Garne mit einem Latex beschichtet, der h\u00e4ufig in Teppichb\u00f6den verwendet wird, um ein Verrutschen zu verhindern.<\/p>\n\n\n\n<p>Als n\u00e4chstes erfolgt eine genaue Sichtpr\u00fcfung. Pr\u00fcfen Sie sorgf\u00e4ltig auf Verunreinigungen. Die meisten befinden sich im Garn, noch bevor die Litzen und das Seil gedreht werden. H\u00e4ufig sind Teile der Pflanze - Wurzel, Kutikula, Rinde usw. - noch in der Faser vorhanden, die durch eine schlechte Qualit\u00e4tskontrolle beim H\u00e4ckseln entstanden sind. Es ist zwar sehr schwierig, alle kleinen Partikel zu entfernen, aber das Produkt sollte weitgehend sauber sein.<\/p>\n\n\n\n<figure class=\"wp-block-image aligncenter size-full is-resized\"><img data-recalc-dims=\"1\" decoding=\"async\" width=\"600\" height=\"600\" loading=\"lazy\" src=\"https:\/\/i0.wp.com\/koumanawa.com\/wp-content\/uploads\/2025\/08\/Low-Grade-Yarn-Impurities.jpeg?resize=600%2C600&#038;ssl=1\" alt=\"\" class=\"wp-image-2360\" style=\"object-fit:cover;width:300px;height:300px\" srcset=\"https:\/\/i0.wp.com\/koumanawa.com\/wp-content\/uploads\/2025\/08\/Low-Grade-Yarn-Impurities.jpeg?w=600&amp;ssl=1 600w, https:\/\/i0.wp.com\/koumanawa.com\/wp-content\/uploads\/2025\/08\/Low-Grade-Yarn-Impurities.jpeg?resize=300%2C300&amp;ssl=1 300w, https:\/\/i0.wp.com\/koumanawa.com\/wp-content\/uploads\/2025\/08\/Low-Grade-Yarn-Impurities.jpeg?resize=150%2C150&amp;ssl=1 150w, https:\/\/i0.wp.com\/koumanawa.com\/wp-content\/uploads\/2025\/08\/Low-Grade-Yarn-Impurities.jpeg?resize=12%2C12&amp;ssl=1 12w, https:\/\/i0.wp.com\/koumanawa.com\/wp-content\/uploads\/2025\/08\/Low-Grade-Yarn-Impurities.jpeg?resize=200%2C200&amp;ssl=1 200w, https:\/\/i0.wp.com\/koumanawa.com\/wp-content\/uploads\/2025\/08\/Low-Grade-Yarn-Impurities.jpeg?resize=100%2C100&amp;ssl=1 100w\" sizes=\"auto, (max-width: 600px) 100vw, 600px\" \/><figcaption class=\"wp-element-caption\">Verunreinigungen in minderwertigem Garn<\/figcaption><\/figure>\n\n\n\n<p>Achten Sie auf die Farbe. Hochwertige rohe Tossa-Jutefasern sollten hellgold\/blond sein. Mit abnehmender Qualit\u00e4t \u00e4ndert sich die Farbe in ein dunkleres Gold, dann r\u00f6tlich, dunkleres Braun und schlie\u00dflich Grau - ein Hinweis auf billige Meshta-Fasern aus der Roselle (Hibiscus sabdariffa).<\/p>\n\n\n\n<p>F\u00fchlen Sie das Seil, indem Sie es \u00fcber eine empfindliche Stelle (z. B. das Handgelenk) f\u00fchren. Wenn es sich stachelig anf\u00fchlt wie Fiberglas, wurde es mit Meshta geschnitten. Wenn Sie Splitter bekommen, stammen diese in der Regel von der Kutikula, dem Hunka (Kambium), der Rinde oder Abf\u00e4llen in der Faser.<\/p>\n\n\n\n<p>Pr\u00fcfen Sie auf Ungleichgewichte. Dies ist der Fall, wenn die Litzen nicht gleichm\u00e4\u00dfig verteilt sind, was bei der Verwendung zu einer Wanderung der Last in Richtung der Seilenden f\u00fchrt.<\/p>\n\n\n\n<figure class=\"wp-block-image aligncenter size-full is-resized\"><img data-recalc-dims=\"1\" decoding=\"async\" width=\"600\" height=\"600\" loading=\"lazy\" src=\"https:\/\/i0.wp.com\/koumanawa.com\/wp-content\/uploads\/2025\/08\/Strand-Migration.jpeg?resize=600%2C600\" alt=\"\" class=\"wp-image-2362\" style=\"object-fit:cover;width:300px;height:300px\" srcset=\"https:\/\/i0.wp.com\/koumanawa.com\/wp-content\/uploads\/2025\/08\/Strand-Migration.jpeg?w=600&amp;ssl=1 600w, https:\/\/i0.wp.com\/koumanawa.com\/wp-content\/uploads\/2025\/08\/Strand-Migration.jpeg?resize=300%2C300&amp;ssl=1 300w, https:\/\/i0.wp.com\/koumanawa.com\/wp-content\/uploads\/2025\/08\/Strand-Migration.jpeg?resize=150%2C150&amp;ssl=1 150w, https:\/\/i0.wp.com\/koumanawa.com\/wp-content\/uploads\/2025\/08\/Strand-Migration.jpeg?resize=12%2C12&amp;ssl=1 12w, https:\/\/i0.wp.com\/koumanawa.com\/wp-content\/uploads\/2025\/08\/Strand-Migration.jpeg?resize=200%2C200&amp;ssl=1 200w, https:\/\/i0.wp.com\/koumanawa.com\/wp-content\/uploads\/2025\/08\/Strand-Migration.jpeg?resize=100%2C100&amp;ssl=1 100w\" sizes=\"auto, (max-width: 600px) 100vw, 600px\" \/><figcaption class=\"wp-element-caption\">Litzenwanderung nach Belastung<\/figcaption><\/figure>\n\n\n\n<p>\u00d6ffnen Sie die Str\u00e4nge, indem Sie sie im Abstand von etwa 5 cm greifen und drehen. Achten Sie auf die Schlagfestigkeit - wie stark die Str\u00e4nge zur\u00fcckfedern wollen. Achten Sie auf deutliche Anzeichen f\u00fcr ein Abheben der F\u00e4den. Kleine Unterschiede sind bei der Strangherstellung unvermeidlich, aber die Hebungen sollten nicht gr\u00f6\u00dfer sein als der Durchmesser des Garns.<\/p>\n\n\n\n<figure class=\"wp-block-image aligncenter size-full is-resized\"><img data-recalc-dims=\"1\" decoding=\"async\" width=\"600\" height=\"600\" loading=\"lazy\" src=\"https:\/\/i0.wp.com\/koumanawa.com\/wp-content\/uploads\/2025\/08\/Strand-Opening.jpg?resize=600%2C600\" alt=\"\" class=\"wp-image-2369\" style=\"object-fit:cover;width:300px;height:300px\" srcset=\"https:\/\/i0.wp.com\/koumanawa.com\/wp-content\/uploads\/2025\/08\/Strand-Opening.jpg?w=600&amp;ssl=1 600w, https:\/\/i0.wp.com\/koumanawa.com\/wp-content\/uploads\/2025\/08\/Strand-Opening.jpg?resize=300%2C300&amp;ssl=1 300w, https:\/\/i0.wp.com\/koumanawa.com\/wp-content\/uploads\/2025\/08\/Strand-Opening.jpg?resize=150%2C150&amp;ssl=1 150w, https:\/\/i0.wp.com\/koumanawa.com\/wp-content\/uploads\/2025\/08\/Strand-Opening.jpg?resize=12%2C12&amp;ssl=1 12w, https:\/\/i0.wp.com\/koumanawa.com\/wp-content\/uploads\/2025\/08\/Strand-Opening.jpg?resize=200%2C200&amp;ssl=1 200w, https:\/\/i0.wp.com\/koumanawa.com\/wp-content\/uploads\/2025\/08\/Strand-Opening.jpg?resize=100%2C100&amp;ssl=1 100w\" sizes=\"auto, (max-width: 600px) 100vw, 600px\" \/><figcaption class=\"wp-element-caption\">\u00d6ffnen des Geleges, um in das Innere der Str\u00e4nge zu schauen<\/figcaption><\/figure>\n\n\n\n<p>Pr\u00fcfen Sie sorgf\u00e4ltig auf Fadenschlingen, die durch eine schlechte Spannung bei der Litzenherstellung verursacht werden.<\/p>\n\n\n\n<figure class=\"wp-block-image aligncenter size-full is-resized\"><img data-recalc-dims=\"1\" decoding=\"async\" width=\"600\" height=\"600\" loading=\"lazy\" src=\"https:\/\/i0.wp.com\/koumanawa.com\/wp-content\/uploads\/2025\/08\/Yarn-Loop.jpeg?resize=600%2C600\" alt=\"\" class=\"wp-image-2363\" style=\"object-fit:cover;width:300px;height:300px\" srcset=\"https:\/\/i0.wp.com\/koumanawa.com\/wp-content\/uploads\/2025\/08\/Yarn-Loop.jpeg?w=600&amp;ssl=1 600w, https:\/\/i0.wp.com\/koumanawa.com\/wp-content\/uploads\/2025\/08\/Yarn-Loop.jpeg?resize=300%2C300&amp;ssl=1 300w, https:\/\/i0.wp.com\/koumanawa.com\/wp-content\/uploads\/2025\/08\/Yarn-Loop.jpeg?resize=150%2C150&amp;ssl=1 150w, https:\/\/i0.wp.com\/koumanawa.com\/wp-content\/uploads\/2025\/08\/Yarn-Loop.jpeg?resize=12%2C12&amp;ssl=1 12w, https:\/\/i0.wp.com\/koumanawa.com\/wp-content\/uploads\/2025\/08\/Yarn-Loop.jpeg?resize=200%2C200&amp;ssl=1 200w, https:\/\/i0.wp.com\/koumanawa.com\/wp-content\/uploads\/2025\/08\/Yarn-Loop.jpeg?resize=100%2C100&amp;ssl=1 100w\" sizes=\"auto, (max-width: 600px) 100vw, 600px\" \/><figcaption class=\"wp-element-caption\">Fadenschlaufe, die aus dem Seil herausragt<\/figcaption><\/figure>\n\n\n\n<p>Schneiden Sie ca. 5 cm (2\u201d) des Seils ab, trennen Sie die Litzen, und trennen Sie dann die F\u00e4den von den Litzen. Um das Gleichgewicht ohne R\u00fccksto\u00df zu halten, sollte jede Litze die gleiche Anzahl von F\u00e4den enthalten. Seile sollten aus einlagigem Garn hergestellt werden. Mehrf\u00e4dige Garne sind ein Hinweis darauf, dass der Lieferant \u00fcbersch\u00fcssige Schnur oder Zwirn verwendet hat.<\/p>\n\n\n\n<figure class=\"wp-block-image aligncenter size-full is-resized\"><img data-recalc-dims=\"1\" decoding=\"async\" width=\"600\" height=\"600\" loading=\"lazy\" src=\"https:\/\/i0.wp.com\/koumanawa.com\/wp-content\/uploads\/2025\/08\/Yarn-Count.jpg?resize=600%2C600\" alt=\"\" class=\"wp-image-2367\" style=\"object-fit:cover;width:300px;height:300px\" srcset=\"https:\/\/i0.wp.com\/koumanawa.com\/wp-content\/uploads\/2025\/08\/Yarn-Count.jpg?w=600&amp;ssl=1 600w, https:\/\/i0.wp.com\/koumanawa.com\/wp-content\/uploads\/2025\/08\/Yarn-Count.jpg?resize=300%2C300&amp;ssl=1 300w, https:\/\/i0.wp.com\/koumanawa.com\/wp-content\/uploads\/2025\/08\/Yarn-Count.jpg?resize=150%2C150&amp;ssl=1 150w, https:\/\/i0.wp.com\/koumanawa.com\/wp-content\/uploads\/2025\/08\/Yarn-Count.jpg?resize=12%2C12&amp;ssl=1 12w, https:\/\/i0.wp.com\/koumanawa.com\/wp-content\/uploads\/2025\/08\/Yarn-Count.jpg?resize=200%2C200&amp;ssl=1 200w, https:\/\/i0.wp.com\/koumanawa.com\/wp-content\/uploads\/2025\/08\/Yarn-Count.jpg?resize=100%2C100&amp;ssl=1 100w\" sizes=\"auto, (max-width: 600px) 100vw, 600px\" \/><figcaption class=\"wp-element-caption\">Einlagige Garne aus den 3 Str\u00e4ngen<\/figcaption><\/figure>\n\n\n\n<p>Ein Hinweis darauf, wie gut die Produktionsqualit\u00e4t kontrolliert wurde, ist das Auffinden und Analysieren von Fadenverbindungsknoten und Habijabi-Faserkn\u00e4ueln. F\u00fcr die Fadenverbindungsknoten sollten Weberknoten verwendet werden, da sie sich viel besser verdichten als Reffknoten, und sie sollten eng geschnitten sein. Habijabi-Faserkn\u00e4uel sind ein Anzeichen f\u00fcr eine schlechte Toleranz beim Schlingenziehen.<\/p>\n\n\n\n<figure class=\"wp-block-image aligncenter size-full is-resized\"><img data-recalc-dims=\"1\" decoding=\"async\" width=\"600\" height=\"600\" loading=\"lazy\" src=\"https:\/\/i0.wp.com\/koumanawa.com\/wp-content\/uploads\/2025\/08\/Yarn-Join-Knot.jpeg?resize=600%2C600\" alt=\"\" class=\"wp-image-2365\" style=\"object-fit:cover;width:300px;height:300px\" srcset=\"https:\/\/i0.wp.com\/koumanawa.com\/wp-content\/uploads\/2025\/08\/Yarn-Join-Knot.jpeg?w=600&amp;ssl=1 600w, https:\/\/i0.wp.com\/koumanawa.com\/wp-content\/uploads\/2025\/08\/Yarn-Join-Knot.jpeg?resize=300%2C300&amp;ssl=1 300w, https:\/\/i0.wp.com\/koumanawa.com\/wp-content\/uploads\/2025\/08\/Yarn-Join-Knot.jpeg?resize=150%2C150&amp;ssl=1 150w, https:\/\/i0.wp.com\/koumanawa.com\/wp-content\/uploads\/2025\/08\/Yarn-Join-Knot.jpeg?resize=12%2C12&amp;ssl=1 12w, https:\/\/i0.wp.com\/koumanawa.com\/wp-content\/uploads\/2025\/08\/Yarn-Join-Knot.jpeg?resize=200%2C200&amp;ssl=1 200w, https:\/\/i0.wp.com\/koumanawa.com\/wp-content\/uploads\/2025\/08\/Yarn-Join-Knot.jpeg?resize=100%2C100&amp;ssl=1 100w\" sizes=\"auto, (max-width: 600px) 100vw, 600px\" \/><figcaption class=\"wp-element-caption\">Schlecht abgeschnittener Fadenverbindungsknoten<\/figcaption><\/figure>\n\n\n\n<figure class=\"wp-block-image aligncenter size-full is-resized\"><img data-recalc-dims=\"1\" decoding=\"async\" width=\"600\" height=\"600\" loading=\"lazy\" src=\"https:\/\/i0.wp.com\/koumanawa.com\/wp-content\/uploads\/2025\/08\/Habijabi.jpeg?resize=600%2C600\" alt=\"\" class=\"wp-image-2359\" style=\"object-fit:cover;width:300px;height:300px\" srcset=\"https:\/\/i0.wp.com\/koumanawa.com\/wp-content\/uploads\/2025\/08\/Habijabi.jpeg?w=600&amp;ssl=1 600w, https:\/\/i0.wp.com\/koumanawa.com\/wp-content\/uploads\/2025\/08\/Habijabi.jpeg?resize=300%2C300&amp;ssl=1 300w, https:\/\/i0.wp.com\/koumanawa.com\/wp-content\/uploads\/2025\/08\/Habijabi.jpeg?resize=150%2C150&amp;ssl=1 150w, https:\/\/i0.wp.com\/koumanawa.com\/wp-content\/uploads\/2025\/08\/Habijabi.jpeg?resize=12%2C12&amp;ssl=1 12w, https:\/\/i0.wp.com\/koumanawa.com\/wp-content\/uploads\/2025\/08\/Habijabi.jpeg?resize=200%2C200&amp;ssl=1 200w, https:\/\/i0.wp.com\/koumanawa.com\/wp-content\/uploads\/2025\/08\/Habijabi.jpeg?resize=100%2C100&amp;ssl=1 100w\" sizes=\"auto, (max-width: 600px) 100vw, 600px\" \/><figcaption class=\"wp-element-caption\">Habijabi Faserkn\u00e4uel<\/figcaption><\/figure>\n\n\n\n<p>Pr\u00fcfen Sie auf Garnsch\u00e4den. Dies kann durch schlechtes Produktionsmanagement, insbesondere bei Verseilmaschinen, auftreten, wo Grate und scharfe Kanten das Garn einschneiden und schw\u00e4chen k\u00f6nnen, was beim Gegendrehen oder anschlie\u00dfenden Verdrehen in Seilherstellungsmaschinen zu Drehbelastungen f\u00fchrt, die dann das Garn\/die Garne, die im Seil verborgen sind, brechen k\u00f6nnen. Dies ist bei der Verwendung f\u00fcr Aufh\u00e4ngungen h\u00f6chst gef\u00e4hrlich, da Garnsch\u00e4den das Seil ernsthaft schw\u00e4chen.<\/p>\n\n\n\n<figure class=\"wp-block-image aligncenter size-full is-resized\"><img data-recalc-dims=\"1\" decoding=\"async\" width=\"600\" height=\"600\" loading=\"lazy\" src=\"https:\/\/i0.wp.com\/koumanawa.com\/wp-content\/uploads\/2025\/08\/Yarn-Damage.jpeg?resize=600%2C600\" alt=\"\" class=\"wp-image-2361\" style=\"object-fit:cover;width:300px;height:300px\" srcset=\"https:\/\/i0.wp.com\/koumanawa.com\/wp-content\/uploads\/2025\/08\/Yarn-Damage.jpeg?w=600&amp;ssl=1 600w, https:\/\/i0.wp.com\/koumanawa.com\/wp-content\/uploads\/2025\/08\/Yarn-Damage.jpeg?resize=300%2C300&amp;ssl=1 300w, https:\/\/i0.wp.com\/koumanawa.com\/wp-content\/uploads\/2025\/08\/Yarn-Damage.jpeg?resize=150%2C150&amp;ssl=1 150w, https:\/\/i0.wp.com\/koumanawa.com\/wp-content\/uploads\/2025\/08\/Yarn-Damage.jpeg?resize=12%2C12&amp;ssl=1 12w, https:\/\/i0.wp.com\/koumanawa.com\/wp-content\/uploads\/2025\/08\/Yarn-Damage.jpeg?resize=200%2C200&amp;ssl=1 200w, https:\/\/i0.wp.com\/koumanawa.com\/wp-content\/uploads\/2025\/08\/Yarn-Damage.jpeg?resize=100%2C100&amp;ssl=1 100w\" sizes=\"auto, (max-width: 600px) 100vw, 600px\" \/><figcaption class=\"wp-element-caption\">Besch\u00e4digung des Garns<\/figcaption><\/figure>\n\n\n\n<p>Achten Sie auf die Art der Verunreinigungen. Kleine Flecken aus dunklem Material sind normal und lassen sich beim H\u00e4ckseln nur sehr schwer entfernen. Lange Ausl\u00e4ufer von dunklerem Wurzelstock haben die St\u00e4rke von Papier. Schnitte aus der h\u00e4rteren Pflanzenrinde, Hunka-Material aus dem Kambium und Abf\u00e4lle k\u00f6nnen Kratzer verursachen oder die Haut durchstechen.<\/p>\n\n\n\n<figure class=\"wp-block-image aligncenter size-full is-resized\"><img data-recalc-dims=\"1\" decoding=\"async\" width=\"600\" height=\"600\" loading=\"lazy\" src=\"https:\/\/i0.wp.com\/koumanawa.com\/wp-content\/uploads\/2025\/08\/Root.jpeg?resize=600%2C600\" alt=\"\" class=\"wp-image-2358\" style=\"object-fit:cover;width:300px;height:300px\" srcset=\"https:\/\/i0.wp.com\/koumanawa.com\/wp-content\/uploads\/2025\/08\/Root.jpeg?w=600&amp;ssl=1 600w, https:\/\/i0.wp.com\/koumanawa.com\/wp-content\/uploads\/2025\/08\/Root.jpeg?resize=300%2C300&amp;ssl=1 300w, https:\/\/i0.wp.com\/koumanawa.com\/wp-content\/uploads\/2025\/08\/Root.jpeg?resize=150%2C150&amp;ssl=1 150w, https:\/\/i0.wp.com\/koumanawa.com\/wp-content\/uploads\/2025\/08\/Root.jpeg?resize=12%2C12&amp;ssl=1 12w, https:\/\/i0.wp.com\/koumanawa.com\/wp-content\/uploads\/2025\/08\/Root.jpeg?resize=200%2C200&amp;ssl=1 200w, https:\/\/i0.wp.com\/koumanawa.com\/wp-content\/uploads\/2025\/08\/Root.jpeg?resize=100%2C100&amp;ssl=1 100w\" sizes=\"auto, (max-width: 600px) 100vw, 600px\" \/><figcaption class=\"wp-element-caption\">Wurzelmaterial<\/figcaption><\/figure>\n\n\n\n<figure class=\"wp-block-image aligncenter size-full is-resized\"><img data-recalc-dims=\"1\" decoding=\"async\" width=\"600\" height=\"600\" loading=\"lazy\" src=\"https:\/\/i0.wp.com\/koumanawa.com\/wp-content\/uploads\/2025\/08\/Cutting.jpeg?resize=600%2C600\" alt=\"\" class=\"wp-image-2356\" style=\"object-fit:cover;width:300px;height:300px\" srcset=\"https:\/\/i0.wp.com\/koumanawa.com\/wp-content\/uploads\/2025\/08\/Cutting.jpeg?w=600&amp;ssl=1 600w, https:\/\/i0.wp.com\/koumanawa.com\/wp-content\/uploads\/2025\/08\/Cutting.jpeg?resize=300%2C300&amp;ssl=1 300w, https:\/\/i0.wp.com\/koumanawa.com\/wp-content\/uploads\/2025\/08\/Cutting.jpeg?resize=150%2C150&amp;ssl=1 150w, https:\/\/i0.wp.com\/koumanawa.com\/wp-content\/uploads\/2025\/08\/Cutting.jpeg?resize=12%2C12&amp;ssl=1 12w, https:\/\/i0.wp.com\/koumanawa.com\/wp-content\/uploads\/2025\/08\/Cutting.jpeg?resize=200%2C200&amp;ssl=1 200w, https:\/\/i0.wp.com\/koumanawa.com\/wp-content\/uploads\/2025\/08\/Cutting.jpeg?resize=100%2C100&amp;ssl=1 100w\" sizes=\"auto, (max-width: 600px) 100vw, 600px\" \/><figcaption class=\"wp-element-caption\">Schneiden (Rindenmaterial)<\/figcaption><\/figure>\n\n\n\n<figure class=\"wp-block-image aligncenter size-full is-resized\"><img data-recalc-dims=\"1\" decoding=\"async\" width=\"600\" height=\"600\" loading=\"lazy\" src=\"https:\/\/i0.wp.com\/koumanawa.com\/wp-content\/uploads\/2025\/08\/Hunka-Fibre.jpeg?resize=600%2C600\" alt=\"\" class=\"wp-image-2366\" style=\"object-fit:cover;width:300px;height:300px\" srcset=\"https:\/\/i0.wp.com\/koumanawa.com\/wp-content\/uploads\/2025\/08\/Hunka-Fibre.jpeg?w=600&amp;ssl=1 600w, https:\/\/i0.wp.com\/koumanawa.com\/wp-content\/uploads\/2025\/08\/Hunka-Fibre.jpeg?resize=300%2C300&amp;ssl=1 300w, https:\/\/i0.wp.com\/koumanawa.com\/wp-content\/uploads\/2025\/08\/Hunka-Fibre.jpeg?resize=150%2C150&amp;ssl=1 150w, https:\/\/i0.wp.com\/koumanawa.com\/wp-content\/uploads\/2025\/08\/Hunka-Fibre.jpeg?resize=12%2C12&amp;ssl=1 12w, https:\/\/i0.wp.com\/koumanawa.com\/wp-content\/uploads\/2025\/08\/Hunka-Fibre.jpeg?resize=200%2C200&amp;ssl=1 200w, https:\/\/i0.wp.com\/koumanawa.com\/wp-content\/uploads\/2025\/08\/Hunka-Fibre.jpeg?resize=100%2C100&amp;ssl=1 100w\" sizes=\"auto, (max-width: 600px) 100vw, 600px\" \/><figcaption class=\"wp-element-caption\">Hunka-Material<\/figcaption><\/figure>\n\n\n\n<figure class=\"wp-block-image aligncenter size-full is-resized\"><img data-recalc-dims=\"1\" decoding=\"async\" width=\"600\" height=\"600\" loading=\"lazy\" src=\"https:\/\/i0.wp.com\/koumanawa.com\/wp-content\/uploads\/2025\/08\/Waste.jpeg?resize=600%2C600\" alt=\"\" class=\"wp-image-2357\" style=\"object-fit:cover;width:300px;height:300px\" srcset=\"https:\/\/i0.wp.com\/koumanawa.com\/wp-content\/uploads\/2025\/08\/Waste.jpeg?w=600&amp;ssl=1 600w, https:\/\/i0.wp.com\/koumanawa.com\/wp-content\/uploads\/2025\/08\/Waste.jpeg?resize=300%2C300&amp;ssl=1 300w, https:\/\/i0.wp.com\/koumanawa.com\/wp-content\/uploads\/2025\/08\/Waste.jpeg?resize=150%2C150&amp;ssl=1 150w, https:\/\/i0.wp.com\/koumanawa.com\/wp-content\/uploads\/2025\/08\/Waste.jpeg?resize=12%2C12&amp;ssl=1 12w, https:\/\/i0.wp.com\/koumanawa.com\/wp-content\/uploads\/2025\/08\/Waste.jpeg?resize=200%2C200&amp;ssl=1 200w, https:\/\/i0.wp.com\/koumanawa.com\/wp-content\/uploads\/2025\/08\/Waste.jpeg?resize=100%2C100&amp;ssl=1 100w\" sizes=\"auto, (max-width: 600px) 100vw, 600px\" \/><figcaption class=\"wp-element-caption\">Metallklammerabf\u00e4lle<\/figcaption><\/figure>\n\n\n\n<p>Lose gelegte schwere Bindegarne\u2018, die f\u00fcr landwirtschaftliche Anwendungen bestimmt sind, k\u00f6nnen bei unsachgem\u00e4\u00dfer Handhabung leicht besch\u00e4digt werden.<\/p>\n\n\n\n<figure class=\"wp-block-image aligncenter size-full is-resized\"><img data-recalc-dims=\"1\" decoding=\"async\" width=\"600\" height=\"600\" loading=\"lazy\" src=\"https:\/\/i0.wp.com\/koumanawa.com\/wp-content\/uploads\/2025\/08\/Handling-Damage.jpg?resize=600%2C600\" alt=\"\" class=\"wp-image-2368\" style=\"object-fit:cover;width:300px;height:300px\" srcset=\"https:\/\/i0.wp.com\/koumanawa.com\/wp-content\/uploads\/2025\/08\/Handling-Damage.jpg?w=600&amp;ssl=1 600w, https:\/\/i0.wp.com\/koumanawa.com\/wp-content\/uploads\/2025\/08\/Handling-Damage.jpg?resize=300%2C300&amp;ssl=1 300w, https:\/\/i0.wp.com\/koumanawa.com\/wp-content\/uploads\/2025\/08\/Handling-Damage.jpg?resize=150%2C150&amp;ssl=1 150w, https:\/\/i0.wp.com\/koumanawa.com\/wp-content\/uploads\/2025\/08\/Handling-Damage.jpg?resize=12%2C12&amp;ssl=1 12w, https:\/\/i0.wp.com\/koumanawa.com\/wp-content\/uploads\/2025\/08\/Handling-Damage.jpg?resize=200%2C200&amp;ssl=1 200w, https:\/\/i0.wp.com\/koumanawa.com\/wp-content\/uploads\/2025\/08\/Handling-Damage.jpg?resize=100%2C100&amp;ssl=1 100w\" sizes=\"auto, (max-width: 600px) 100vw, 600px\" \/><figcaption class=\"wp-element-caption\">Sch\u00e4den durch versehentliche Handhabung<\/figcaption><\/figure>\n\n\n\n<figure class=\"wp-block-image aligncenter size-full is-resized\"><img data-recalc-dims=\"1\" decoding=\"async\" width=\"600\" height=\"600\" loading=\"lazy\" src=\"https:\/\/i0.wp.com\/koumanawa.com\/wp-content\/uploads\/2025\/08\/High-Stranding.jpeg?resize=600%2C600\" alt=\"\" class=\"wp-image-2364\" style=\"object-fit:cover;width:300px;height:300px\" srcset=\"https:\/\/i0.wp.com\/koumanawa.com\/wp-content\/uploads\/2025\/08\/High-Stranding.jpeg?w=600&amp;ssl=1 600w, https:\/\/i0.wp.com\/koumanawa.com\/wp-content\/uploads\/2025\/08\/High-Stranding.jpeg?resize=300%2C300&amp;ssl=1 300w, https:\/\/i0.wp.com\/koumanawa.com\/wp-content\/uploads\/2025\/08\/High-Stranding.jpeg?resize=150%2C150&amp;ssl=1 150w, https:\/\/i0.wp.com\/koumanawa.com\/wp-content\/uploads\/2025\/08\/High-Stranding.jpeg?resize=12%2C12&amp;ssl=1 12w, https:\/\/i0.wp.com\/koumanawa.com\/wp-content\/uploads\/2025\/08\/High-Stranding.jpeg?resize=200%2C200&amp;ssl=1 200w, https:\/\/i0.wp.com\/koumanawa.com\/wp-content\/uploads\/2025\/08\/High-Stranding.jpeg?resize=100%2C100&amp;ssl=1 100w\" sizes=\"auto, (max-width: 600px) 100vw, 600px\" \/><figcaption class=\"wp-element-caption\">Hohe Verseilung aufgrund von Handhabungssch\u00e4den<\/figcaption><\/figure>\n\n\n\n<p>Es ist zwar m\u00f6glich, versehentliche Besch\u00e4digungen bei der Handhabung sorgf\u00e4ltig zu behandeln, aber damit beginnt in der Regel die Wanderung, die zu einer hohen Strandung f\u00fchrt.<\/p>\n\n\n\n<p>Beachten Sie, dass nat\u00fcrliche Rohjuteprodukte noch haarig sind und einen gewissen Faserverlust aufweisen. Je sauberer die Fasern sind, desto leichter lassen sie sich konditionieren, was zu wirklich wunderbaren Ergebnissen f\u00fchrt. Unsere Pflegehinweise finden Sie hier: <a href=\"https:\/\/koumanawa.com\/de\/konditionierung\/\" target=\"_blank\" rel=\"noreferrer noopener\">https:\/\/koumanawa.com\/en\/conditioning\/<\/a><\/p>\n\n\n\n<p><\/p>","protected":false},"excerpt":{"rendered":"<p>The KOUMANAWA Report &#8211; September 2025 This month we want to give some expert advice on how to inspect raw, unprocessed rope. When you open the package, and before cutting any strapping, have a long lingering smell. It should have a faintly grassy scent. If it smells of petroleum or kerosene it\u2019s been batched with [&hellip;]<\/p>\n","protected":false},"author":1,"featured_media":0,"parent":0,"menu_order":0,"comment_status":"closed","ping_status":"closed","template":"","meta":{"nf_dc_page":"","advanced_seo_description":"","jetpack_seo_html_title":"","jetpack_seo_noindex":false,"footnotes":""},"class_list":["post-2355","page","type-page","status-publish","hentry"],"jetpack_sharing_enabled":true,"_links":{"self":[{"href":"http:\/\/koumanawa.com\/de\/wp-json\/wp\/v2\/pages\/2355","targetHints":{"allow":["GET"]}}],"collection":[{"href":"http:\/\/koumanawa.com\/de\/wp-json\/wp\/v2\/pages"}],"about":[{"href":"http:\/\/koumanawa.com\/de\/wp-json\/wp\/v2\/types\/page"}],"author":[{"embeddable":true,"href":"http:\/\/koumanawa.com\/de\/wp-json\/wp\/v2\/users\/1"}],"replies":[{"embeddable":true,"href":"http:\/\/koumanawa.com\/de\/wp-json\/wp\/v2\/comments?post=2355"}],"version-history":[{"count":0,"href":"http:\/\/koumanawa.com\/de\/wp-json\/wp\/v2\/pages\/2355\/revisions"}],"wp:attachment":[{"href":"http:\/\/koumanawa.com\/de\/wp-json\/wp\/v2\/media?parent=2355"}],"curies":[{"name":"wp","href":"https:\/\/api.w.org\/{rel}","templated":true}]}}