{"id":3354,"date":"2026-03-29T14:33:19","date_gmt":"2026-03-29T13:33:19","guid":{"rendered":"https:\/\/koumanawa.com\/?page_id=3354"},"modified":"2026-03-29T14:38:55","modified_gmt":"2026-03-29T13:38:55","slug":"bericht-april-2026","status":"publish","type":"page","link":"http:\/\/koumanawa.com\/de\/report-april-2026\/","title":{"rendered":"Bericht April 2026"},"content":{"rendered":"<p><\/p>\n\n\n\n<p>Bericht April 2026<\/p>\n\n\n\n<p>Die Qualit\u00e4t des Rohmaterials ist die erste Determinante f\u00fcr die endg\u00fcltige Garn- und Seilfestigkeit. Verunreinigungen und M\u00e4ngel stellen Schwachstellen dar. Auch die Dosierung hat einen Einfluss, wobei die Art und das Verh\u00e4ltnis zum Wasser entscheidend sind. Aus der Sicht einer Fabrik ist die billigste und geringste Menge an ben\u00f6tigtem \u00d6l immer eine wichtige \u00dcberlegung.<\/p>\n\n\n\n<p>Alle Dosier\u00f6le, einschlie\u00dflich mineralischer JBO, sind vom Preis abh\u00e4ngig, der durch globale Ereignisse beeinflusst wird. Pflanzen\u00f6l Bei der Verarbeitung von Jute k\u00f6nnen Alternativen zum teureren Soja\u00f6l verwendet werden, das deutlich nussig, grasig und leicht nach gr\u00fcnen Bohnen riecht. Jute, die mit \u00f6kologisch nicht nachhaltigem Palm\u00f6l gemischt wird, riecht s\u00fc\u00dfer; leicht nach Karotten. Reiskleie\u00f6l riecht nach rohen N\u00fcssen; Reisk\u00f6rnern. Rizinus\u00f6l erdig; leicht bei\u00dfend. Die Art des \u00d6ls und das Verh\u00e4ltnis, sogar \u00b10,5%, beeinflussen die Faserst\u00e4rke.<\/p>\n\n\n\n<p>Wir m\u00fcssen die regionale Mentalit\u00e4t in Verbindung mit der Erfahrung ber\u00fccksichtigen. Das Mantra der Unternehmen auf dem indischen Subkontinent lautet in der Regel: \u2018Sie bekommen genau das, was Sie spezifiziert haben\u2019, was, wie sich immer wieder herausstellt, ein \u00e4u\u00dferst riskantes Vertrauen ist. Jutefabriken stellen \u00fcberwiegend Garne f\u00fcr Anwendungen her, bei denen die Gesamtqualit\u00e4t, Verunreinigungen, Toleranzen, Faserverlust, Haarigkeit usw. von geringerer Bedeutung sind, was sich in der Einstellung zur Qualit\u00e4tskontrolle widerspiegelt.<\/p>\n\n\n\n<p>Es ist unerl\u00e4sslich, alles zu kontrollieren. Trotzdem passieren Fehler, und wir tun unser Bestes, um die Produktion zu schulen und die Qualit\u00e4t zu erhalten. Bei den meisten Fehlern handelt es sich um zeitliche Vers\u00e4umnisse, wenn Maschinenf\u00fchrer, die mehrere Produktionslinien bedienen, etwas \u00fcbersehen, z. B. wenn sie die Zufuhrgarne oder Litzen nicht richtig gespannt haben. Um die Qualit\u00e4tskontrolle zu verbessern, m\u00fcssen mehr Bediener eingestellt werden, was die Kosten f\u00fcr Rohjute weiter in die H\u00f6he treibt. Man hat uns bereits mitgeteilt, dass die n\u00e4chste Produktion 10 bis 15% mehr kosten k\u00f6nnte, und wir m\u00fcssen dann unsere Preise erh\u00f6hen.<\/p>\n\n\n\n<p>Grobe Garne (&gt;14lb) werden f\u00fcr S\u00e4cke, Seile und Teppichr\u00fccken verwendet, obwohl wir h\u00f6ren, dass CB-Garne (CRT, CRM usw.) zunehmend schwer zu beschaffen sind, da die Teppichindustrie auf synthetische Materialien umsteigt. Garne mittlerer St\u00e4rke (10-14lb) werden f\u00fcr lose gewebte Produkte (Jute, Wandverkleidungen, Polsterbez\u00fcge) verwendet. Feine Garne (&lt;10lb) werden in Bekleidung und Modeaccessoires verwendet, wo die Garne eng gewebt und manchmal gebleicht werden.<\/p>\n\n\n\n<p>Das Bleichen macht die Jute viel weicher, verringert aber die Zugfestigkeit erheblich, da Lignin und Hemizellulose aus der Faser entfernt werden. Dies kann dazu f\u00fchren, dass man mit der St\u00e4rke eines \u00f84mm-Seils kn\u00fcpft, wenn man \u00f86mm verwendet. Mit gebleichtem Garn hergestelltes Seil ist leicht zu erkennen, da es sich untergewichtig anf\u00fchlt, sehr weich ist und eine unnat\u00fcrlich helle Farbe hat.<\/p>\n\n\n\n<p>Alle Garne werden einf\u00e4dig gesponnen und k\u00f6nnen sp\u00e4ter mehrf\u00e4dig gegeneinander gezwirnt werden. Dies f\u00fchrt zu einer anderen Dynamik, wie der vierten, unn\u00f6tigen Drehung. Theoretisch sollte mehrlagiges Garn genauso stark sein wie einlagiges. Allerdings beeintr\u00e4chtigen Ungenauigkeiten bei der Anzahl der F\u00e4den immer die Ergebnisse. Die Beibehaltung des Querschnittsdurchmessers beim Spinnen feinerer Garne ist eine Herausforderung, die durch die Vernachl\u00e4ssigung der Qualit\u00e4tskontrolle noch verschlimmert wird. Die Kammzugintoleranz vergr\u00f6\u00dfert sich, wenn das Garn zu Litzen gedreht und zu Seilen gegengedreht wird.<\/p>\n\n\n\n<p>Gro\u00dfe Fabriken produzieren bis zu 150 Tonnen Garn pro Tag. Die Umstellung der Spezifikation ist eine Ausfallzeit, die viele Stunden dauert. Sie wollen im 3-Schicht-Betrieb rund um die Uhr arbeiten, so dass die Entwicklung eines Spezialgarns wie unserer KI-Sorte f\u00fcr Shibari-Asanawa erst m\u00f6glich war, als unsere Fabrik in Betrieb ging, und zwar in Mindestmengen von 10 000 kg. Wenn Sie etwas Spezielles in einer kleinen Menge w\u00fcnschen, wird es in der Regel aus vorhandenen Best\u00e4nden von Restgarnen stammen, die nicht f\u00fcr unsere Anwendung bestimmt sind, wie man an den verschiedenen Garnst\u00e4rken und Lagen sieht, die in Juteseilen zu finden sind, die im Laufe der Jahre zweifelhaft f\u00fcr Shibari vermarktet wurden.<\/p>\n\n\n\n<p>Wenn Sie ein Juteseil kaufen, ist es wichtig, dass Sie darauf h\u00f6ren. Testen Sie die Festigkeit, indem Sie das Seil mit Ihrem eigenen Gewicht belasten, bevor Sie es f\u00fcr andere verwenden. Wenn Sie knisternde Ger\u00e4usche h\u00f6ren, handelt es sich um Mikrorisse in der Faser, da die wichtige Hemicellulose-Filamentbindung z. B. durch Bleichen verloren gegangen ist. Jute hat eine extrem niedrige Bruchdehnung. Wenn Ihr Seil knistert und sich dehnt, ist es h\u00f6chst unratsam, das K\u00f6rpergewicht sicher zu tragen.<\/p>\n\n\n\n<p>Zum Schluss noch eine Nachricht aus Bangladesch. Im Jahr 2020 k\u00fcndigte die korrupte Regierung von Sheikh Hasina den Entzug der Unterst\u00fctzung und die Schlie\u00dfung von 26 staatlichen Jutefabriken an, was zu einer ernsten Instabilit\u00e4t auf dem Markt f\u00fchrte. Die Nachfrage liegt jetzt ~150% \u00fcber dem Angebot. Hasina wurde im August 2024 durch Studentenproteste gest\u00fcrzt und floh nach Indien, nachdem sie sch\u00e4tzungsweise $234 Milliarden gestohlen hatte. Am 6. M\u00e4rz rief Pr\u00e4sident Shahabuddin den Nationalen Jutetag aus, verzichtete auf die R\u00fcckzahlung von Darlehen und Zinsen an Landwirte und rief zu Innovationen in der Juteindustrie auf.<\/p>\n\n\n\n<p>Es wird ein Welleneffekt vorausgesagt, da das mangelnde Angebot an Rohjutefasern die Garnproduktion einschr\u00e4nkt, was wiederum die Verf\u00fcgbarkeit f\u00fcr Seilhersteller beeintr\u00e4chtigt und die Preise in die H\u00f6he treibt. Es besteht die Hoffnung, dass die Landwirte jetzt, da der Wert der Rohjute in den letzten zehn Jahren um ~225% gestiegen ist, die Aussichten erkennen und die Produktion wieder steigern werden. Hoffentlich mit Hilfe der Regierung.<\/p>\n\n\n\n<p><\/p>","protected":false},"excerpt":{"rendered":"<p>Report April 2026 Raw material quality is the first determinant of final yarn and rope strength. Impurities and defects present weak points. Batching also has an effect, the type and ratio to water critical. From a mill\u2019s perspective, the cheapest and minimum quantity of oil required is always a significant consideration. All batching oils, including [&hellip;]<\/p>\n","protected":false},"author":1,"featured_media":0,"parent":0,"menu_order":0,"comment_status":"closed","ping_status":"closed","template":"","meta":{"nf_dc_page":"","advanced_seo_description":"","jetpack_seo_html_title":"","jetpack_seo_noindex":false,"footnotes":""},"class_list":["post-3354","page","type-page","status-publish","hentry"],"jetpack_sharing_enabled":true,"_links":{"self":[{"href":"http:\/\/koumanawa.com\/de\/wp-json\/wp\/v2\/pages\/3354","targetHints":{"allow":["GET"]}}],"collection":[{"href":"http:\/\/koumanawa.com\/de\/wp-json\/wp\/v2\/pages"}],"about":[{"href":"http:\/\/koumanawa.com\/de\/wp-json\/wp\/v2\/types\/page"}],"author":[{"embeddable":true,"href":"http:\/\/koumanawa.com\/de\/wp-json\/wp\/v2\/users\/1"}],"replies":[{"embeddable":true,"href":"http:\/\/koumanawa.com\/de\/wp-json\/wp\/v2\/comments?post=3354"}],"version-history":[{"count":3,"href":"http:\/\/koumanawa.com\/de\/wp-json\/wp\/v2\/pages\/3354\/revisions"}],"predecessor-version":[{"id":3357,"href":"http:\/\/koumanawa.com\/de\/wp-json\/wp\/v2\/pages\/3354\/revisions\/3357"}],"wp:attachment":[{"href":"http:\/\/koumanawa.com\/de\/wp-json\/wp\/v2\/media?parent=3354"}],"curies":[{"name":"wp","href":"https:\/\/api.w.org\/{rel}","templated":true}]}}