{"id":660,"date":"2024-04-16T13:45:12","date_gmt":"2024-04-16T13:45:12","guid":{"rendered":"https:\/\/koumanawa.com\/?page_id=660"},"modified":"2024-12-01T13:06:10","modified_gmt":"2024-12-01T13:06:10","slug":"bedingungen","status":"publish","type":"page","link":"http:\/\/koumanawa.com\/de\/terms-conditions\/","title":{"rendered":"Bedingungen und Konditionen"},"content":{"rendered":"<p><\/p>\n\n\n\n<p class=\"has-contrast-color has-text-color has-link-color wp-elements-f94ca99b51503ccebae3be67d3c47064\" style=\"margin-top:var(--wp--preset--spacing--10);margin-right:var(--wp--preset--spacing--20);margin-bottom:var(--wp--preset--spacing--10);margin-left:var(--wp--preset--spacing--20)\"><strong>ALLGEMEINE GESCH\u00c4FTSBEDINGUNGEN<\/strong><\/p>\n\n\n\n<p class=\"has-contrast-color has-text-color has-link-color wp-elements-5f234fb27aaca0130cdf7962fac71fe3\" style=\"margin-top:var(--wp--preset--spacing--10);margin-right:var(--wp--preset--spacing--20);margin-bottom:var(--wp--preset--spacing--10);margin-left:var(--wp--preset--spacing--20)\">(Stand: 1. Juli 2024)<\/p>\n\n\n\n<p class=\"has-contrast-color has-text-color has-link-color wp-elements-03346fd87c6007b90057ce6057a643b2\" style=\"margin-top:var(--wp--preset--spacing--10);margin-right:var(--wp--preset--spacing--20);margin-bottom:var(--wp--preset--spacing--10);margin-left:var(--wp--preset--spacing--20)\"><strong>1. Geltungsbereich<\/strong><\/p>\n\n\n\n<p class=\"has-contrast-color has-text-color has-link-color wp-elements-1674bb0f35a20fd07c9c5890263e9210\" style=\"margin-top:var(--wp--preset--spacing--10);margin-right:var(--wp--preset--spacing--20);margin-bottom:var(--wp--preset--spacing--10);margin-left:var(--wp--preset--spacing--20)\">Diese Allgemeinen Gesch\u00e4ftsbedingungen gelten f\u00fcr alle Lieferungen der KOUMANAWA GmbH.<\/p>\n\n\n\n<p class=\"has-contrast-color has-text-color has-link-color wp-elements-9726027ba92c4de1049311aba5db4e5d\" style=\"margin-top:var(--wp--preset--spacing--10);margin-right:var(--wp--preset--spacing--20);margin-bottom:var(--wp--preset--spacing--10);margin-left:var(--wp--preset--spacing--20)\"><strong>2. Vertragspartner<\/strong><\/p>\n\n\n\n<p class=\"has-contrast-color has-text-color has-link-color wp-elements-5bb69746f6b088740662b6b0fea468c5\" style=\"margin-top:var(--wp--preset--spacing--10);margin-right:var(--wp--preset--spacing--20);margin-bottom:var(--wp--preset--spacing--10);margin-left:var(--wp--preset--spacing--20)\">Der Kaufvertrag kommt zustande mit KOUMANAWA GmbH, Gesch\u00e4ftsf\u00fchrer: Stephen Hastings, F\u00fcrstenrieder Str. 279A, 81377 M\u00fcnchen, Deutschland, Handelsregister: Amtsgericht M\u00fcnchen, HRB 290931.<\/p>\n\n\n\n<p class=\"has-contrast-color has-text-color has-link-color wp-elements-91c197bee68aa2cff9780450930f46b7\" style=\"margin-top:var(--wp--preset--spacing--10);margin-right:var(--wp--preset--spacing--20);margin-bottom:var(--wp--preset--spacing--10);margin-left:var(--wp--preset--spacing--20)\"><strong>3. Vertragsschluss<\/strong><\/p>\n\n\n\n<p class=\"has-contrast-color has-text-color has-link-color wp-elements-9941a74dd19ca67f702184d24e38afb0\" style=\"margin-top:var(--wp--preset--spacing--10);margin-right:var(--wp--preset--spacing--20);margin-bottom:var(--wp--preset--spacing--10);margin-left:var(--wp--preset--spacing--20)\">3.1 Die Pr\u00e4sentation der Produkte im Online-Shop stellt kein rechtlich bindendes Angebot, sondern lediglich eine Aufforderung zur Bestellung dar.<\/p>\n\n\n\n<p class=\"has-contrast-color has-text-color has-link-color wp-elements-80017e747a5207c470368acee5db9f9b\" style=\"margin-top:var(--wp--preset--spacing--10);margin-right:var(--wp--preset--spacing--20);margin-bottom:var(--wp--preset--spacing--10);margin-left:var(--wp--preset--spacing--20)\">3.2 Durch Anklicken des Buttons \"KAUFEN\" geben Sie eine verbindliche Bestellung der auf der Bestellseite gelisteten Waren ab. Ihr Kaufvertrag kommt zustande, wenn wir Ihre Bestellung durch eine Auftragsbest\u00e4tigung per E-Mail unmittelbar nach dem Erhalt Ihrer Bestellung annehmen.<\/p>\n\n\n\n<p class=\"has-contrast-color has-text-color has-link-color wp-elements-5d536061d4f61cb2f44ff1bf119fb958\" style=\"margin-top:var(--wp--preset--spacing--10);margin-right:var(--wp--preset--spacing--20);margin-bottom:var(--wp--preset--spacing--10);margin-left:var(--wp--preset--spacing--20)\"><strong>4. Widerrufsrecht<\/strong><\/p>\n\n\n\n<p class=\"has-contrast-color has-text-color has-link-color wp-elements-bcdbdd55c1e6530d7005ee3d2d33fbf0\" style=\"margin-top:var(--wp--preset--spacing--10);margin-right:var(--wp--preset--spacing--20);margin-bottom:var(--wp--preset--spacing--10);margin-left:var(--wp--preset--spacing--20)\">4.1 Als Kunde haben Sie ein Widerrufsrecht nach den gesetzlichen Bestimmungen.<\/p>\n\n\n\n<p class=\"has-contrast-color has-text-color has-link-color wp-elements-86c68811c02faaac1b3b9ac5914677af\" style=\"margin-top:var(--wp--preset--spacing--10);margin-right:var(--wp--preset--spacing--20);margin-bottom:var(--wp--preset--spacing--10);margin-left:var(--wp--preset--spacing--20)\">4.2 Machen Sie als Kunde von Ihrem Widerrufsrecht nach Ziffer 4.1 Gebrauch, haben Sie die regelm\u00e4\u00dfigen Kosten der R\u00fccksendung zu tragen.<\/p>\n\n\n\n<p class=\"has-contrast-color has-text-color has-link-color wp-elements-bd2f4c8828647c7088c2277dd06a930b\" style=\"margin-top:var(--wp--preset--spacing--10);margin-right:var(--wp--preset--spacing--20);margin-bottom:var(--wp--preset--spacing--10);margin-left:var(--wp--preset--spacing--20)\">4.3 Im \u00dcbrigen richtet sich das Widerrufsrecht nach den im Folgenden n\u00e4her ausgef\u00fchrten Bestimmungen<\/p>\n\n\n\n<p class=\"has-contrast-color has-text-color has-link-color wp-elements-b4b0caf489da1c97ed157b3774aa4a92\" style=\"margin-top:var(--wp--preset--spacing--10);margin-right:var(--wp--preset--spacing--20);margin-bottom:var(--wp--preset--spacing--10);margin-left:var(--wp--preset--spacing--20)\"><strong>Widerrufsbelehrung<\/strong><\/p>\n\n\n\n<p class=\"has-contrast-color has-text-color has-link-color wp-elements-912135db833459d79b5db8ddefb66b8f\" style=\"margin-top:var(--wp--preset--spacing--10);margin-right:var(--wp--preset--spacing--20);margin-bottom:var(--wp--preset--spacing--10);margin-left:var(--wp--preset--spacing--20)\"><strong>Widerrufsrecht<\/strong><\/p>\n\n\n\n<p class=\"has-contrast-color has-text-color has-link-color wp-elements-2185302d86809e976273f0f550c4f513\" style=\"margin-top:var(--wp--preset--spacing--10);margin-right:var(--wp--preset--spacing--20);margin-bottom:var(--wp--preset--spacing--10);margin-left:var(--wp--preset--spacing--20)\">Sie haben das Recht, binnen vierzehn Tagen ohne Angabe von Gr\u00fcnden diesen Vertrag zu widerrufen, sofern die Umreifung des Produkts nicht gem\u00e4\u00df Artikel 17 der Richtlinie 2019\/771\/EU durchtrennt oder entfernt wurde.<\/p>\n\n\n\n<p class=\"has-contrast-color has-text-color has-link-color wp-elements-b7c04af670fac5520d331b492fa9f344\" style=\"margin-top:var(--wp--preset--spacing--10);margin-right:var(--wp--preset--spacing--20);margin-bottom:var(--wp--preset--spacing--10);margin-left:var(--wp--preset--spacing--20)\">Die Widerrufsfrist betr\u00e4gt vierzehn Tage ab dem Tag, an dem Sie oder ein von Ihnen benannter Dritter, der nicht der Bef\u00f6rderer ist, die Waren in Besitz genommen haben bzw. hat.<\/p>\n\n\n\n<p class=\"has-contrast-color has-text-color has-link-color wp-elements-df4936dfd10d7fbcbcad14818fca0cf0\" style=\"margin-top:var(--wp--preset--spacing--10);margin-right:var(--wp--preset--spacing--20);margin-bottom:var(--wp--preset--spacing--10);margin-left:var(--wp--preset--spacing--20)\">Um Ihr Widerrufsrecht auszu\u00fcben, m\u00fcssen Sie KOUMANAWA GmbH, F\u00fcrstenrieder Str. 279A, 81377 M\u00fcnchen, Deutschland +49 (0)89 36 89 95 23 info@koumanawa.com mittels einer eindeutigen Erkl\u00e4rung (z.B. ein mit der Post versandter Brief oder eine E-Mail) \u00fcber Ihren Entschluss, diesen Vertrag zu widerrufen, informieren.<\/p>\n\n\n\n<p class=\"has-contrast-color has-text-color has-link-color wp-elements-cd7193cce94ffffd36640cfc51854d30\" style=\"margin-top:var(--wp--preset--spacing--10);margin-right:var(--wp--preset--spacing--20);margin-bottom:var(--wp--preset--spacing--10);margin-left:var(--wp--preset--spacing--20)\">Zur Wahrung der Widerrufsfrist reicht es aus, dass Sie die Mitteilung \u00fcber die Aus\u00fcbung des Widerrufsrechts vor Ablauf der Widerrufsfrist absenden.<\/p>\n\n\n\n<p class=\"has-contrast-color has-text-color has-link-color wp-elements-f691d5be8ba8b33b2cf48d7ec4cb1ae9\" style=\"margin-top:var(--wp--preset--spacing--10);margin-right:var(--wp--preset--spacing--20);margin-bottom:var(--wp--preset--spacing--10);margin-left:var(--wp--preset--spacing--20)\"><strong>Folgen des Widerrufs<\/strong><\/p>\n\n\n\n<p class=\"has-contrast-color has-text-color has-link-color wp-elements-a30b98966fc9b3ddeeb93697e1ce90bd\" style=\"margin-top:var(--wp--preset--spacing--10);margin-right:var(--wp--preset--spacing--20);margin-bottom:var(--wp--preset--spacing--10);margin-left:var(--wp--preset--spacing--20)\">Wenn Sie diesen Vertrag widerrufen, haben wir Ihnen alle Zahlungen, die wir von Ihnen erhalten haben, einschlie\u00dflich der Lieferkosten (mit Ausnahme der zus\u00e4tzlichen Kosten, die sich daraus ergeben, dass Sie eine andere Art der Lieferung als die von uns angebotene, g\u00fcnstigste Standardlieferung gew\u00e4hlt haben), unverz\u00fcglich und in jedem Fall sp\u00e4testens binnen vierzehn Tagen ab dem Tag zur\u00fcckzuzahlen, an dem die Mitteilung \u00fcber Ihren Widerruf dieses Vertrags bei uns eingegangen ist. F\u00fcr diese R\u00fcckzahlung verwenden wir dasselbe Zahlungsmittel, das Sie bei der urspr\u00fcnglichen Transaktion eingesetzt haben, es sei denn, mit Ihnen wurde ausdr\u00fccklich etwas anderes vereinbart; in keinem Fall werden Ihnen wegen dieser R\u00fcckzahlung Entgelte berechnet. Wir k\u00f6nnen die R\u00fcckzahlung verweigern, bis wir die Waren wieder zur\u00fcckerhalten haben oder bis Sie den Nachweis erbracht haben, dass Sie die Waren zur\u00fcckgesandt haben, je nachdem, welches der fr\u00fchere Zeitpunkt ist.<\/p>\n\n\n\n<p class=\"has-contrast-color has-text-color has-link-color wp-elements-71c0db14889a2d1853d5d79aaf103a4d\" style=\"margin-top:var(--wp--preset--spacing--10);margin-right:var(--wp--preset--spacing--20);margin-bottom:var(--wp--preset--spacing--10);margin-left:var(--wp--preset--spacing--20)\">Sie haben die Waren unverz\u00fcglich und in jedem Fall sp\u00e4testens binnen vierzehn Tagen ab dem Tag, an dem Sie uns \u00fcber den Widerruf dieses Vertrags unterrichten, an uns oder an (geben Sie bitte den Namen und die Anschrift des Bevollm\u00e4chtigten an, der die Waren in Empfang nehmen soll) zur\u00fcckzusenden oder zu \u00fcbergeben. Die Frist ist gewahrt, wenn Sie die Waren vor Ablauf der Frist von vierzehn Tagen absenden.<\/p>\n\n\n\n<p class=\"has-contrast-color has-text-color has-link-color wp-elements-704e182ee53e4440fcc5814e39ce565e\" style=\"margin-top:var(--wp--preset--spacing--10);margin-right:var(--wp--preset--spacing--20);margin-bottom:var(--wp--preset--spacing--10);margin-left:var(--wp--preset--spacing--20)\">Sie tragen die unmittelbaren Kosten der R\u00fccksendung der Waren.<\/p>\n\n\n\n<p class=\"has-contrast-color has-text-color has-link-color wp-elements-a7fa5eae22012f00799bdd6105b4e615\" style=\"margin-top:var(--wp--preset--spacing--10);margin-right:var(--wp--preset--spacing--20);margin-bottom:var(--wp--preset--spacing--10);margin-left:var(--wp--preset--spacing--20)\">Sie m\u00fcssen f\u00fcr einen etwaigen Wertverlust der Waren nur aufkommen, wenn dieser Wertverlust auf einen zur Pr\u00fcfung der Beschaffenheit, Eigenschaften und Funktionsweise der Waren nicht notwendigen Umgang mit ihnen zur\u00fcckzuf\u00fchren ist.<\/p>\n\n\n\n<p class=\"has-contrast-color has-text-color has-link-color wp-elements-a82ed56a19ed8c8bac05aa8aea99e7c2\" style=\"margin-top:var(--wp--preset--spacing--10);margin-right:var(--wp--preset--spacing--20);margin-bottom:var(--wp--preset--spacing--10);margin-left:var(--wp--preset--spacing--20)\"><strong>- Ende der Widerrufsbelehrung \u2013<\/strong><\/p>\n\n\n\n<p class=\"has-contrast-color has-text-color has-link-color wp-elements-45dadf97cbeb4aa4d1704b1734140b05\" style=\"margin-top:var(--wp--preset--spacing--10);margin-right:var(--wp--preset--spacing--20);margin-bottom:var(--wp--preset--spacing--10);margin-left:var(--wp--preset--spacing--20)\">4.4 KOUMANAWA GmbH informiert \u00fcber das Muster-Widerrufsformular gem\u00e4\u00df der gesetzlichen Regelung wie folgt:<\/p>\n\n\n\n<p class=\"has-contrast-color has-text-color has-link-color wp-elements-9b45dee74428a9f788b6bb8278d88412\" style=\"margin-top:var(--wp--preset--spacing--10);margin-right:var(--wp--preset--spacing--20);margin-bottom:var(--wp--preset--spacing--10);margin-left:var(--wp--preset--spacing--20)\">Muster-Widerrufsformular<\/p>\n\n\n\n<p class=\"has-contrast-color has-text-color has-link-color wp-elements-a1378690f916d155b49f817dd5981456\" style=\"margin-top:var(--wp--preset--spacing--10);margin-right:var(--wp--preset--spacing--20);margin-bottom:var(--wp--preset--spacing--10);margin-left:var(--wp--preset--spacing--20)\">(Wenn Sie den Vertrag widerrufen wollen, dann f\u00fcllen Sie bitte dieses Formular aus und senden Sie es an uns zur\u00fcck).<\/p>\n\n\n\n<p class=\"has-contrast-color has-text-color has-link-color wp-elements-da066dc5090af7d933f40d2dabe8fd65\" style=\"margin-top:var(--wp--preset--spacing--10);margin-right:var(--wp--preset--spacing--20);margin-bottom:var(--wp--preset--spacing--10);margin-left:var(--wp--preset--spacing--20)\">- An KOUMANAWA GmbH, F\u00fcrstenrieder Str. 279A, 81377 M\u00fcnchen, Deutschland:<\/p>\n\n\n\n<p class=\"has-contrast-color has-text-color has-link-color wp-elements-40574c2c04436713bc675908771e94f9\" style=\"margin-top:var(--wp--preset--spacing--10);margin-right:var(--wp--preset--spacing--20);margin-bottom:var(--wp--preset--spacing--10);margin-left:var(--wp--preset--spacing--20)\">-Hiermit widerrufe(n) ich\/wir (*) den von mir\/uns (*) abgeschlossenen Vertrag \u00fcber den Kauf der folgenden Waren (*)\/die Erbringung der folgenden Dienstleistung (*)<\/p>\n\n\n\n<p class=\"has-contrast-color has-text-color has-link-color wp-elements-c4aa22921610dff1bcf641ed6fe4ca20\" style=\"margin-top:var(--wp--preset--spacing--10);margin-right:var(--wp--preset--spacing--20);margin-bottom:var(--wp--preset--spacing--10);margin-left:var(--wp--preset--spacing--20)\">-Bestellt am (*)\/erhalten am (*)<\/p>\n\n\n\n<p class=\"has-contrast-color has-text-color has-link-color wp-elements-c99e42e502eec6f1e967a8a13f708116\" style=\"margin-top:var(--wp--preset--spacing--10);margin-right:var(--wp--preset--spacing--20);margin-bottom:var(--wp--preset--spacing--10);margin-left:var(--wp--preset--spacing--20)\">-Name des\/der Kunden<\/p>\n\n\n\n<p class=\"has-contrast-color has-text-color has-link-color wp-elements-dc0b2e0b30f243910bf7abc76de29209\" style=\"margin-top:var(--wp--preset--spacing--10);margin-right:var(--wp--preset--spacing--20);margin-bottom:var(--wp--preset--spacing--10);margin-left:var(--wp--preset--spacing--20)\">-Anschrift des\/der Kunden<\/p>\n\n\n\n<p class=\"has-contrast-color has-text-color has-link-color wp-elements-4b48d19aef1a822cd92c5aa3e33f8cf8\" style=\"margin-top:var(--wp--preset--spacing--10);margin-right:var(--wp--preset--spacing--20);margin-bottom:var(--wp--preset--spacing--10);margin-left:var(--wp--preset--spacing--20)\">-Unterschrift des\/der Kunden (nur bei Mitteilung auf Papier)<\/p>\n\n\n\n<p class=\"has-contrast-color has-text-color has-link-color wp-elements-9ba7726d14eb94aabc10cb76cefc9ddc\" style=\"margin-top:var(--wp--preset--spacing--10);margin-right:var(--wp--preset--spacing--20);margin-bottom:var(--wp--preset--spacing--10);margin-left:var(--wp--preset--spacing--20)\">-Datum __________<\/p>\n\n\n\n<p class=\"has-contrast-color has-text-color has-link-color wp-elements-e56e1e6472d379fe345cc744b1f2ee69\" style=\"margin-top:var(--wp--preset--spacing--10);margin-right:var(--wp--preset--spacing--20);margin-bottom:var(--wp--preset--spacing--10);margin-left:var(--wp--preset--spacing--20)\">(*) Unzutreffendes streichen<\/p>\n\n\n\n<p class=\"has-contrast-color has-text-color has-link-color wp-elements-ee6464434a3e11950a97bcdb18b97def\" style=\"margin-top:var(--wp--preset--spacing--10);margin-right:var(--wp--preset--spacing--20);margin-bottom:var(--wp--preset--spacing--10);margin-left:var(--wp--preset--spacing--20)\"><strong>5. Preise und Versandkosten<\/strong><\/p>\n\n\n\n<p class=\"has-contrast-color has-text-color has-link-color wp-elements-c26bfffb1fb30eb9a5401cf0cc5bbf3e\" style=\"margin-top:var(--wp--preset--spacing--10);margin-right:var(--wp--preset--spacing--20);margin-bottom:var(--wp--preset--spacing--10);margin-left:var(--wp--preset--spacing--20)\">5.1 Die auf den Produktseiten genannten Preise enthalten die gesetzliche Mehrwertsteuer und sonstige Preisbestandteile.<\/p>\n\n\n\n<p class=\"has-contrast-color has-text-color has-link-color wp-elements-eae2a3f82a40f2361257bf8fe88b8976\" style=\"margin-top:var(--wp--preset--spacing--10);margin-right:var(--wp--preset--spacing--20);margin-bottom:var(--wp--preset--spacing--10);margin-left:var(--wp--preset--spacing--20)\">5.2 Die Versandkosten werden Ihnen auf den Produktseiten, im Warenkorbsystem und auf der Bestellseite nochmals deutlich mitgeteilt.<\/p>\n\n\n\n<p class=\"has-contrast-color has-text-color has-link-color wp-elements-3f91825f0a9e2a1e1bd249e773aa156e\" style=\"margin-top:var(--wp--preset--spacing--10);margin-right:var(--wp--preset--spacing--20);margin-bottom:var(--wp--preset--spacing--10);margin-left:var(--wp--preset--spacing--20)\"><strong>6. Lieferung<\/strong><\/p>\n\n\n\n<p class=\"has-contrast-color has-text-color has-link-color wp-elements-0abfefa659c5f1555122dfa0d719d906\" style=\"margin-top:var(--wp--preset--spacing--10);margin-right:var(--wp--preset--spacing--20);margin-bottom:var(--wp--preset--spacing--10);margin-left:var(--wp--preset--spacing--20)\">6.1 Die Lieferungen werden weltweit von unserem Fulfillment-Service-Partner in den Niederlanden versandt.<\/p>\n\n\n\n<p class=\"has-contrast-color has-text-color has-link-color wp-elements-9907642aec4edfb4cdb03ebac3cb5ca0\" style=\"margin-top:var(--wp--preset--spacing--10);margin-right:var(--wp--preset--spacing--20);margin-bottom:var(--wp--preset--spacing--10);margin-left:var(--wp--preset--spacing--20)\">6.2 Die Lieferzeit betr\u00e4gt in der Regel 3-5 Tage innerhalb der Europ\u00e4ischen Union.<\/p>\n\n\n\n<p class=\"has-contrast-color has-text-color has-link-color wp-elements-f404d21c61498e7c26770a394ba8306e\" style=\"margin-top:var(--wp--preset--spacing--10);margin-right:var(--wp--preset--spacing--20);margin-bottom:var(--wp--preset--spacing--10);margin-left:var(--wp--preset--spacing--20)\"><strong>7. Zahlung<\/strong><\/p>\n\n\n\n<p class=\"has-contrast-color has-text-color has-link-color wp-elements-74ca5cbbcb81e24ef9b79ac747d7bcfe\" style=\"margin-top:var(--wp--preset--spacing--10);margin-right:var(--wp--preset--spacing--20);margin-bottom:var(--wp--preset--spacing--10);margin-left:var(--wp--preset--spacing--20)\">7.1 Die Zahlung erfolgt per Vorkasse.<\/p>\n\n\n\n<p class=\"has-contrast-color has-text-color has-link-color wp-elements-4318b81d6cf1306f109d0e74b69ebe97\" style=\"margin-top:var(--wp--preset--spacing--10);margin-right:var(--wp--preset--spacing--20);margin-bottom:var(--wp--preset--spacing--10);margin-left:var(--wp--preset--spacing--20)\">7.2 Nach Zahlungseingang erhalten Sie von uns eine Auftragsbest\u00e4tigung und die Lieferung der Ware.<\/p>\n\n\n\n<p class=\"has-contrast-color has-text-color has-link-color wp-elements-2eee56dfef5a6cd5d8b878e79b2afb6b\" style=\"margin-top:var(--wp--preset--spacing--10);margin-right:var(--wp--preset--spacing--20);margin-bottom:var(--wp--preset--spacing--10);margin-left:var(--wp--preset--spacing--20)\"><strong>8. Eigentumsvorbehalt<\/strong><\/p>\n\n\n\n<p class=\"has-contrast-color has-text-color has-link-color wp-elements-45ed92941a400e082e446888bceb84bf\" style=\"margin-top:var(--wp--preset--spacing--10);margin-right:var(--wp--preset--spacing--20);margin-bottom:var(--wp--preset--spacing--10);margin-left:var(--wp--preset--spacing--20)\">Bis zur vollst\u00e4ndigen Zahlung bleibt die Ware unser Eigentum.<\/p>\n\n\n\n<p class=\"has-contrast-color has-text-color has-link-color wp-elements-f5edc6a8d7c8d26e715dfed6da39e18d\" style=\"margin-top:var(--wp--preset--spacing--10);margin-right:var(--wp--preset--spacing--20);margin-bottom:var(--wp--preset--spacing--10);margin-left:var(--wp--preset--spacing--20)\"><strong>9. Sachm\u00e4gelgew\u00e4hrleistung<\/strong><\/p>\n\n\n\n<p class=\"has-contrast-color has-text-color has-link-color wp-elements-309cf962995006a1bc1b6aa5b8418438\" style=\"margin-top:var(--wp--preset--spacing--10);margin-right:var(--wp--preset--spacing--20);margin-bottom:var(--wp--preset--spacing--10);margin-left:var(--wp--preset--spacing--20)\">Die KOUMANAWA GmbH haftet f\u00fcr Sachm\u00e4ngel nach den gesetzlichen Vorschriften, insbesondere den \u00a7\u00a7 434 ff BGB.<\/p>\n\n\n\n<p class=\"has-contrast-color has-text-color has-link-color wp-elements-11b47d179a4d7aa7d7c8b991051696e5\" style=\"margin-top:var(--wp--preset--spacing--10);margin-right:var(--wp--preset--spacing--20);margin-bottom:var(--wp--preset--spacing--10);margin-left:var(--wp--preset--spacing--20)\"><strong>10. Begrenzung der Haftung<\/strong><\/p>\n\n\n\n<p class=\"has-contrast-color has-text-color has-link-color wp-elements-702a87c61101bf756cedb1800ba4ca3a\" style=\"margin-top:var(--wp--preset--spacing--10);margin-right:var(--wp--preset--spacing--20);margin-bottom:var(--wp--preset--spacing--10);margin-left:var(--wp--preset--spacing--20)\">KOUMANAWA GmbH \u00fcbernimmt keine Haftung f\u00fcr die Verwendung unserer Produkte nach \u00a7\u00a7 445a, 445b, 478 BGB Produkthaftungsgesetz<\/p>\n\n\n\n<p class=\"has-contrast-color has-text-color has-link-color wp-elements-77b2b2fb4e2996a207df059ead4a3016\" style=\"margin-top:var(--wp--preset--spacing--10);margin-right:var(--wp--preset--spacing--20);margin-bottom:var(--wp--preset--spacing--10);margin-left:var(--wp--preset--spacing--20)\"><strong>11. Streitbeilegung<\/strong><\/p>\n\n\n\n<p class=\"has-contrast-color has-text-color has-link-color wp-elements-f5e87b6577834a0d6a1979443d2d1d0b\" style=\"margin-top:var(--wp--preset--spacing--10);margin-right:var(--wp--preset--spacing--20);margin-bottom:var(--wp--preset--spacing--10);margin-left:var(--wp--preset--spacing--20)\">Die EU-Kommission hat eine Internetplattform f\u00fcr die Online-Streitbeilegung eingerichtet. Die Plattform dient als Anlaufstelle f\u00fcr die au\u00dfergerichtliche Beilegung von Streitigkeiten \u00fcber vertragliche Verpflichtungen, die sich aus Online-Kaufvertr\u00e4gen ergeben. Weitere Informationen finden Sie unter folgendem Link: http:\/\/ec.europa.eu\/consumers\/odr. Wir sind weder bereit noch verpflichtet, an einem Streitbeilegungsverfahren vor einer Verbraucherschlichtungsstelle teilzunehmen.<\/p>\n\n\n\n<p class=\"has-contrast-color has-text-color has-link-color wp-elements-e53a85222347bc667e184e1bdf951bf8\" style=\"margin-top:var(--wp--preset--spacing--10);margin-right:var(--wp--preset--spacing--20);margin-bottom:var(--wp--preset--spacing--10);margin-left:var(--wp--preset--spacing--20)\"><strong>12. Copyright &amp; Nachdruckgenehmigung<\/strong><\/p>\n\n\n\n<p class=\"has-contrast-color has-text-color has-link-color wp-elements-f33236d9138e37042449484a571e9934\" style=\"margin-top:var(--wp--preset--spacing--10);margin-right:var(--wp--preset--spacing--20);margin-bottom:var(--wp--preset--spacing--10);margin-left:var(--wp--preset--spacing--20)\">Die KOUMANAWA GmbH erteilt nicht das Recht, urheberrechtlich gesch\u00fctzte Fotos, Abbildungen oder Texte ohne Anfrage nachzudrucken.<\/p>\n\n\n\n<p class=\"has-contrast-color has-text-color has-link-color wp-elements-368f3df95d358ae3eb5554728bcc9b0f\" style=\"margin-top:var(--wp--preset--spacing--10);margin-right:var(--wp--preset--spacing--20);margin-bottom:var(--wp--preset--spacing--10);margin-left:var(--wp--preset--spacing--20)\">Quelle: IHK<\/p>","protected":false},"excerpt":{"rendered":"<p>GENERAL TERMS &amp; CONDITIONS (as of July 1, 2024) 1. Scope of application These General Terms and Conditions apply to all deliveries from KOUMANAWA GmbH. 2. Contracting party The purchase contract is concluded with KOUMANAWA GmbH, Managing Director: Stephen Hastings, F\u00fcrstenrieder Str. 279A, 81377 M\u00fcnchen, Germany, Commercial Register: Amtsgericht M\u00fcnchen, HRB 290931. 3. Conclusion of [&hellip;]<\/p>\n","protected":false},"author":1,"featured_media":0,"parent":0,"menu_order":0,"comment_status":"closed","ping_status":"closed","template":"","meta":{"nf_dc_page":"","advanced_seo_description":"KOUMANAWA GmbH Terms & Conditions","jetpack_seo_html_title":"Terms & Conditions","jetpack_seo_noindex":false,"footnotes":""},"class_list":["post-660","page","type-page","status-publish","hentry"],"jetpack_sharing_enabled":true,"_links":{"self":[{"href":"http:\/\/koumanawa.com\/de\/wp-json\/wp\/v2\/pages\/660","targetHints":{"allow":["GET"]}}],"collection":[{"href":"http:\/\/koumanawa.com\/de\/wp-json\/wp\/v2\/pages"}],"about":[{"href":"http:\/\/koumanawa.com\/de\/wp-json\/wp\/v2\/types\/page"}],"author":[{"embeddable":true,"href":"http:\/\/koumanawa.com\/de\/wp-json\/wp\/v2\/users\/1"}],"replies":[{"embeddable":true,"href":"http:\/\/koumanawa.com\/de\/wp-json\/wp\/v2\/comments?post=660"}],"version-history":[{"count":0,"href":"http:\/\/koumanawa.com\/de\/wp-json\/wp\/v2\/pages\/660\/revisions"}],"wp:attachment":[{"href":"http:\/\/koumanawa.com\/de\/wp-json\/wp\/v2\/media?parent=660"}],"curies":[{"name":"wp","href":"https:\/\/api.w.org\/{rel}","templated":true}]}}