{"id":1153,"date":"2024-07-23T10:40:53","date_gmt":"2024-07-23T10:40:53","guid":{"rendered":"https:\/\/koumanawa.com\/?page_id=1153"},"modified":"2026-03-10T10:58:53","modified_gmt":"2026-03-10T09:58:53","slug":"startseite","status":"publish","type":"page","link":"https:\/\/koumanawa.com\/de\/","title":{"rendered":"Home"},"content":{"rendered":"<p class=\"has-text-align-center has-base-2-background-color has-text-color has-background has-link-color wp-elements-073c56f1f8ec10e31b6ff780ef863dca\" style=\"border-style:none;border-width:0px;color:#ff0000\"><strong>\u65e5\u672c\u306e\u6d41\u901a\u30d1\u30fc\u30c8\u30ca\u30fc\u3092\u63a2\u3057\u3066\u3044\u308b<\/strong><\/p>\n\n\n\n<p class=\"has-text-align-center has-border-color has-base-2-color has-custom-k-gold-background-color has-text-color has-background has-link-color wp-elements-7962c564b3dbab017c3df39e93f281b6\" style=\"border-color:#ff0000;border-width:5px\"><a href=\"https:\/\/koumanawa.com\/de\/shizen-konditionierung\/\" data-type=\"page\" data-id=\"3288\"><strong>HINWEIS: SHIZEN-Konditionierung<\/strong><\/a><\/p>\n\n\n\n<figure class=\"wp-block-image aligncenter size-full\"><img data-recalc-dims=\"1\" decoding=\"async\" width=\"300\" height=\"300\" loading=\"lazy\" src=\"https:\/\/i0.wp.com\/koumanawa.com\/wp-content\/uploads\/2026\/01\/SH-SHIZEN-Launch-300.webp?resize=300%2C300\" alt=\"\" class=\"wp-image-3172\" srcset=\"https:\/\/i0.wp.com\/koumanawa.com\/wp-content\/uploads\/2026\/01\/SH-SHIZEN-Launch-300.webp?w=300&amp;ssl=1 300w, https:\/\/i0.wp.com\/koumanawa.com\/wp-content\/uploads\/2026\/01\/SH-SHIZEN-Launch-300.webp?resize=150%2C150&amp;ssl=1 150w, https:\/\/i0.wp.com\/koumanawa.com\/wp-content\/uploads\/2026\/01\/SH-SHIZEN-Launch-300.webp?resize=12%2C12&amp;ssl=1 12w\" sizes=\"auto, (max-width: 300px) 100vw, 300px\" \/><\/figure>\n\n\n\n<p>\u201cDanke an alle, die meine Vision unterst\u00fctzt haben. Es begann damit, dass ich f\u00fcr mich selbst ein besseres Seil wollte. Ich musste tief in die Branche einsteigen, um das Jutematerial, die Versorgung und die Produktion zu verstehen. Indem wir die Kontrolle \u00fcber die gesamte Kette vom Saatgut bis zum Kunden erlangten, konnten wir das Produkt so entwickeln und ma\u00dfschneidern, dass es die ultimativen F\u00e4higkeiten f\u00fcr den beabsichtigten Verwendungszweck besa\u00df. <a href=\"https:\/\/koumanawa.com\/de\/shizen\/\" data-type=\"page\" data-id=\"3059\">SHIZEN<\/a>.\u201d<\/p>\n\n\n\n<p>Unsere exklusiven Gebietsvertreiber:<\/p>\n\n\n\n<div class=\"wp-block-columns is-layout-flex wp-container-core-columns-is-layout-28f84493 wp-block-columns-is-layout-flex\">\n<div class=\"wp-block-column is-vertically-aligned-center is-layout-flow wp-block-column-is-layout-flow\">\n<figure class=\"wp-block-image aligncenter size-full\"><a href=\"https:\/\/koumanawa.com\/de\/kontakt\/\" target=\"_blank\" rel=\" noreferrer noopener\"><img data-recalc-dims=\"1\" decoding=\"async\" width=\"140\" height=\"70\" loading=\"lazy\" src=\"https:\/\/i0.wp.com\/koumanawa.com\/wp-content\/uploads\/2026\/01\/Europe_140x70.webp?resize=140%2C70\" alt=\"\" class=\"wp-image-3168\" srcset=\"https:\/\/i0.wp.com\/koumanawa.com\/wp-content\/uploads\/2026\/01\/Europe_140x70.webp?w=140&amp;ssl=1 140w, https:\/\/i0.wp.com\/koumanawa.com\/wp-content\/uploads\/2026\/01\/Europe_140x70.webp?resize=18%2C9&amp;ssl=1 18w\" sizes=\"auto, (max-width: 140px) 100vw, 140px\" \/><\/a><\/figure>\n\n\n\n<p class=\"has-text-align-center has-small-font-size\">Europ\u00e4ische Union<\/p>\n\n\n\n<p><\/p>\n<\/div>\n\n\n\n<div class=\"wp-block-column is-vertically-aligned-center is-layout-flow wp-block-column-is-layout-flow\">\n<figure class=\"wp-block-image aligncenter size-full\"><a href=\"https:\/\/koumanawa.au\" target=\"_blank\" rel=\" noreferrer noopener\"><img data-recalc-dims=\"1\" decoding=\"async\" width=\"140\" height=\"70\" loading=\"lazy\" src=\"https:\/\/i0.wp.com\/koumanawa.com\/wp-content\/uploads\/2026\/01\/Australia_140x70.webp?resize=140%2C70\" alt=\"\" class=\"wp-image-3171\" srcset=\"https:\/\/i0.wp.com\/koumanawa.com\/wp-content\/uploads\/2026\/01\/Australia_140x70.webp?w=140&amp;ssl=1 140w, https:\/\/i0.wp.com\/koumanawa.com\/wp-content\/uploads\/2026\/01\/Australia_140x70.webp?resize=18%2C9&amp;ssl=1 18w\" sizes=\"auto, (max-width: 140px) 100vw, 140px\" \/><\/a><\/figure>\n\n\n\n<p class=\"has-text-align-center has-small-font-size\">Australien und Ozeanien<\/p>\n\n\n\n<p><\/p>\n<\/div>\n\n\n\n<div class=\"wp-block-column is-layout-flow wp-block-column-is-layout-flow\">\n<figure class=\"wp-block-image aligncenter size-full\"><a href=\"https:\/\/torinawa.ca\/\" target=\"_blank\" rel=\" noreferrer noopener\"><img data-recalc-dims=\"1\" decoding=\"async\" width=\"140\" height=\"70\" loading=\"lazy\" src=\"https:\/\/i0.wp.com\/koumanawa.com\/wp-content\/uploads\/2026\/01\/Canada_140x70.webp?resize=140%2C70\" alt=\"\" class=\"wp-image-3167\" srcset=\"https:\/\/i0.wp.com\/koumanawa.com\/wp-content\/uploads\/2026\/01\/Canada_140x70.webp?w=140&amp;ssl=1 140w, https:\/\/i0.wp.com\/koumanawa.com\/wp-content\/uploads\/2026\/01\/Canada_140x70.webp?resize=18%2C9&amp;ssl=1 18w\" sizes=\"auto, (max-width: 140px) 100vw, 140px\" \/><\/a><\/figure>\n\n\n\n<p class=\"has-text-align-center has-small-font-size\">Kanada<\/p>\n\n\n\n<p><\/p>\n<\/div>\n\n\n\n<div class=\"wp-block-column is-vertically-aligned-center is-layout-flow wp-block-column-is-layout-flow\">\n<figure class=\"wp-block-image aligncenter size-full\"><a href=\"https:\/\/www.instagram.com\/koumanawauk\" target=\"_blank\" rel=\" noreferrer noopener\"><img data-recalc-dims=\"1\" decoding=\"async\" width=\"140\" height=\"70\" loading=\"lazy\" src=\"https:\/\/i0.wp.com\/koumanawa.com\/wp-content\/uploads\/2026\/01\/United_Kingdom_140x70.webp?resize=140%2C70\" alt=\"\" class=\"wp-image-3170\" srcset=\"https:\/\/i0.wp.com\/koumanawa.com\/wp-content\/uploads\/2026\/01\/United_Kingdom_140x70.webp?w=140&amp;ssl=1 140w, https:\/\/i0.wp.com\/koumanawa.com\/wp-content\/uploads\/2026\/01\/United_Kingdom_140x70.webp?resize=18%2C9&amp;ssl=1 18w\" sizes=\"auto, (max-width: 140px) 100vw, 140px\" \/><\/a><\/figure>\n\n\n\n<p class=\"has-text-align-center has-small-font-size\">Vereinigtes K\u00f6nigreich<\/p>\n\n\n\n<p><\/p>\n<\/div>\n\n\n\n<div class=\"wp-block-column is-layout-flow wp-block-column-is-layout-flow\">\n<figure class=\"wp-block-image aligncenter size-full\"><a href=\"https:\/\/www.instagram.com\/p\/DDxXTaeyVPY\/?hl=en\" target=\"_blank\" rel=\" noreferrer noopener\"><img data-recalc-dims=\"1\" decoding=\"async\" width=\"140\" height=\"70\" loading=\"lazy\" src=\"https:\/\/i0.wp.com\/koumanawa.com\/wp-content\/uploads\/2026\/01\/United_States_140x70.webp?resize=140%2C70\" alt=\"\" class=\"wp-image-3169\" srcset=\"https:\/\/i0.wp.com\/koumanawa.com\/wp-content\/uploads\/2026\/01\/United_States_140x70.webp?w=140&amp;ssl=1 140w, https:\/\/i0.wp.com\/koumanawa.com\/wp-content\/uploads\/2026\/01\/United_States_140x70.webp?resize=18%2C9&amp;ssl=1 18w\" sizes=\"auto, (max-width: 140px) 100vw, 140px\" \/><\/a><\/figure>\n\n\n\n<p class=\"has-text-align-center has-small-font-size\">Vereinigte Staaten<\/p>\n\n\n\n<p><\/p>\n<\/div>\n\n\n\n<div class=\"wp-block-column is-layout-flow wp-block-column-is-layout-flow\">\n<figure class=\"wp-block-image aligncenter size-full\"><a href=\"https:\/\/koumanawa.com\/de\/kontakt\/\" target=\"_blank\" rel=\" noreferrer noopener\"><img data-recalc-dims=\"1\" decoding=\"async\" width=\"140\" height=\"70\" loading=\"lazy\" src=\"https:\/\/i0.wp.com\/koumanawa.com\/wp-content\/uploads\/2026\/01\/Rest_of_the_World_140x70.webp?resize=140%2C70\" alt=\"\" class=\"wp-image-3178\" srcset=\"https:\/\/i0.wp.com\/koumanawa.com\/wp-content\/uploads\/2026\/01\/Rest_of_the_World_140x70.webp?w=140&amp;ssl=1 140w, https:\/\/i0.wp.com\/koumanawa.com\/wp-content\/uploads\/2026\/01\/Rest_of_the_World_140x70.webp?resize=18%2C9&amp;ssl=1 18w\" sizes=\"auto, (max-width: 140px) 100vw, 140px\" \/><\/a><\/figure>\n\n\n\n<p class=\"has-text-align-center has-small-font-size\">Der Rest der Welt<\/p>\n\n\n\n<p><\/p>\n<\/div>\n<\/div>\n\n\n\n<p><\/p>","protected":false},"excerpt":{"rendered":"<p>KOUMANAWA - Herstellungspartner von hochwertigen JBO-freien Shibari Kinbaku Jute Asanawa Seilen<\/p>","protected":false},"author":1,"featured_media":0,"parent":0,"menu_order":0,"comment_status":"closed","ping_status":"closed","template":"","meta":{"nf_dc_page":"","advanced_seo_description":"KOUMANAWA is the manufacturing partner of the finest JBO-free Shibari Kinbaku Japanese bondage and BDSM Asanawa jute ropes","jetpack_seo_html_title":"KOUMANAWA JBO-free high-quality Shibari Kinbaku Japanese Bondage Jute Asanawa Rope","jetpack_seo_noindex":false,"footnotes":""},"class_list":["post-1153","page","type-page","status-publish","hentry"],"jetpack_sharing_enabled":true,"_links":{"self":[{"href":"https:\/\/koumanawa.com\/de\/wp-json\/wp\/v2\/pages\/1153","targetHints":{"allow":["GET"]}}],"collection":[{"href":"https:\/\/koumanawa.com\/de\/wp-json\/wp\/v2\/pages"}],"about":[{"href":"https:\/\/koumanawa.com\/de\/wp-json\/wp\/v2\/types\/page"}],"author":[{"embeddable":true,"href":"https:\/\/koumanawa.com\/de\/wp-json\/wp\/v2\/users\/1"}],"replies":[{"embeddable":true,"href":"https:\/\/koumanawa.com\/de\/wp-json\/wp\/v2\/comments?post=1153"}],"version-history":[{"count":0,"href":"https:\/\/koumanawa.com\/de\/wp-json\/wp\/v2\/pages\/1153\/revisions"}],"wp:attachment":[{"href":"https:\/\/koumanawa.com\/de\/wp-json\/wp\/v2\/media?parent=1153"}],"curies":[{"name":"wp","href":"https:\/\/api.w.org\/{rel}","templated":true}]}}