{"id":1548,"date":"2024-11-17T18:56:13","date_gmt":"2024-11-17T18:56:13","guid":{"rendered":"https:\/\/koumanawa.com\/?page_id=1548"},"modified":"2026-03-30T20:12:42","modified_gmt":"2026-03-30T19:12:42","slug":"konditionierung","status":"publish","type":"page","link":"https:\/\/koumanawa.com\/de\/conditioning\/","title":{"rendered":"Konditionierung"},"content":{"rendered":"<p class=\"has-text-align-center has-base-2-color has-custom-k-gold-background-color has-text-color has-background has-link-color has-medium-font-size wp-elements-dc3f3c244fcaf0b39e8c337cd9cd0e42\" style=\"font-style:normal;font-weight:700\">PFLEGEHINWEISE f\u00fcr KOUMANAWA<\/p>\n\n\n\n<p class=\"has-text-align-center has-text-color has-link-color wp-elements-19a978a3436bac7917be02e2dc6d49d0\" style=\"color:#fe3b00\">Gehen Sie hier um zu <a href=\"https:\/\/koumanawa.com\/de\/shizen-konditionierung\/\" data-type=\"page\" data-id=\"3288\">SHIZEN Konditionierung<\/a><\/p>\n\n\n\n<h2 class=\"wp-block-heading\">Design<\/h2>\n\n\n\n<p>KOUMANAWA ist f\u00fcr Gef\u00fchl, Stabilit\u00e4t und Langlebigkeit nach Konditionierung und \u2018Einarbeitung\u2019 konzipiert. Anwender werden eine signifikant geringe Verunreinigung, Faserausfall, Flauschigkeit und Flor bemerken. Dies ist das Ergebnis sorgf\u00e4ltiger Auswahl von Fasern h\u00f6chster G\u00fcte, strenger Qualit\u00e4tskontrollen und der Herstellung auf Spezialmaschinen. Tossa-Fasern h\u00f6chster G\u00fcte stellen Herausforderungen dar, insbesondere in Bezug auf die hydrophile Wirkung und Weichheit. Je h\u00f6her die G\u00fcte, desto hydrophiler ist die Faser, die Fl\u00fcssigkeit leicht aufsaugt.<\/p>\n\n\n\n<h2 class=\"wp-block-heading\">Batching<\/h2>\n\n\n\n<p>Damit die Fasern zu Garn verarbeitet werden k\u00f6nnen, m\u00fcssen sie mit \u00d6l in Wasser erweicht werden. Aus Gr\u00fcnden der Verf\u00fcgbarkeit und der Wirtschaftlichkeit wird in der Regel wei\u00dfes Petroleum Jute Batching Oil (JBO) verwendet, das weniger Zeit f\u00fcr die Erweichung beim Stapeln ben\u00f6tigt. JBO t\u00f6tet die Fasern effektiv ab, macht sie drahtig und weniger geschmeidig, so dass sie lockerer gezwirnt werden k\u00f6nnen und f\u00fcr schwere landwirtschaftliche Bindf\u00e4den geeignet sind. Durch die Verarbeitung kann der unangenehme Geruch reduziert werden, aber R\u00fcckst\u00e4nde bleiben immer vorhanden. Beide Methoden schw\u00e4chen die Integrit\u00e4t. Aufgrund der freigesetzten giftigen Gase ist Vorsicht geboten. Wir verwenden kein JBO in unserer Produktion.<\/p>\n\n\n\n<h2 class=\"wp-block-heading\">Konditionierungsbutter<\/h2>\n\n\n\n<p>Ziel ist es, das Rohseil so zu verarbeiten, dass ein weiches, seidiges Gef\u00fchl entsteht. Dies gelingt am besten mit kaltgepresstem goldenen Jojoba\u00f6l und Beerenwachs (Japan\/Mokur\u014d-Wachs) und nicht mit Bienenwachs, das ein klebriges Gef\u00fchl erzeugt. Beerenwachs wird idealerweise in Pellets geliefert und sollte cremewei\u00df sein. Das Mischen sollte in einem Topf bei niedriger Hitze erfolgen. Schmelzen Sie zuerst das Wachs, bevor Sie das Jojoba\u00f6l hinzuf\u00fcgen. Vor der Verwendung abk\u00fchlen lassen.<\/p>\n\n\n\n<h2 class=\"wp-block-heading\">Vorbereitung<\/h2>\n\n\n\n<p>Seile auf die gew\u00fcnschte L\u00e4nge schneiden. Litzen ~50mm (~2\u201d) \u00f6ffnen. F\u00fcgen Sie einen \u00dcberhandknoten hinzu und dr\u00fccken Sie die Stelle zusammen, an der das gedrehte Seil auf die offenen Litzen trifft, um eine gute Verdichtung zu erreichen. Dies verhindert, dass sich das Seil beim Taumeln aufl\u00f6st. Jute h\u00e4lt 193\u00b0C stand, ohne Schaden zu nehmen. Haushaltsw\u00e4schetrockner erreichen nur 80 \u00b0C. Werfen Sie die Seile lose in den Trockner und lassen Sie sie 1 Stunde lang trocknen. Dadurch werden die losen Fasern aufgel\u00f6st. Achten Sie darauf, dass Sie den Filter nach jedem Zyklus reinigen. Beachten Sie, wie sauber der Jutestaub nach dem Tumbeln ist. Ziehen Sie die einzelnen Seile vorsichtig aus dem Kn\u00e4uel heraus. \u00dcben Sie keinen Druck aus. Streichen Sie nun grob mit der \u00d6l-Wachs-Butter. Hochwertige Tossa-Jute ist aggressiv hydrophil. Das hei\u00dft, wenn der \u00d6lanteil zu hoch ist, wird er leicht aufgesaugt, so dass sich Ihre Seile schnell wieder trocken anf\u00fchlen. Ausf\u00fchrliche Tests haben ergeben, dass ein Verh\u00e4ltnis von 50:50 zwischen \u00d6l und Wachs empfehlenswert ist, um die Absorption zu begrenzen. Werfen Sie die Seile beim Konditionieren nicht lose in den W\u00e4schetrockner, da der gr\u00f6\u00dfte Teil der Butter aus dem Abzug des Trockners und nicht in die Seile gelangen wird. Nehmen Sie stattdessen einen Butterblock in die Hand und ziehen Sie die Seile einmal in jede Richtung durch, wobei Sie einen angemessenen Druck aus\u00fcben. Legen Sie die Seile in einen W\u00e4schesack aus Baumwollgewebe. Sie k\u00f6nnen die Butterkr\u00fcmel in die Mitte werfen. Verschlie\u00dfen Sie den Beutel. 30 Minuten lang bei maximaler Hitze trocknen lassen. Das Auftragen von Butter und die Verwendung eines W\u00e4schesacks aus Baumwollgewebe hilft, die Mischung in das Seil zu bekommen, damit sie nicht durch den Abzug des Trockners verloren geht. Wenn Sie die Seile aus dem W\u00e4schesack nehmen, werden Sie sofort den Unterschied sp\u00fcren - die Seile, die sich im Rohzustand etwas steif angef\u00fchlt haben, f\u00fchlen sich jetzt weich und seidig an. In diesem Stadium k\u00f6nnen die Seile als gebrauchsfertig betrachtet werden.<\/p>\n\n\n\n<h2 class=\"wp-block-heading\">Endfertigung<\/h2>\n\n\n\n<p>Wenn Sie m\u00f6chten, k\u00f6nnen Sie das Seil mit einer sehr schnellen blauen Flamme abflammen und abschlie\u00dfend von Hand beschichten. Achten Sie jedoch darauf, dass bei Verwendung von 100%-Jojoba\u00f6l die Faser noch hydrophil ist und das \u00d6l aufgesaugt wird, so dass sich das Seil nach ein paar Wochen wieder trocken anf\u00fchlt. Um dies abzumildern, mischen Sie Jojoba\u00f6l mit Beerenwachs im Verh\u00e4ltnis 85:15% \u00d6l:Wachs. Tragen Sie die Mischung auf ein Tuch auf und ziehen Sie Ihr konditioniertes Seil einmal in jede Richtung durch. Die Zugabe des Wachses verhindert, dass das fertige \u00d6l so schnell in die Faser gesaugt wird, und tr\u00e4gt dazu bei, dass es auf den Au\u00dfenfl\u00e4chen bleibt. Lassen Sie das Seil 48 Stunden lang h\u00e4ngen.<\/p>\n\n\n\n<h2 class=\"wp-block-heading\">Mischungsverh\u00e4ltnisse<\/h2>\n\n\n\n<p>Beachten Sie, dass die spezifischen Gewichte von Jojoba\u00f6l und Beerenwachs nicht gleich sind. Messen Sie Ihre Mischungen nach Gewicht und nicht nach Volumen. Jojoba\u00f6l hat eine spezifische Dichte von 0,863 und Beerenwachs von 0,975. Daher sollte Ihre 50:50-Mischung 53 Teile \u00d6l und 47 Teile Wachs nach Gewicht sein. F\u00fcr die 85:15-Mischung f\u00fcr die abschlie\u00dfende Handbeschichtung sollten dies 86 Teile \u00d6l und 14 Teile Wachs nach Gewicht sein.<\/p>\n\n\n\n<p><\/p>","protected":false},"excerpt":{"rendered":"<p>CONDITIONING ADVICE for KOUMANAWA Go here for SHIZEN Conditioning Design KOUMANAWA is designed for feel, stability and longevity after conditioning and \u2018bedding-in\u2019. Users will note significantly low impurities, fibre loss, hairiness and nap. These are the result of careful selection of premium grade fibre, stringent quality controls, and manufacturing on specialist machinery. Premium grade Tossa [&hellip;]<\/p>\n","protected":false},"author":1,"featured_media":0,"parent":0,"menu_order":0,"comment_status":"closed","ping_status":"closed","template":"","meta":{"nf_dc_page":"","advanced_seo_description":"Tips on how to process and condition KOUMANAWA high-quality JBO-free Shibari, Kinbaku, Japanese Bondage jute Asanawa rope","jetpack_seo_html_title":"KOUMANAWA rope conditioning advice","jetpack_seo_noindex":false,"footnotes":""},"class_list":["post-1548","page","type-page","status-publish","hentry"],"jetpack_sharing_enabled":true,"_links":{"self":[{"href":"https:\/\/koumanawa.com\/de\/wp-json\/wp\/v2\/pages\/1548","targetHints":{"allow":["GET"]}}],"collection":[{"href":"https:\/\/koumanawa.com\/de\/wp-json\/wp\/v2\/pages"}],"about":[{"href":"https:\/\/koumanawa.com\/de\/wp-json\/wp\/v2\/types\/page"}],"author":[{"embeddable":true,"href":"https:\/\/koumanawa.com\/de\/wp-json\/wp\/v2\/users\/1"}],"replies":[{"embeddable":true,"href":"https:\/\/koumanawa.com\/de\/wp-json\/wp\/v2\/comments?post=1548"}],"version-history":[{"count":1,"href":"https:\/\/koumanawa.com\/de\/wp-json\/wp\/v2\/pages\/1548\/revisions"}],"predecessor-version":[{"id":3362,"href":"https:\/\/koumanawa.com\/de\/wp-json\/wp\/v2\/pages\/1548\/revisions\/3362"}],"wp:attachment":[{"href":"https:\/\/koumanawa.com\/de\/wp-json\/wp\/v2\/media?parent=1548"}],"curies":[{"name":"wp","href":"https:\/\/api.w.org\/{rel}","templated":true}]}}