{"id":1584,"date":"2024-11-29T15:03:08","date_gmt":"2024-11-29T15:03:08","guid":{"rendered":"https:\/\/koumanawa.com\/?page_id=1584"},"modified":"2026-02-14T11:22:23","modified_gmt":"2026-02-14T10:22:23","slug":"koumanawa","status":"publish","type":"page","link":"https:\/\/koumanawa.com\/de\/koumanawa\/","title":{"rendered":"KOUMANAWA"},"content":{"rendered":"<p class=\"has-text-align-center has-base-2-color has-custom-k-gold-background-color has-text-color has-background has-link-color has-large-font-size wp-elements-d829ef5378011506e18ad1a057e51361\" style=\"font-style:normal;font-weight:700\">KOUMANAWA<\/p>\n\n\n\n<p class=\"has-text-align-center\">KOUMANAWA ist ein mittelschweres, JBO-freies Seil, das sich ideal f\u00fcr Anf\u00e4nger eignet. Es besteht aus hochwertigem 100 % Tossa CB-Garn und wird in einer 2,5-kg-Spule geliefert. Erh\u00e4ltlich, solange der Vorrat reicht. <\/p>\n\n\n\n<figure class=\"wp-block-image aligncenter size-full\"><img data-recalc-dims=\"1\" decoding=\"async\" width=\"200\" height=\"200\" loading=\"lazy\" src=\"https:\/\/i0.wp.com\/koumanawa.com\/wp-content\/uploads\/2025\/12\/KOUMANAWA-60t.jpeg?resize=200%2C200\" alt=\"\" class=\"wp-image-2952\"\/><\/figure>\n\n\n\n<p class=\"has-text-align-center\">KOUMANAWA 60 \u00f86,1 mm x 135 m 100 \u20ac zzgl. Versandkosten und Steuern (sofern zutreffend)<\/p>\n\n\n\n<figure class=\"wp-block-image aligncenter size-full\"><img data-recalc-dims=\"1\" decoding=\"async\" width=\"200\" height=\"200\" loading=\"lazy\" src=\"https:\/\/i0.wp.com\/koumanawa.com\/wp-content\/uploads\/2026\/02\/KOUMANAWA-55tls.webp?resize=200%2C200&#038;ssl=1\" alt=\"\" class=\"wp-image-3248\" srcset=\"https:\/\/i0.wp.com\/koumanawa.com\/wp-content\/uploads\/2026\/02\/KOUMANAWA-55tls.webp?w=200&amp;ssl=1 200w, https:\/\/i0.wp.com\/koumanawa.com\/wp-content\/uploads\/2026\/02\/KOUMANAWA-55tls.webp?resize=150%2C150&amp;ssl=1 150w, https:\/\/i0.wp.com\/koumanawa.com\/wp-content\/uploads\/2026\/02\/KOUMANAWA-55tls.webp?resize=12%2C12&amp;ssl=1 12w\" sizes=\"auto, (max-width: 200px) 100vw, 200px\" \/><\/figure>\n\n\n\n<p class=\"has-text-align-center\">KOUMANAWA 55 \u00f85,5 mm x 145 m 100 \u20ac zzgl. Versandkosten und Steuern (sofern zutreffend)<\/p>\n\n\n\n<figure class=\"wp-block-image aligncenter size-full\"><img data-recalc-dims=\"1\" decoding=\"async\" width=\"200\" height=\"200\" loading=\"lazy\" src=\"https:\/\/i0.wp.com\/koumanawa.com\/wp-content\/uploads\/2025\/12\/KOUMANAWA-50t.jpeg?resize=200%2C200\" alt=\"\" class=\"wp-image-2954\"\/><\/figure>\n\n\n\n<p class=\"has-text-align-center\">KOUMANAWA 50 \u00f85,0 mm x 155 m 100 \u20ac zzgl. Versandkosten und Steuern (sofern zutreffend)<\/p>\n\n\n\n<figure class=\"wp-block-image aligncenter size-full\"><img data-recalc-dims=\"1\" decoding=\"async\" width=\"200\" height=\"200\" loading=\"lazy\" src=\"https:\/\/i0.wp.com\/koumanawa.com\/wp-content\/uploads\/2025\/12\/KOUMANAWA-45t.jpeg?resize=200%2C200\" alt=\"\" class=\"wp-image-2955\"\/><\/figure>\n\n\n\n<p class=\"has-text-align-center\">KOUMANAWA 45 \u00f84,5 mm x 185 m 100 \u20ac zzgl. Versandkosten und Steuern (sofern zutreffend)<\/p>\n\n\n\n<figure class=\"wp-block-image aligncenter size-full\"><img data-recalc-dims=\"1\" decoding=\"async\" width=\"200\" height=\"200\" loading=\"lazy\" src=\"https:\/\/i0.wp.com\/koumanawa.com\/wp-content\/uploads\/2025\/12\/KOUMANAWA-40t.jpeg?resize=200%2C200\" alt=\"\" class=\"wp-image-2956\"\/><\/figure>\n\n\n\n<p class=\"has-text-align-center\">KOUMANAWA 40 \u00f84,0 mm x 210 m 100 \u20ac zzgl. Versandkosten und Steuern (sofern zutreffend)<\/p>\n\n\n\n<p class=\"has-text-align-center has-base-2-color has-custom-k-gold-background-color has-text-color has-background has-link-color has-medium-font-size wp-elements-ed7d3d8a1f220788b8b106bf474c22ce\">Bitte verwenden Sie die <a href=\"https:\/\/koumanawa.com\/de\/kontakt\/\" data-type=\"page\" data-id=\"170\">Kontakt-Formular<\/a> f\u00fcr Nachforschungen<\/p>\n\n\n\n<p><\/p>","protected":false},"excerpt":{"rendered":"<p>KOUMANAWA KOUMANAWA is a medium lay JBO-free rope ideal for beginners made from high-grade 100% Tossa CB yarn in a 2.5kg spool. Available while stocks last. KOUMANAWA 60 \u00f86.1mm x 135m 100\u20ac + shipping + tax (where applicable) KOUMANAWA 55 \u00f85.5mm x 145m 100\u20ac + shipping + tax (where applicable) KOUMANAWA 50 \u00f85.0mm x 155m [&hellip;]<\/p>\n","protected":false},"author":1,"featured_media":0,"parent":0,"menu_order":0,"comment_status":"closed","ping_status":"closed","template":"","meta":{"nf_dc_page":"","advanced_seo_description":"KOUMANAWA medium-lay jute rope","jetpack_seo_html_title":"KOUMANAWA","jetpack_seo_noindex":false,"footnotes":""},"class_list":["post-1584","page","type-page","status-publish","hentry"],"jetpack_sharing_enabled":true,"_links":{"self":[{"href":"https:\/\/koumanawa.com\/de\/wp-json\/wp\/v2\/pages\/1584","targetHints":{"allow":["GET"]}}],"collection":[{"href":"https:\/\/koumanawa.com\/de\/wp-json\/wp\/v2\/pages"}],"about":[{"href":"https:\/\/koumanawa.com\/de\/wp-json\/wp\/v2\/types\/page"}],"author":[{"embeddable":true,"href":"https:\/\/koumanawa.com\/de\/wp-json\/wp\/v2\/users\/1"}],"replies":[{"embeddable":true,"href":"https:\/\/koumanawa.com\/de\/wp-json\/wp\/v2\/comments?post=1584"}],"version-history":[{"count":0,"href":"https:\/\/koumanawa.com\/de\/wp-json\/wp\/v2\/pages\/1584\/revisions"}],"wp:attachment":[{"href":"https:\/\/koumanawa.com\/de\/wp-json\/wp\/v2\/media?parent=1584"}],"curies":[{"name":"wp","href":"https:\/\/api.w.org\/{rel}","templated":true}]}}