{"id":2162,"date":"2025-07-09T19:04:16","date_gmt":"2025-07-09T19:04:16","guid":{"rendered":"https:\/\/koumanawa.com\/?page_id=2162"},"modified":"2025-08-01T08:08:30","modified_gmt":"2025-08-01T07:08:30","slug":"bericht-februar-2025","status":"publish","type":"page","link":"https:\/\/koumanawa.com\/de\/report-february-2025\/","title":{"rendered":"Bericht Februar 2025"},"content":{"rendered":"<p><\/p>\n\n\n\n<p>Bericht Februar 2025<\/p>\n\n\n\n<p>Eine vorhergesagte Angebots- und Nachfragekrise hat sich als zutreffend erwiesen, und wir haben Wochen damit verbracht, auf diplomatische Weise strenge Spezifikationen auszuhandeln, um unsere Qualit\u00e4t zu erhalten und hoffentlich zu verbessern, indem wir eine Vereinbarung zwischen unserem japanischen Partner, seiner Produktion und einem vor\u00fcbergehenden Lieferanten im Vorfeld ausgehandelt haben, bis wir unser eigenes Garn verbrauchen k\u00f6nnen. Der Umgang mit landwirtschaftlichen und kulturell fremden Mentalit\u00e4ten ist mit Komplikationen und Risiken behaftet. Ein Teil unserer Aufgabe besteht darin, diese zu beseitigen.<\/p>\n\n\n\n<p>Wir sind diesen Monat wieder in Bangladesch, um die Produktion zu \u00fcberwachen. Wir hoffen, dass wir uns mit Nachschub versorgen k\u00f6nnen, bevor uns die Vorr\u00e4te ausgehen. Da wir f\u00fcr die Zukunft farbige Produkte planen, m\u00fcssen wir die F\u00e4rbung und deren Qualit\u00e4tskontrolle verstehen. Au\u00dferdem nehmen wir kleinere \u00c4nderungen an der Transportverpackung vor und m\u00fcssen unsere Produktionsmitarbeiter in der korrekten Verpackung und Kennzeichnung schulen. Wir werden auch analysieren, wie wir kleinere Probleme l\u00f6sen k\u00f6nnen, die bis jetzt nicht zu verbessern schienen.<\/p>\n\n\n\n<p>Die saisonalen Anbaubedingungen lassen sich nicht kontrollieren. Bengalen ist besonders anf\u00e4llig f\u00fcr die Trockenheit des Sp\u00e4tmonsuns, tropische Wirbelst\u00fcrme und \u00dcberschwemmungen. Jute ist eine Bastfaser aus Pflanzen, die am besten in kontinuierlich feuchten, sauerstoffhaltigen Lehm-Sand-B\u00f6den, bei guter Sonneneinstrahlung, konstanter Temperatur und geringer Windscherung wachsen.<\/p>\n\n\n\n<p>Sobald die Rohjute in der Garnfabrik eintrifft, beginnen die Phasen der Qualit\u00e4tskontrolle. Dies beginnt mit dem H\u00e4ckseln, bei dem die Arbeiter die Ballen \u00f6ffnen, Wurzelst\u00f6cke und gummiartige Spitzen von den Filamentb\u00fcndeln abschneiden und \u00fcber Stacheln streichen, um Verunreinigungen zu entfernen. Aus Kosten- und Zeitgr\u00fcnden werden bei minderwertigen Anwendungen nur die allerschlimmsten Wurzeln und losen Fehler entfernt.<\/p>\n\n\n\n<p>Bei einem hochwertigen Seil ist es einer der kritischsten Teile der Qualit\u00e4tsschulung, die Gr\u00fcnde daf\u00fcr zu erkl\u00e4ren und die Entfernung aller Wurzeln und Spitzen aufrechtzuerhalten, wobei besonders darauf zu achten ist, dass so viele Verunreinigungen wie m\u00f6glich entfernt werden. Die Entfernung von Verunreinigungen verringert das verf\u00fcgbare Faservolumen f\u00fcr den gezahlten Preis.<\/p>\n\n\n\n<p>Das Jutehaar ist das Ende eines Fadens. Wir suchen nach Methoden zur Beseitigung von Br\u00fcchen, insbesondere bei der Dosierung, wenn die Fasern steif sind, und entwickeln Prozessverbesserungen, um Faserverlust, Haarigkeit und Flusen weiter zu reduzieren.&nbsp;<\/p>\n\n\n\n<p>Wir werden untersuchen, wie man die Fadenverbindungsknoten entfernen kann. Eine typische Spinnmaschine hat 104 Stationen, von denen jede nur 500 g Garn auf eine Spule spulen kann. Wir verwenden verdichtete, eng geschnittene Weberknoten, aber diese lassen sich nicht beseitigen und sind notwendig, wenn 10 kg schwere Spulen f\u00fcr eine Verseilmaschine hergestellt werden, die ebenfalls verbunden werden m\u00fcssen.<\/p>\n\n\n\n<p>Zum Schluss noch eine Erl\u00e4uterung zum Stapeln - das Verfahren, bei dem die Fasern geharkt und mit einem Medium dosiert werden, so dass die Filamente nach dem Stehenbleiben, um sie vollst\u00e4ndig zu absorbieren (Stapeln), weich genug sind, um sie zu kardieren (K\u00e4mmen), zu ziehen (Ausrichten) und zu Garn zu spinnen.<\/p>\n\n\n\n<p>Jute wurde erstmals in den 1770er Jahren durch die East India Company exportiert, die damals das indische Bengalen beherrschte. Das schottische Dundee wurde zur \u2018Juteopolis\u2019, und da es ein Walfanghafen war, erfand Thomas Neigh 1833 die mechanische Dosierung mit Wal\u00f6l.<\/p>\n\n\n\n<div class=\"wp-block-group has-global-padding is-layout-constrained wp-container-core-group-is-layout-b13d32f8 wp-block-group-is-layout-constrained\" style=\"padding-right:var(--wp--preset--spacing--10);padding-left:var(--wp--preset--spacing--10)\">\n<figure class=\"wp-block-image size-full\"><img data-recalc-dims=\"1\" decoding=\"async\" width=\"1000\" height=\"800\" loading=\"lazy\" src=\"https:\/\/i0.wp.com\/koumanawa.com\/wp-content\/uploads\/2025\/07\/Juteopolis.jpg?resize=1000%2C800&#038;ssl=1\" alt=\"\" class=\"wp-image-2164\" srcset=\"https:\/\/i0.wp.com\/koumanawa.com\/wp-content\/uploads\/2025\/07\/Juteopolis.jpg?w=1000&amp;ssl=1 1000w, https:\/\/i0.wp.com\/koumanawa.com\/wp-content\/uploads\/2025\/07\/Juteopolis.jpg?resize=300%2C240&amp;ssl=1 300w, https:\/\/i0.wp.com\/koumanawa.com\/wp-content\/uploads\/2025\/07\/Juteopolis.jpg?resize=768%2C614&amp;ssl=1 768w, https:\/\/i0.wp.com\/koumanawa.com\/wp-content\/uploads\/2025\/07\/Juteopolis.jpg?resize=15%2C12&amp;ssl=1 15w, https:\/\/i0.wp.com\/koumanawa.com\/wp-content\/uploads\/2025\/07\/Juteopolis.jpg?resize=600%2C480&amp;ssl=1 600w\" sizes=\"auto, (max-width: 1000px) 100vw, 1000px\" \/><figcaption class=\"wp-element-caption\">Juteballen werden in Dundee, Schottland, entladen - The Courier<\/figcaption><\/figure>\n<\/div>\n\n\n\n<p>Zum Weichmachen der Fasern wird ein \u00d6l in Wasser mit einer kleinen Menge Emulgator zum Mischen ben\u00f6tigt. Seit Anfang des 20. Jahrhunderts wird billiges, wei\u00dfes Erd\u00f6l verwendet, das als Jute Batching Oil (JBO) bekannt ist. Zu den Alternativen geh\u00f6ren Rizinus\u00f6l, das aus Rizinusbohnen gewonnen wird, umweltsch\u00e4dliches Palm\u00f6l, Reiskleie\u00f6l, das zum Ranzigwerden neigt, und lokal hergestelltes Sojabohnen\u00f6l. Die Methode der \u00d6lextraktion ist entscheidend, ebenso wie der Prozentsatz der Dosierung. Wie wenig \u00d6l kann verwendet werden? Ist das Ergebnis weich genug, um effizient Garn zu produzieren? Wie lang ist die Stapelzeit, um dies zu erreichen?<\/p>\n\n\n\n<p>Batching-Maschinen sind kein Standard. Wir haben grobe Rinnen- und Radsysteme, Metallstangenf\u00f6rderer und unser hochmodernes Multi-Pass-Reflow-System mit Staubabsaugung kennengelernt. Bei minderwertigen Fasern ist mehr \u00d6l und\/oder eine l\u00e4ngere Stapelung erforderlich. Die hydrophile Kraft der besten Faserqualit\u00e4t saugt das \u00d6l leicht auf. JBO in der gleichen Menge wie Vegetable Oil Treated (VOT) stapelt schneller, da Mineral\u00f6l aggressiver ist als Pflanzen\u00f6l.<\/p>\n\n\n\n<p>Die geb\u00fcndelten Fasern werden in Haufen gestapelt und mit dickem Hessentuch abgedeckt, um W\u00e4rme zu erzeugen und \u00d6l zu absorbieren, wenn das Wasser verdampft. Wir haben unsere VOT-Stapelung mit einer Krafttechnik verbessert, die die Stapeltemperatur \u00fcberwacht und eine bessere Gleichm\u00e4\u00dfigkeit in k\u00fcrzerer Zeit erm\u00f6glicht.<\/p>\n\n\n\n<p style=\"margin-bottom:var(--wp--preset--spacing--10)\">Und dann ist da noch die Spezifikation von Charge zu Charge, die in der Regel in der Landwirtschaft, im Gartenbau, in der Viehzucht und in der Transportindustrie nicht allzu streng gehandhabt wird. Das ist etwas, was wir mit der Gr\u00fcndung von KOUMANAWA eingef\u00fchrt haben - eine sehr strenge Toleranzspezifikation f\u00fcr die Garnherstellung, um die Wiederholbarkeit des Produkts zu gew\u00e4hrleisten.<\/p>\n\n\n\n<p><\/p>","protected":false},"excerpt":{"rendered":"<p>Report February 2025 A predicted supply and demand crisis proved to be accurate, and we\u2019ve spent weeks diplomatically negotiating tight specifications to maintain, hopefully improve our quality, brokering a deal between our Japanese partner, their manufacturing, and a temporary supplier upstream until we can consume our own yarn. Dealing with agricultural and culturally foreign mindsets [&hellip;]<\/p>\n","protected":false},"author":1,"featured_media":0,"parent":0,"menu_order":0,"comment_status":"closed","ping_status":"closed","template":"","meta":{"nf_dc_page":"","advanced_seo_description":"","jetpack_seo_html_title":"","jetpack_seo_noindex":false,"footnotes":""},"class_list":["post-2162","page","type-page","status-publish","hentry"],"jetpack_sharing_enabled":true,"_links":{"self":[{"href":"https:\/\/koumanawa.com\/de\/wp-json\/wp\/v2\/pages\/2162","targetHints":{"allow":["GET"]}}],"collection":[{"href":"https:\/\/koumanawa.com\/de\/wp-json\/wp\/v2\/pages"}],"about":[{"href":"https:\/\/koumanawa.com\/de\/wp-json\/wp\/v2\/types\/page"}],"author":[{"embeddable":true,"href":"https:\/\/koumanawa.com\/de\/wp-json\/wp\/v2\/users\/1"}],"replies":[{"embeddable":true,"href":"https:\/\/koumanawa.com\/de\/wp-json\/wp\/v2\/comments?post=2162"}],"version-history":[{"count":0,"href":"https:\/\/koumanawa.com\/de\/wp-json\/wp\/v2\/pages\/2162\/revisions"}],"wp:attachment":[{"href":"https:\/\/koumanawa.com\/de\/wp-json\/wp\/v2\/media?parent=2162"}],"curies":[{"name":"wp","href":"https:\/\/api.w.org\/{rel}","templated":true}]}}