{"id":2181,"date":"2025-07-09T19:41:40","date_gmt":"2025-07-09T19:41:40","guid":{"rendered":"https:\/\/koumanawa.com\/?page_id=2181"},"modified":"2025-08-01T08:07:28","modified_gmt":"2025-08-01T07:07:28","slug":"bericht-april-2025","status":"publish","type":"page","link":"https:\/\/koumanawa.com\/de\/report-april-2025\/","title":{"rendered":"Bericht April 2025"},"content":{"rendered":"<p><\/p>\n\n\n\n<p>Bericht April 2025<\/p>\n\n\n\n<p>Gr\u00fc\u00dfe aus Japan, wo wir eine Reihe von Gesch\u00e4ftstreffen haben: Vertrieb, B2B-Kunden, Technik, Logistik, Zollabwicklung und ein Besuch in der Wachsfabrik Mokur\u014d. Nat\u00fcrlich besuche ich auch einige Clubs und Bars, treffe alte Freunde und habe in Osakas prestigetr\u00e4chtigster SM &amp; Fetisch Bar ARCADIA eine erotische Kinbaku-Show vor vollem Haus aufgef\u00fchrt. Jetzt geht es weiter zu Mitsu und Titty Twister Kabukich\u014d, und dann zu Black Heart Ginza, um am Lady's Day bei Shibari Knight aufzutreten und in die Fu\u00dfstapfen von Matsui Kenji und Akechi Denki zu treten.<\/p>\n\n\n\n<p>Ich habe alte Freunde wie NuitdeTokyo, Otonawa, Aotsuki und Kazami Ranki getroffen und werde Shigonawabingo, Kitagawa und Tesshin usw. wiedersehen. Tadaima! Ich bin zu Hause, wo meine Freude an Kinbaku so sehr von dem Gef\u00fchl der Entfremdung im Westen abweicht, wo das, was man f\u00fcr japanisch h\u00e4lt, im Widerspruch zu den Realit\u00e4ten hier steht. Z.B. diskutierte ich mit Mr. Aotsuki, einem einflussreichen Veteranen der Szene, vor ein paar Monaten in einem deutschen Forum auf die Frage, woher Shibari kommt? 69% der Befragten stimmten f\u00fcr Hoj\u014djutsu, eine alte japanische Kampfkunst, er fragte, wie die Dinge so v\u00f6llig von der Wahrheit verdreht werden konnten.<\/p>\n\n\n\n<p>In den 16 Jahren unserer Entwicklung haben wir die meisten, wenn nicht sogar alle japanischen Unternehmen besucht, die Naturfaserseile herstellen. Wir haben viele Jutegarnfabriken in Bengalen besucht und stehen in Kontakt mit der japanischen Au\u00dfenhandelsorganisation, Instituten, einschl\u00e4gigen Universit\u00e4ten und anderen Einrichtungen. Als wir immer tiefer in den Handel eingestiegen sind, haben wir Entdeckungen gemacht, die manchmal sehr besorgniserregend waren, haben Risiken erkannt und die Lieferketten, den Betrug und die Fallstricke kennen gelernt. Nat\u00fcrlich haben wir ein pers\u00f6nliches Interesse, aber in dieser neuen Welt, die weder sozial noch ehrlich ist, ist es am besten, sich an die Fakten zu halten, um integer zu bleiben. Auf lange Sicht sind sie die einzige solide Grundlage, auf der man stehen kann. Wer das nicht tut, riskiert, sich l\u00e4cherlich zu machen.<\/p>\n\n\n\n<p>Tatsache: Jute f\u00fcr Tauwerk ist in Japan nie gewachsen. Die klimatischen Bedingungen sind nicht gegeben. Hanf wurde einst in den Regionen T\u014dhoku und Kant\u014d angebaut, aber vom Oberkommando der Alliierten M\u00e4chte wegen des ungl\u00fccklichen gemeinsamen Kanji mit Cannabis verboten. Ohne Wiedereinf\u00fchrung gingen die Best\u00e4nde zur\u00fcck, und es waren Toshiyuki Suma und Chimuo Nureki, die in den 1980er Jahren begannen, Juteseile f\u00fcr Shibari zu verwenden, die von landwirtschaftlich-industriellen Seilgesch\u00e4ften vertrieben wurden.<\/p>\n\n\n\n<p>Aus wirtschaftlichen und logistischen Gr\u00fcnden wird das gesamte Garn in der N\u00e4he des Juteanbaugebiets in Bengalen hergestellt. Die letzten Exporte von Rohjutefasern f\u00fcr die Spinnerei wurden mit Segelschiffen nach Dundee, Schottland, transportiert. Im Gegensatz zu Demokratien, in denen die Regierungen alle paar Jahre wechseln, hat die Volksrepublik China von Xi Jinping einen Plan bis 2049 - den Chinesischen Traum. Seit dem Irrtum westlicher Unternehmen, die in den 1990er Jahren billige Arbeitskr\u00e4fte einsetzten, haben sie gelernt, kopiert, verbessert und unterboten. Die Arbeitsbedingungen k\u00f6nnen v\u00f6llig unethisch sein, z. B. wird behauptet, dass Ramie von uigurischer Sklavenarbeit hergestellt wird. Das Ziel ist einfach: ausl\u00e4ndische Hersteller sollen durch liberale staatliche Exportsubventionen aus dem Gesch\u00e4ft gedr\u00e4ngt werden. Dann \u00fcbernehmen sie die M\u00e4rkte. Das tun sie nicht nur bei Fahrzeugen, Elektronik usw. Sie tun dies auch mit Seilen.<\/p>\n\n\n\n<p style=\"margin-bottom:0\">Das im Westen weit verbreitete JBO-Juteseil, das in Japan in den Gesch\u00e4ften erh\u00e4ltlich ist, wird in der Provinz Jiangsu in China unter fragw\u00fcrdigen Bedingungen mit billigen Arbeitskr\u00e4ften hergestellt. Da es von der Volksrepublik China f\u00fcr den Export subventioniert wird, ist es \u00e4rgerlich, wenn Wiederverk\u00e4ufer es als \u2018traditionell japanisch\u2019 oder \u2018Made in Japan\u2019 anpreisen, nur weil ihr ahnungsloser Held es vielleicht verwendet. Wenn Sie sich selbst ein Bild machen wollen, fragen Sie nach dem Mamefuda-Produktetikett und dem Nachweis, wo das Produkt tats\u00e4chlich hergestellt wird. Dort werden Sie die Wahrheit erfahren, vielleicht unterst\u00fctzen Sie den Untergang echter japanisch produzierter Seile. Selbst wenn diese japanischen Unternehmen aus wirtschaftlichen und logistischen Gr\u00fcnden in ihren eigenen Anlagen in Bengalen produzieren, wo die Jute f\u00fcr die Seile angebaut wird.<\/p>\n\n\n\n<div class=\"wp-block-group has-global-padding is-layout-constrained wp-block-group-is-layout-constrained\" style=\"padding-bottom:var(--wp--preset--spacing--10)\">\n<figure class=\"wp-block-image aligncenter size-medium\"><img data-recalc-dims=\"1\" decoding=\"async\" width=\"159\" height=\"300\" loading=\"lazy\" src=\"https:\/\/i0.wp.com\/koumanawa.com\/wp-content\/uploads\/2025\/07\/Mamefuda.jpeg?resize=159%2C300&#038;ssl=1\" alt=\"\" class=\"wp-image-2213\" srcset=\"https:\/\/i0.wp.com\/koumanawa.com\/wp-content\/uploads\/2025\/07\/Mamefuda.jpeg?resize=159%2C300&amp;ssl=1 159w, https:\/\/i0.wp.com\/koumanawa.com\/wp-content\/uploads\/2025\/07\/Mamefuda.jpeg?resize=6%2C12&amp;ssl=1 6w, https:\/\/i0.wp.com\/koumanawa.com\/wp-content\/uploads\/2025\/07\/Mamefuda.jpeg?w=212&amp;ssl=1 212w\" sizes=\"auto, (max-width: 159px) 100vw, 159px\" \/><figcaption class=\"wp-element-caption\">Produktionslabel Mamefuda<\/figcaption><\/figure>\n<\/div>","protected":false},"excerpt":{"rendered":"<p>Report April 2025 Greetings from Japan, where we\u2019re having a series of business meetings: distribution, B2B customers, engineering, logistics, customs brokerage, and a trip to the Mokur\u014d wax factory. Obviously, I\u2019ll be visiting certain clubs and bars too, hooking up with old friends, and I headlined Osaka\u2019s most prestigious SM &amp; Fetish Bar ARCADIA, performing [&hellip;]<\/p>\n","protected":false},"author":1,"featured_media":0,"parent":0,"menu_order":0,"comment_status":"closed","ping_status":"closed","template":"","meta":{"nf_dc_page":"","advanced_seo_description":"","jetpack_seo_html_title":"Jute and Japan","jetpack_seo_noindex":false,"footnotes":""},"class_list":["post-2181","page","type-page","status-publish","hentry"],"jetpack_sharing_enabled":true,"_links":{"self":[{"href":"https:\/\/koumanawa.com\/de\/wp-json\/wp\/v2\/pages\/2181","targetHints":{"allow":["GET"]}}],"collection":[{"href":"https:\/\/koumanawa.com\/de\/wp-json\/wp\/v2\/pages"}],"about":[{"href":"https:\/\/koumanawa.com\/de\/wp-json\/wp\/v2\/types\/page"}],"author":[{"embeddable":true,"href":"https:\/\/koumanawa.com\/de\/wp-json\/wp\/v2\/users\/1"}],"replies":[{"embeddable":true,"href":"https:\/\/koumanawa.com\/de\/wp-json\/wp\/v2\/comments?post=2181"}],"version-history":[{"count":0,"href":"https:\/\/koumanawa.com\/de\/wp-json\/wp\/v2\/pages\/2181\/revisions"}],"wp:attachment":[{"href":"https:\/\/koumanawa.com\/de\/wp-json\/wp\/v2\/media?parent=2181"}],"curies":[{"name":"wp","href":"https:\/\/api.w.org\/{rel}","templated":true}]}}