{"id":2798,"date":"2025-11-30T10:01:38","date_gmt":"2025-11-30T09:01:38","guid":{"rendered":"http:\/\/koumanawa.com\/?page_id=2798"},"modified":"2025-12-26T12:52:28","modified_gmt":"2025-12-26T11:52:28","slug":"bericht-dezember-2025","status":"publish","type":"page","link":"https:\/\/koumanawa.com\/de\/report-december-2025\/","title":{"rendered":"Bericht Dezember 2025"},"content":{"rendered":"<p class=\"\"><\/p>\n\n\n\n<p class=\"\">Bericht Dezember 2025<\/p>\n\n\n\n<p class=\"\">Es gibt viele M\u00f6glichkeiten, Juteseile f\u00fcr Shibari zu konditionieren. Die Art und Qualit\u00e4t des Rohmaterials, der %-Gehalt, die Art und Dauer des Stapelns sowie eine eventuelle zus\u00e4tzliche Beschichtung beeinflussen alle Methoden und Ergebnisse. Wir verwenden nur die besten Fasern, die in unseren ausgew\u00e4hlten Betrieben im geografischen Gebiet Jat angebaut werden. Die Region, die durchweg das stabilste feste, gut gef\u00e4rbte, lange und gl\u00e4nzende Rohmaterial liefert. Sie ist auch die teuerste.<\/p>\n\n\n\n<p class=\"\">Mikrostrukturell w\u00e4chst eine Cellulose-Jutezelle seitlich auf 18-20\u00b5, 1,4-4mm lang, bestehend aus einer Doppelwand, einer Mittellamelle und einem Hohlraum im Lumen. Die St\u00e4rke liegt in den Hemizellulose- und Ligninbindungen zwischen den \u00e4u\u00dferen, sich kreuzenden Mikrofibrillenw\u00e4nden und den Fibrillenspiralen der Innenwand. Diese por\u00f6sen W\u00e4nde machen Jute aggressiv hydrophil, so dass sie in der schwammigen Mittellamelle und im zentralen Hohlraum des Lumens leicht Wasser absorbiert und eine Quellung von bis zu 30% verursacht.<\/p>\n\n\n\n<figure class=\"wp-block-image aligncenter size-full\"><img data-recalc-dims=\"1\" decoding=\"async\" width=\"301\" height=\"179\" loading=\"lazy\" src=\"https:\/\/i0.wp.com\/koumanawa.com\/wp-content\/uploads\/2025\/11\/jute-microstructure.jpg?resize=301%2C179\" alt=\"Mikrostruktur der Jute\" class=\"wp-image-2796\" srcset=\"https:\/\/i0.wp.com\/koumanawa.com\/wp-content\/uploads\/2025\/11\/jute-microstructure.jpg?w=301&amp;ssl=1 301w, https:\/\/i0.wp.com\/koumanawa.com\/wp-content\/uploads\/2025\/11\/jute-microstructure.jpg?resize=18%2C12&amp;ssl=1 18w\" sizes=\"auto, (max-width: 301px) 100vw, 301px\" \/><figcaption class=\"wp-element-caption\">Mikrostruktur der Jute<\/figcaption><\/figure>\n\n\n\n<p class=\"\">Seile aus geflochtenen Str\u00e4ngen gegenl\u00e4ufiger Garne, die aus Jutefasern gesponnen werden, weisen einen gewissen Grad an Behaarung und Faserverlust auf und flimmern beim Gebrauch. Unbehandelt kann es sich trocken und kratzig anf\u00fchlen und kitzeln. Um dies zu mildern, konditionieren die Benutzer ihre Seile.<\/p>\n\n\n\n<p class=\"\">Vor der Einf\u00fchrung von mit Pflanzen\u00f6l behandelten Seilen vor mehr als zehn Jahren enthielten andere Seile JBO - ein billiges, leicht verf\u00fcgbares petrochemisches Derivat, das Anfang des 20. Jahrhunderts das Wal\u00f6l ersetzte. Jahrhundert ersetzte. Die \u00d6lbeimischung ist notwendig, um die Fasern zu schmieren und zu binden, so dass sie st\u00e4rker, weicher und geschmeidiger f\u00fcr eine effektive Garnherstellung werden. Anorganisches JBO mit einem spezifischen Gewicht von ~0,85 wird langsamer absorbiert als Sojabohnen\u00f6l (~0,92).<\/p>\n\n\n\n<p class=\"\">Tests deuten darauf hin, dass mineralische JBO vor allem die Mittellamelle verk\u00fcmmern l\u00e4sst, wodurch die Fasern drahtig und weniger komprimierbar werden, was erkl\u00e4rt, warum sie lockerer verlegt werden k\u00f6nnen, ohne dass durch Maschinen Druckwellen erzeugt werden. Durch die hydrophile Wirkung wird Fl\u00fcssigkeit durch die Zellw\u00e4nde in die Mittellamelle gesaugt - die komprimierbare Masse, die sich in den Hohlraum des Lumens und nach au\u00dfen ausdehnt, wodurch die Faser fetter wird. Durch die Konditionierung wird nicht nur versucht, JBO zu entfernen, sondern auch eine tiefere Farbe und ein weicherer Griff erzielt und die Hydrophilie verringert.<\/p>\n\n\n\n<p class=\"\">Als ich im Jahr 2000 auf Jute umstieg, waren die in Tokio gekauften JBO-L\u00e4ngen nicht sehr gut und stanken. Internetrecherchen empfahlen Kochen und Aufh\u00e4ngen, ohne Spannung zu erw\u00e4hnen, und ich zerst\u00f6rte das Seil. Als ich es durch 100 m aus einem Seilladen in Kyoto ersetzte, erzielte ich bessere Ergebnisse, indem ich es beim Trocknen ausreichend spannte, dann mit Bienenwachs einrieb und sengte. Aber es handelte sich immer noch um ein agroindustrielles Seil mit JBO-Material und schlechter Produktionsqualit\u00e4t.<\/p>\n\n\n\n<figure class=\"wp-block-image aligncenter size-full\"><img data-recalc-dims=\"1\" decoding=\"async\" width=\"1000\" height=\"800\" loading=\"lazy\" src=\"https:\/\/i0.wp.com\/koumanawa.com\/wp-content\/uploads\/2025\/11\/IMG_3044.jpeg?resize=1000%2C800\" alt=\"JBO-Abschaum vom Sieden\" class=\"wp-image-2795\" srcset=\"https:\/\/i0.wp.com\/koumanawa.com\/wp-content\/uploads\/2025\/11\/IMG_3044.jpeg?w=1000&amp;ssl=1 1000w, https:\/\/i0.wp.com\/koumanawa.com\/wp-content\/uploads\/2025\/11\/IMG_3044.jpeg?resize=300%2C240&amp;ssl=1 300w, https:\/\/i0.wp.com\/koumanawa.com\/wp-content\/uploads\/2025\/11\/IMG_3044.jpeg?resize=768%2C614&amp;ssl=1 768w, https:\/\/i0.wp.com\/koumanawa.com\/wp-content\/uploads\/2025\/11\/IMG_3044.jpeg?resize=15%2C12&amp;ssl=1 15w, https:\/\/i0.wp.com\/koumanawa.com\/wp-content\/uploads\/2025\/11\/IMG_3044.jpeg?resize=600%2C480&amp;ssl=1 600w\" sizes=\"auto, (max-width: 1000px) 100vw, 1000px\" \/><figcaption class=\"wp-element-caption\">JBO-Abschaum vom Sieden<\/figcaption><\/figure>\n\n\n\n<p class=\"\">Aoi Sayo hat ein Set f\u00fcr ihre Spezialbehandlung handgefertigt. Ich kenne den gesamten Prozess nicht. Eine fundierte Vermutung, es wurde kalt in Wasser eingeweicht und in der Sonne unter starker Spannung getrocknet. Die B\u0101yu-Beladung erkl\u00e4rt die Haptik und das Gewicht, und sie wurde in mehreren Zyklen aufgetragen und zum Einweichen aufgeh\u00e4ngt. B\u0101yu wird aus dem Synovialsack hergestellt, der die M\u00e4hne eines Pferdes konditioniert. Die Beschichtung mit Tsubaki-Teebaum\u00f6l gab die Farbe, die das Eindringen in die mit Pferde\u00f6l beladenen Zellen verhindert. Ein kaltes Einreiben mit Bienenwachs und abschlie\u00dfendes Schmelzen mit blauer Flamme versiegeln das Seil. Der Aufwand an Zeit, M\u00fche und Materialkosten liegt jenseits des kommerziell Machbaren. Es wurde mit Geschick, Geduld, Stolz und Freundschaft hergestellt, ohne Profit. Kitagawa gilt heute als Experte f\u00fcr die Seilverarbeitung und erzielt \u00e4hnliche Ergebnisse, h\u00e4lt seine Methode aber geheim.<\/p>\n\n\n\n<p class=\"\">Da das Gesch\u00e4ft immer mehr Nachschub ben\u00f6tigte, schickte Kinoko mich nach Ogawa, und ich musste herausfinden, wie man aus billigem chinesischen JBO-Farmseil etwas Brauchbares machen konnte. Japanische Freunde schlugen vor, das Seil zu kochen, unter Spannung zu trocknen, zu \u00f6len, zu wachsen und abzusengen. Der Farbfleck im Prozesswasser und der daraus resultierende Schaum sollten eine Warnung sein, und wir wissen jetzt, dass das Kochen die Zellverbindungen schw\u00e4cht, und nach der Verarbeitung sind diese knisternden Ger\u00e4usche unter Belastung katastrophale Risse in den Zellw\u00e4nden.<\/p>\n\n\n\n<p class=\"\">Da es sich um ein Mineral\u00f6l handelt, ben\u00f6tigt JBO ein Waschmittel, um einen Teil davon zu entfernen. Eine gute Methode war die Maschinenw\u00e4sche bei 60\u00b0C in einem Baumwollw\u00e4schesack mit ein wenig Waschmittel und etwas Weichsp\u00fcler. Aber das war immer noch m\u00fchsam und zeitaufw\u00e4ndig.<\/p>\n\n\n\n<p class=\"\">Bei Ero Ouji wurde eine Verbesserung erzielt, indem er \u00fcber Nacht in nicht trinkbarem kaltem Sake eingeweicht wurde. Alkohol mit hohem Glukosegehalt und h\u00f6herem spezifischem Gewicht durchdringt und l\u00f6st JBO besser als kaltes Wasser, hemmt den mikrobiellen Abbau und verdunstet schneller, was die Konditionierungsschritte erleichtert. ~10% Bioglycerin in Wasser kann eine \u00e4hnliche Wirkung haben. Beim Erhitzen von JBO werden giftige Gase freigesetzt, so dass es nicht lange dauerte, bis andere dem Beispiel des Einweichens in kaltem Wasser folgten.<\/p>\n\n\n\n<p class=\"\">Die VOT-Seilmischung erlaubte das Trocknen im W\u00e4schetrockner als einfachere, trockene Methode, um lose Fasern zu l\u00f6sen und weich zu machen, wodurch der ganze Aufwand der Nassverarbeitung entfiel. Der Wechsel von Bienen- zu Beerenwachs, das mit Jojoba\u00f6l zu einer \u2018Butter\u2019 gemischt wurde, machte das gesamte Produkt vegan, das Ergebnis eher seidig als klebrig und wurde zu einer einfachen Methode, um die Konditionierung einzubringen. Durch die Verwendung eines Baumwollw\u00e4schesacks wird der Butterverlust reduziert. Beim Sengen entsteht nicht der schwarze Ru\u00df des Mineraldestillats.<\/p>\n\n\n\n<p class=\"\">Viele Jutegarne werden beschichtet, um sie rutschfest zu machen (z. B. Naturlatex in Teppichb\u00f6den), um sie antibakteriell zu machen (z. B. zur Verringerung der Zersetzung in Futters\u00e4cken) und\/oder um die Haarigkeit und den Faserverlust zu verringern (z. B. Polyvinylalkohol). Diese wirken sich auf die Konditionierung aus.<\/p>\n\n\n\n<p class=\"\">Diesen Monat haben wir mit einer alternativen Methode experimentiert, die auf der japanischen Konditionierung von vor mehr als einem Jahrzehnt basiert und JBO-freies KOUMANAWA 60 verwendet. Zuerst haben wir das Seil mit b\u0101yu-Creme gef\u00fcllt. H\u00fcten Sie sich vor den billigen chinesischen Versionen in Plastikbechern, die mit Wasser aufgeschnitten sind und vermieden werden sollten. Echtes japanisches b\u0101yu kommt in 80g-Gl\u00e4sern. Das Beladen erfolgte durch Einstreichen und Einreiben in 4 Zyklen, wobei das Seil zwischen den einzelnen Zyklen vollst\u00e4ndig einziehen und trocknen konnte. Dann haben wir das Seil von Hand mit Jojoba\u00f6l bestrichen und festgestellt, dass nur wenig \u00d6l erforderlich ist, da das b\u0101yu die hydrophile Wirkung der Jutefaser blockiert hat. Dann haben wir gro\u00dfz\u00fcgig kaltes, trockenes Beerenwachs eingerieben, um eine vollst\u00e4ndige Abdeckung zu gew\u00e4hrleisten, bevor wir das Wachs durch Sengen zum Schmelzen brachten und es auf der Oberfl\u00e4che verarbeiteten, um eine Versiegelung zu erzielen.<\/p>\n\n\n\n<figure class=\"wp-block-image aligncenter size-full\"><img data-recalc-dims=\"1\" decoding=\"async\" width=\"800\" height=\"800\" loading=\"lazy\" src=\"https:\/\/i0.wp.com\/koumanawa.com\/wp-content\/uploads\/2025\/11\/IMG_7155.jpg?resize=800%2C800\" alt=\"Rohes und traditionell mit B\u0101yu gef\u00fclltes KOUMANAWA 60\" class=\"wp-image-2797\" srcset=\"https:\/\/i0.wp.com\/koumanawa.com\/wp-content\/uploads\/2025\/11\/IMG_7155.jpg?w=800&amp;ssl=1 800w, https:\/\/i0.wp.com\/koumanawa.com\/wp-content\/uploads\/2025\/11\/IMG_7155.jpg?resize=300%2C300&amp;ssl=1 300w, https:\/\/i0.wp.com\/koumanawa.com\/wp-content\/uploads\/2025\/11\/IMG_7155.jpg?resize=150%2C150&amp;ssl=1 150w, https:\/\/i0.wp.com\/koumanawa.com\/wp-content\/uploads\/2025\/11\/IMG_7155.jpg?resize=768%2C768&amp;ssl=1 768w, https:\/\/i0.wp.com\/koumanawa.com\/wp-content\/uploads\/2025\/11\/IMG_7155.jpg?resize=12%2C12&amp;ssl=1 12w, https:\/\/i0.wp.com\/koumanawa.com\/wp-content\/uploads\/2025\/11\/IMG_7155.jpg?resize=200%2C200&amp;ssl=1 200w, https:\/\/i0.wp.com\/koumanawa.com\/wp-content\/uploads\/2025\/11\/IMG_7155.jpg?resize=600%2C600&amp;ssl=1 600w, https:\/\/i0.wp.com\/koumanawa.com\/wp-content\/uploads\/2025\/11\/IMG_7155.jpg?resize=100%2C100&amp;ssl=1 100w\" sizes=\"auto, (max-width: 800px) 100vw, 800px\" \/><figcaption class=\"wp-element-caption\">Rohes und traditionell mit B\u0101yu gef\u00fclltes KOUMANAWA 60<\/figcaption><\/figure>\n\n\n\n<p class=\"\">Das Ergebnis war wundersch\u00f6n, die Farbe nur leicht nachgedunkelt, Durchmesserzunahme ~6% und Gewichtszunahme ~18%, Faserverlust und Flor fast eliminiert. Allerdings kostete die Konditionierung eines 8 x 8 m gro\u00dfen Satzes ~100 \u20ac und dauerte 3 Wochen, was best\u00e4tigt, dass sie kommerziell nicht rentabel ist.<\/p>\n\n\n\n<p class=\"\"><\/p>","protected":false},"excerpt":{"rendered":"<p>Report December 2025 There are many ways to condition jute rope for shibari. The type and quality of raw material, batching % content, type and piling time, and any additional coating all affect methods and results. We only use the best fibre grown at our selected farms in the geographical area Jat. The region that [&hellip;]<\/p>\n","protected":false},"author":1,"featured_media":0,"parent":0,"menu_order":0,"comment_status":"closed","ping_status":"closed","template":"","meta":{"nf_dc_page":"","advanced_seo_description":"","jetpack_seo_html_title":"","jetpack_seo_noindex":false,"footnotes":""},"class_list":["post-2798","page","type-page","status-publish","hentry"],"jetpack_sharing_enabled":true,"_links":{"self":[{"href":"https:\/\/koumanawa.com\/de\/wp-json\/wp\/v2\/pages\/2798","targetHints":{"allow":["GET"]}}],"collection":[{"href":"https:\/\/koumanawa.com\/de\/wp-json\/wp\/v2\/pages"}],"about":[{"href":"https:\/\/koumanawa.com\/de\/wp-json\/wp\/v2\/types\/page"}],"author":[{"embeddable":true,"href":"https:\/\/koumanawa.com\/de\/wp-json\/wp\/v2\/users\/1"}],"replies":[{"embeddable":true,"href":"https:\/\/koumanawa.com\/de\/wp-json\/wp\/v2\/comments?post=2798"}],"version-history":[{"count":0,"href":"https:\/\/koumanawa.com\/de\/wp-json\/wp\/v2\/pages\/2798\/revisions"}],"wp:attachment":[{"href":"https:\/\/koumanawa.com\/de\/wp-json\/wp\/v2\/media?parent=2798"}],"curies":[{"name":"wp","href":"https:\/\/api.w.org\/{rel}","templated":true}]}}