{"id":3057,"date":"2026-01-10T14:12:34","date_gmt":"2026-01-10T13:12:34","guid":{"rendered":"https:\/\/koumanawa.com\/?page_id=3057"},"modified":"2026-01-10T15:07:17","modified_gmt":"2026-01-10T14:07:17","slug":"uber","status":"publish","type":"page","link":"https:\/\/koumanawa.com\/de\/about\/","title":{"rendered":"\u00dcber"},"content":{"rendered":"<p class=\"has-text-align-center has-base-2-color has-custom-k-gold-background-color has-text-color has-background has-link-color has-large-font-size wp-elements-d13770d2dfd95d8ae579abbf6b003c3f\" style=\"font-style:normal;font-weight:700\">\u00dcBER<\/p>\n\n\n\n<p>KOUMANAWA fungiert als exklusiver weltweiter Vertriebspartner und beratender Ingenieur f\u00fcr unseren japanischen Garn- und Seilhersteller.<\/p>\n\n\n\n<p>Unsere Mission ist es, auf ethische Weise Shibari Asanawa von h\u00f6chster Qualit\u00e4t anzubieten, das sich durch Best\u00e4ndigkeit, Verf\u00fcgbarkeit, Erschwinglichkeit und Nachhaltigkeit auszeichnet.<\/p>\n\n\n\n<p>Wir verwenden ausschlie\u00dflich hochwertige 100 % Corchorus olitorius Tossa-Jutefasern, die mit Vitamin A+D angereichertem, kaltgepresstem, nicht ranzig werdendem Soja\u00f6l behandelt wurden.<\/p>\n\n\n\n<p>Unser KI-Garn wird in unserer eigenen, modernen Spinnerei verarbeitet und ist so konzipiert, dass es die perfekte Balance f\u00fcr unser SHIZEN Asanawa bietet, mit optimaler L\u00e4ngsfestigkeit und komprimierbarer Weichheit f\u00fcr l\u00e4ngeren Hautkontakt.<\/p>\n\n\n\n<figure class=\"wp-block-image aligncenter size-full\"><img data-recalc-dims=\"1\" decoding=\"async\" width=\"800\" height=\"400\" loading=\"lazy\" src=\"https:\/\/i0.wp.com\/koumanawa.com\/wp-content\/uploads\/2026\/01\/SHIZEN-Stack-Sizes.webp?resize=800%2C400\" alt=\"\" class=\"wp-image-3083\" srcset=\"https:\/\/i0.wp.com\/koumanawa.com\/wp-content\/uploads\/2026\/01\/SHIZEN-Stack-Sizes.webp?w=800&amp;ssl=1 800w, https:\/\/i0.wp.com\/koumanawa.com\/wp-content\/uploads\/2026\/01\/SHIZEN-Stack-Sizes.webp?resize=300%2C150&amp;ssl=1 300w, https:\/\/i0.wp.com\/koumanawa.com\/wp-content\/uploads\/2026\/01\/SHIZEN-Stack-Sizes.webp?resize=768%2C384&amp;ssl=1 768w, https:\/\/i0.wp.com\/koumanawa.com\/wp-content\/uploads\/2026\/01\/SHIZEN-Stack-Sizes.webp?resize=18%2C9&amp;ssl=1 18w\" sizes=\"auto, (max-width: 800px) 100vw, 800px\" \/><\/figure>\n\n\n\n<p><\/p>","protected":false},"excerpt":{"rendered":"<p>ABOUT KOUMANAWA is the exclusive global distributor for, and consulting engineers to our Japanese yarn and rope-maker. Our mission is to ethically supply the highest quality non-JBO Shibari Asanawa consistency, availability, affordability and sustainability. We only use premium quality 100% corchorus olitorius Tossa jute fibre batched using Vitamin A+D fortified cold-pressed, non-rancidifying Soybean oil. Our [&hellip;]<\/p>\n","protected":false},"author":1,"featured_media":0,"parent":0,"menu_order":0,"comment_status":"closed","ping_status":"closed","template":"","meta":{"nf_dc_page":"","advanced_seo_description":"","jetpack_seo_html_title":"","jetpack_seo_noindex":false,"footnotes":""},"class_list":["post-3057","page","type-page","status-publish","hentry"],"jetpack_sharing_enabled":true,"_links":{"self":[{"href":"https:\/\/koumanawa.com\/de\/wp-json\/wp\/v2\/pages\/3057","targetHints":{"allow":["GET"]}}],"collection":[{"href":"https:\/\/koumanawa.com\/de\/wp-json\/wp\/v2\/pages"}],"about":[{"href":"https:\/\/koumanawa.com\/de\/wp-json\/wp\/v2\/types\/page"}],"author":[{"embeddable":true,"href":"https:\/\/koumanawa.com\/de\/wp-json\/wp\/v2\/users\/1"}],"replies":[{"embeddable":true,"href":"https:\/\/koumanawa.com\/de\/wp-json\/wp\/v2\/comments?post=3057"}],"version-history":[{"count":0,"href":"https:\/\/koumanawa.com\/de\/wp-json\/wp\/v2\/pages\/3057\/revisions"}],"wp:attachment":[{"href":"https:\/\/koumanawa.com\/de\/wp-json\/wp\/v2\/media?parent=3057"}],"curies":[{"name":"wp","href":"https:\/\/api.w.org\/{rel}","templated":true}]}}