{"id":3059,"date":"2026-01-10T14:14:35","date_gmt":"2026-01-10T13:14:35","guid":{"rendered":"https:\/\/koumanawa.com\/?page_id=3059"},"modified":"2026-01-19T15:04:32","modified_gmt":"2026-01-19T14:04:32","slug":"shizen","status":"publish","type":"page","link":"https:\/\/koumanawa.com\/de\/shizen\/","title":{"rendered":"SHIZEN"},"content":{"rendered":"<p class=\"has-text-align-center has-base-2-color has-custom-k-gold-background-color has-text-color has-background has-link-color has-large-font-size wp-elements-2b423c284f0857cb222f68eeddb294cd\" style=\"font-style:normal;font-weight:700\">SHIZEN<\/p>\n\n\n\n<p class=\"has-text-align-center\">SHIZEN ist ein mittelgrobes, JBO-freies Seil, das speziell f\u00fcr Shibari Liebhaber, Kenner und Experten von Shibari entwickelt wurde. Es besteht aus unserem hochwertigen 100 % Tossa KI-Garn und ist in Spulengr\u00f6\u00dfen von 2,5 kg und 10 kg erh\u00e4ltlich.<\/p>\n\n\n\n<figure class=\"wp-block-image aligncenter size-full\"><img data-recalc-dims=\"1\" decoding=\"async\" width=\"200\" height=\"200\" loading=\"lazy\" src=\"https:\/\/i0.wp.com\/koumanawa.com\/wp-content\/uploads\/2026\/01\/SHIZEN-60-2-5kgt.webp?resize=200%2C200\" alt=\"\" class=\"wp-image-3065\" srcset=\"https:\/\/i0.wp.com\/koumanawa.com\/wp-content\/uploads\/2026\/01\/SHIZEN-60-2-5kgt.webp?w=200&amp;ssl=1 200w, https:\/\/i0.wp.com\/koumanawa.com\/wp-content\/uploads\/2026\/01\/SHIZEN-60-2-5kgt.webp?resize=150%2C150&amp;ssl=1 150w, https:\/\/i0.wp.com\/koumanawa.com\/wp-content\/uploads\/2026\/01\/SHIZEN-60-2-5kgt.webp?resize=12%2C12&amp;ssl=1 12w, https:\/\/i0.wp.com\/koumanawa.com\/wp-content\/uploads\/2026\/01\/SHIZEN-60-2-5kgt.webp?resize=100%2C100&amp;ssl=1 100w\" sizes=\"auto, (max-width: 200px) 100vw, 200px\" \/><\/figure>\n\n\n\n<p class=\"has-text-align-center\">SHIZEN 60 2,5 kg \u00f86,0 mm x 135 m 125 \u20ac zzgl. Versandkosten und Steuern (falls zutreffend)<\/p>\n\n\n\n<figure class=\"wp-block-image aligncenter size-full\"><img data-recalc-dims=\"1\" decoding=\"async\" width=\"200\" height=\"200\" loading=\"lazy\" src=\"https:\/\/i0.wp.com\/koumanawa.com\/wp-content\/uploads\/2026\/01\/SHIZEN-55-2-5kgt.webp?resize=200%2C200\" alt=\"\" class=\"wp-image-3067\" srcset=\"https:\/\/i0.wp.com\/koumanawa.com\/wp-content\/uploads\/2026\/01\/SHIZEN-55-2-5kgt.webp?w=200&amp;ssl=1 200w, https:\/\/i0.wp.com\/koumanawa.com\/wp-content\/uploads\/2026\/01\/SHIZEN-55-2-5kgt.webp?resize=150%2C150&amp;ssl=1 150w, https:\/\/i0.wp.com\/koumanawa.com\/wp-content\/uploads\/2026\/01\/SHIZEN-55-2-5kgt.webp?resize=12%2C12&amp;ssl=1 12w, https:\/\/i0.wp.com\/koumanawa.com\/wp-content\/uploads\/2026\/01\/SHIZEN-55-2-5kgt.webp?resize=100%2C100&amp;ssl=1 100w\" sizes=\"auto, (max-width: 200px) 100vw, 200px\" \/><\/figure>\n\n\n\n<p class=\"has-text-align-center\">SHIZEN 55 2,5 kg \u00f85,5 mm x 145 m 125 \u20ac zzgl. Versandkosten und Steuern (falls zutreffend)<\/p>\n\n\n\n<figure class=\"wp-block-image aligncenter size-full\"><img data-recalc-dims=\"1\" decoding=\"async\" width=\"200\" height=\"200\" loading=\"lazy\" src=\"https:\/\/i0.wp.com\/koumanawa.com\/wp-content\/uploads\/2026\/01\/SHIZEN-50-2-5kgt.webp?resize=200%2C200\" alt=\"\" class=\"wp-image-3069\" srcset=\"https:\/\/i0.wp.com\/koumanawa.com\/wp-content\/uploads\/2026\/01\/SHIZEN-50-2-5kgt.webp?w=200&amp;ssl=1 200w, https:\/\/i0.wp.com\/koumanawa.com\/wp-content\/uploads\/2026\/01\/SHIZEN-50-2-5kgt.webp?resize=150%2C150&amp;ssl=1 150w, https:\/\/i0.wp.com\/koumanawa.com\/wp-content\/uploads\/2026\/01\/SHIZEN-50-2-5kgt.webp?resize=12%2C12&amp;ssl=1 12w, https:\/\/i0.wp.com\/koumanawa.com\/wp-content\/uploads\/2026\/01\/SHIZEN-50-2-5kgt.webp?resize=100%2C100&amp;ssl=1 100w\" sizes=\"auto, (max-width: 200px) 100vw, 200px\" \/><\/figure>\n\n\n\n<p class=\"has-text-align-center\">SHIZEN 50 2,5 kg \u00f85,0 mm x 155 m 125 \u20ac zzgl. Versandkosten und Steuern (falls zutreffend)<\/p>\n\n\n\n<figure class=\"wp-block-image aligncenter size-full\"><img data-recalc-dims=\"1\" decoding=\"async\" width=\"200\" height=\"200\" loading=\"lazy\" src=\"https:\/\/i0.wp.com\/koumanawa.com\/wp-content\/uploads\/2026\/01\/SHIZEN-60-10kgt.webp?resize=200%2C200\" alt=\"\" class=\"wp-image-3064\" srcset=\"https:\/\/i0.wp.com\/koumanawa.com\/wp-content\/uploads\/2026\/01\/SHIZEN-60-10kgt.webp?w=200&amp;ssl=1 200w, https:\/\/i0.wp.com\/koumanawa.com\/wp-content\/uploads\/2026\/01\/SHIZEN-60-10kgt.webp?resize=150%2C150&amp;ssl=1 150w, https:\/\/i0.wp.com\/koumanawa.com\/wp-content\/uploads\/2026\/01\/SHIZEN-60-10kgt.webp?resize=12%2C12&amp;ssl=1 12w, https:\/\/i0.wp.com\/koumanawa.com\/wp-content\/uploads\/2026\/01\/SHIZEN-60-10kgt.webp?resize=100%2C100&amp;ssl=1 100w\" sizes=\"auto, (max-width: 200px) 100vw, 200px\" \/><\/figure>\n\n\n\n<p class=\"has-text-align-center\">SHIZEN 60 10 kg \u00f86,0 mm x 540 m 425 \u20ac zzgl. Versandkosten und Steuern (falls zutreffend)<\/p>\n\n\n\n<figure class=\"wp-block-image aligncenter size-full\"><img data-recalc-dims=\"1\" decoding=\"async\" width=\"200\" height=\"200\" loading=\"lazy\" src=\"https:\/\/i0.wp.com\/koumanawa.com\/wp-content\/uploads\/2026\/01\/SHIZEN-55-10kgt.webp?resize=200%2C200\" alt=\"\" class=\"wp-image-3066\" srcset=\"https:\/\/i0.wp.com\/koumanawa.com\/wp-content\/uploads\/2026\/01\/SHIZEN-55-10kgt.webp?w=200&amp;ssl=1 200w, https:\/\/i0.wp.com\/koumanawa.com\/wp-content\/uploads\/2026\/01\/SHIZEN-55-10kgt.webp?resize=150%2C150&amp;ssl=1 150w, https:\/\/i0.wp.com\/koumanawa.com\/wp-content\/uploads\/2026\/01\/SHIZEN-55-10kgt.webp?resize=12%2C12&amp;ssl=1 12w, https:\/\/i0.wp.com\/koumanawa.com\/wp-content\/uploads\/2026\/01\/SHIZEN-55-10kgt.webp?resize=100%2C100&amp;ssl=1 100w\" sizes=\"auto, (max-width: 200px) 100vw, 200px\" \/><\/figure>\n\n\n\n<p class=\"has-text-align-center\">SHIZEN 55 10 kg \u00f85,5 mm x 610 m 425 \u20ac zzgl. Versandkosten und Steuern (falls zutreffend)<\/p>\n\n\n\n<figure class=\"wp-block-image aligncenter size-full\"><img data-recalc-dims=\"1\" decoding=\"async\" width=\"200\" height=\"200\" loading=\"lazy\" src=\"https:\/\/i0.wp.com\/koumanawa.com\/wp-content\/uploads\/2026\/01\/SHIZEN-50-10kgt.webp?resize=200%2C200\" alt=\"\" class=\"wp-image-3068\" srcset=\"https:\/\/i0.wp.com\/koumanawa.com\/wp-content\/uploads\/2026\/01\/SHIZEN-50-10kgt.webp?w=200&amp;ssl=1 200w, https:\/\/i0.wp.com\/koumanawa.com\/wp-content\/uploads\/2026\/01\/SHIZEN-50-10kgt.webp?resize=150%2C150&amp;ssl=1 150w, https:\/\/i0.wp.com\/koumanawa.com\/wp-content\/uploads\/2026\/01\/SHIZEN-50-10kgt.webp?resize=12%2C12&amp;ssl=1 12w, https:\/\/i0.wp.com\/koumanawa.com\/wp-content\/uploads\/2026\/01\/SHIZEN-50-10kgt.webp?resize=100%2C100&amp;ssl=1 100w\" sizes=\"auto, (max-width: 200px) 100vw, 200px\" \/><\/figure>\n\n\n\n<p class=\"has-text-align-center\">SHIZEN 50 10 kg \u00f85,0 mm x 640 m 425 \u20ac zzgl. Versandkosten und Steuern (falls zutreffend)<\/p>\n\n\n\n<figure class=\"wp-block-image aligncenter size-full\"><img data-recalc-dims=\"1\" decoding=\"async\" width=\"200\" height=\"200\" loading=\"lazy\" src=\"https:\/\/i0.wp.com\/koumanawa.com\/wp-content\/uploads\/2026\/01\/IMG_7267.webp?resize=200%2C200\" alt=\"\" class=\"wp-image-3191\" srcset=\"https:\/\/i0.wp.com\/koumanawa.com\/wp-content\/uploads\/2026\/01\/IMG_7267.webp?w=200&amp;ssl=1 200w, https:\/\/i0.wp.com\/koumanawa.com\/wp-content\/uploads\/2026\/01\/IMG_7267.webp?resize=150%2C150&amp;ssl=1 150w, https:\/\/i0.wp.com\/koumanawa.com\/wp-content\/uploads\/2026\/01\/IMG_7267.webp?resize=12%2C12&amp;ssl=1 12w\" sizes=\"auto, (max-width: 200px) 100vw, 200px\" \/><\/figure>\n\n\n\n<p class=\"has-text-align-center\">SHIZEN Musterpaket \u00f86,0, 5,5 und 5,0 mm x 4 m 5 \u20ac + Versand + Steuern (falls zutreffend)<\/p>\n\n\n\n<p class=\"has-text-align-center has-base-2-color has-custom-k-gold-background-color has-text-color has-background has-link-color has-medium-font-size wp-elements-ed7d3d8a1f220788b8b106bf474c22ce\">Bitte verwenden Sie die <a href=\"https:\/\/koumanawa.com\/de\/kontakt\/\" data-type=\"page\" data-id=\"170\">Kontakt-Formular<\/a> f\u00fcr Nachforschungen<\/p>","protected":false},"excerpt":{"rendered":"<p>SHIZEN SHIZEN is a medium-loose lay JBO-free rope designed specifically for Shibari aficionados, connoisseurs and experts using our premium grade 100% Tossa KI yarn in 2.5kg and 10kg spool sizes. SHIZEN 60 2.5kg \u00f86.0mm x 135m 125\u20ac + shipping + tax (where applicable) SHIZEN 55 2.5kg \u00f85.5mm x 145m 125\u20ac + shipping + tax (where [&hellip;]<\/p>\n","protected":false},"author":1,"featured_media":0,"parent":0,"menu_order":0,"comment_status":"closed","ping_status":"closed","template":"","meta":{"nf_dc_page":"","advanced_seo_description":"","jetpack_seo_html_title":"","jetpack_seo_noindex":false,"footnotes":""},"class_list":["post-3059","page","type-page","status-publish","hentry"],"jetpack_sharing_enabled":true,"_links":{"self":[{"href":"https:\/\/koumanawa.com\/de\/wp-json\/wp\/v2\/pages\/3059","targetHints":{"allow":["GET"]}}],"collection":[{"href":"https:\/\/koumanawa.com\/de\/wp-json\/wp\/v2\/pages"}],"about":[{"href":"https:\/\/koumanawa.com\/de\/wp-json\/wp\/v2\/types\/page"}],"author":[{"embeddable":true,"href":"https:\/\/koumanawa.com\/de\/wp-json\/wp\/v2\/users\/1"}],"replies":[{"embeddable":true,"href":"https:\/\/koumanawa.com\/de\/wp-json\/wp\/v2\/comments?post=3059"}],"version-history":[{"count":0,"href":"https:\/\/koumanawa.com\/de\/wp-json\/wp\/v2\/pages\/3059\/revisions"}],"wp:attachment":[{"href":"https:\/\/koumanawa.com\/de\/wp-json\/wp\/v2\/media?parent=3059"}],"curies":[{"name":"wp","href":"https:\/\/api.w.org\/{rel}","templated":true}]}}