{"id":3226,"date":"2026-01-31T12:54:07","date_gmt":"2026-01-31T11:54:07","guid":{"rendered":"https:\/\/koumanawa.com\/?page_id=3226"},"modified":"2026-01-31T13:00:22","modified_gmt":"2026-01-31T12:00:22","slug":"bericht-februar-2026","status":"publish","type":"page","link":"https:\/\/koumanawa.com\/de\/report-february-2026\/","title":{"rendered":"Bericht Februar 2026"},"content":{"rendered":"<p><\/p>\n\n\n\n<p>Bericht Februar 2026<\/p>\n\n\n\n<p>Um zu verstehen, warum und wie wir KI-Garn hergestellt haben, ist es wichtig, den historischen Kontext zu betrachten. In einer Periode der Aufkl\u00e4rung vor einem Jahrhundert, in der billige Ver\u00f6ffentlichungen zug\u00e4nglich waren und der Liberalismus zunahm, trat das, was wir heute als Kink bezeichnen, aus dem Schatten. Zun\u00e4chst durch das geschriebene Wort, dann durch die Illustrationen. Nach dem autorit\u00e4ren Nationalismus, der die Begeisterung f\u00fcr Nischen unterdr\u00fcckte, wurde das Interesse nach dem Zweiten Weltkrieg, insbesondere in Japan, durch die Fotografie und sp\u00e4ter durch Video erweitert.<\/p>\n\n\n\n<p>Die Nachfrage nach Fesselseilen war unbedeutend. Wie die von Lesern eingesandten Bilder im Kitan Club bis Mitte der 1970er Jahre belegen, ist so ziemlich alles zu sehen, was flexibel und knotbar ist. Eikichi Osada verwendete ausschlie\u00dflich Baumwolle. Toshiyuki Suma und Chimuo Nureki, dann Kenji Matsui und Akechi Denki wechselten von den schwindenden Best\u00e4nden an japanischem Hanf aus der Zeit vor dem Verbot zu bengalischer Jute wegen ihrer hervorragenden Eigenschaften f\u00fcr Shibari, und die meisten japanischen Kinbakushi folgten diesem Beispiel.<\/p>\n\n\n\n<p>Das Internet hatte einen enormen Einfluss und f\u00f6rderte zun\u00e4chst das Interesse an Kink, da die Informationen grenzenlos wurden und nationale Vorschriften unwirksam wurden. Das Ph\u00e4nomen \"50 Shades\" war ein Katalysator f\u00fcr Millionen von Menschen, die sich der Normalit\u00e4t erwachsener Fantasien bewusst wurden. Innerhalb eines Jahrzehnts vollzog sich ein Wandel vom Konsumenten zum Praktiker. Die Zuschauer begn\u00fcgten sich nicht mehr mit dem Surfen auf spezialisierten Websites, sondern wollten selbst aktiv werden.<\/p>\n\n\n\n<p>Das hat zu einem bemerkenswerten Wachstum gef\u00fchrt. Aber Seile sind f\u00fcr ganz unterschiedliche Anwendungen gemacht. Jeder hat das Recht, das auszuw\u00e4hlen und zu beschaffen, was er m\u00f6chte. Ich wollte das Beste. Da dies eine gro\u00dfe Menge bedeutete, musste ich es der Gemeinschaft zur Verf\u00fcgung stellen. Als ich mich eingehender mit dem Material, der Industrie, dem Prozess und der Technik besch\u00e4ftigte, wurde mir klar, dass die verf\u00fcgbaren Garnqualit\u00e4ten nicht den Anforderungen an die L\u00e4ngsfestigkeit und Weichheit eines Shibari-Asanawa-Seils entsprachen.<\/p>\n\n\n\n<p>Im Unterschied zu den Jute-B\u00f6rsenklassifizierungen wird die Rohfaserqualit\u00e4t bei der Sortierung im Werk in 7 Stufen ausgew\u00e4hlt: ODI, D1\/2\/3, E1, SMR und Schneiden. Es gibt 3 grundlegende Garnqualit\u00e4ten: Hessian, Sacking und Carpet Backing.<\/p>\n\n\n\n<p>Hessisch ist ein allgemeines Garn f\u00fcr Anwendungen, bei denen Sackgarne zu grob sind. Es wird f\u00fcr die Herstellung von T\u00fcchern, Einkaufstaschen, feineren S\u00e4cken, landwirtschaftlichen Bindemitteln (Schn\u00fcre, Bindf\u00e4den und Seile) und Kunsthandwerk verwendet. Bei der Verwendung von D2\/3-Material m\u00fcssen Garne mit mittlerer Feinheit lockerer gesponnen werden, damit sie flexibel genug sind, um relativ eng gewebt zu werden. Sackleinen ist ein strapazierf\u00e4higeres Garn aus billigem E1- und SMR-Material, das in der Regel mehrfach gezwirnt wird, um ein Brechen des Sackes zu vermeiden. Carpet Backing, z. B. CRM, CRT, CRX usw., verwendet D1\/2 und ist f\u00fcr lockeres Weben ausgelegt und kann zur Herstellung von Tauwerk verwendet werden, das weniger Haare und Faserverluste als Hessian aufweist.<\/p>\n\n\n\n<p>Alle 3 Qualit\u00e4ten sind \u00fcblicherweise Tossa, das aus Kostengr\u00fcnden manchmal mit billigem Meshta gemischt wird. Abf\u00e4lle von Fasern, die f\u00fcr Hessian und Carpet Backing verwendet werden, werden in E1 und SMR wiederverwendet, wobei der Schnitt f\u00fcr Garn unbrauchbar ist. Es gibt Spezialgarne, z. B. feines Wei\u00df, das f\u00fcr Stoffe, Baumwoll-Jute-Mischungen usw. verwendet wird. Wir wollten ein Garn herstellen, das genau f\u00fcr Shibari entwickelt wurde, was ohne die Fertigstellung unserer selbstgebauten, hochmodernen Garnfabrik nicht m\u00f6glich war.<\/p>\n\n\n\n<p>Wir haben mit Rohmaterial experimentiert und seltenes ODI mit D1 gemischt. Leider ist ODI weitaus teurer, beim Hacken werden 30-40% Sch\u00fcttgut entfernt, und saisonale Unterschiede begrenzen die Verf\u00fcgbarkeit. Da wir ein konsistentes, wiederholbares Produkt ben\u00f6tigten, entschieden wir uns f\u00fcr 100% D1 Tossa. Wir mussten die Haarigkeit und den Faserverlust verstehen und reduzieren. Jede Faser besteht aus 2 Haaren - den Enden. Je st\u00e4rker die Fasern gebrochen sind, desto mehr Haare. Je kleiner die Fasern, desto mehr Faserverlust. So einfach ist das. Die Analyse der Maschinen, das Beobachten, Messen und Fragenstellen f\u00fchrte dazu, dass die Komponenten ver\u00e4ndert, die Geschwindigkeiten gesenkt und die Sojabohnen\u00f6lmischung angepasst wurden, usw., bis wir die optimalen Einstellungen gefunden hatten. Diese wurden bei jeder Iteration zu Seilen verarbeitet und unter realen Bedingungen getestet.<\/p>\n\n\n\n<p>Die Spezifikation f\u00fcr KI (KOUMANAWA Ito) \u00fcberwand die Probleme, die bei mit Sojabohnen\u00f6l gef\u00fcllten Garnen bei der Verseilung und Seilherstellung auftreten. Die Verbesserung der L\u00e4ngsfestigkeit erm\u00f6glichte es, das weiche Garn mit 10% durch die Werkzeuge zu f\u00fchren, ohne Druckwellen zu erzeugen, was zu einem stabilen Endprodukt f\u00fchrte. Und schlie\u00dflich haben wir den Sweet Spot f\u00fcr die Herstellung von Jute-Shibari-Asanawa-Seilen f\u00fcr unsere Bed\u00fcrfnisse gefunden - SHIZEN. Wir w\u00fcnschen Ihnen viel Freude bei der Arbeit mit diesem Seil.<\/p>\n\n\n\n<p>Beachten Sie, dass alle Seilhersteller die Produktionsspulen mit einem Etikett (Jp. Mamefuda) kennzeichnen. Wenn Sie kein solches Etikett finden, sollten Sie vorsichtig sein, was die Quelle betrifft. H\u00fcten Sie sich vor unwahren, irref\u00fchrenden oder t\u00e4uschenden Aussagen, mit denen f\u00fcr Produkte oder Dienstleistungen geworben wird, z. B. <em>Handgefertigt in Japan<\/em> ohne Beweise. KI und SHIZEN sind Maschinen, die von Experten an japanischen Standorten in Bangladesch hergestellt werden.<\/p>\n\n\n\n<figure class=\"wp-block-image aligncenter size-full\"><img data-recalc-dims=\"1\" decoding=\"async\" width=\"200\" height=\"370\" loading=\"lazy\" src=\"https:\/\/i0.wp.com\/koumanawa.com\/wp-content\/uploads\/2026\/01\/KI-Mamefuda.webp?resize=200%2C370\" alt=\"Typisches Mamefuda-Etikett\" class=\"wp-image-3225\" srcset=\"https:\/\/i0.wp.com\/koumanawa.com\/wp-content\/uploads\/2026\/01\/KI-Mamefuda.webp?w=200&amp;ssl=1 200w, https:\/\/i0.wp.com\/koumanawa.com\/wp-content\/uploads\/2026\/01\/KI-Mamefuda.webp?resize=162%2C300&amp;ssl=1 162w, https:\/\/i0.wp.com\/koumanawa.com\/wp-content\/uploads\/2026\/01\/KI-Mamefuda.webp?resize=6%2C12&amp;ssl=1 6w\" sizes=\"auto, (max-width: 200px) 100vw, 200px\" \/><figcaption class=\"wp-element-caption\">Typisches Mamefuda-Etikett<\/figcaption><\/figure>\n\n\n\n<p><\/p>","protected":false},"excerpt":{"rendered":"<p>Report February 2026 To understand why and how we made KI grade yarn, perspective is relevant to historical context. A period of enlightenment a century ago combined accessible cheap publishing and increasing liberalism when what we now consider kink came out of the shadows. First by written word, then breaking barriers with illustrations. Following the [&hellip;]<\/p>\n","protected":false},"author":1,"featured_media":0,"parent":0,"menu_order":0,"comment_status":"closed","ping_status":"closed","template":"","meta":{"nf_dc_page":"","advanced_seo_description":"","jetpack_seo_html_title":"","jetpack_seo_noindex":false,"footnotes":""},"class_list":["post-3226","page","type-page","status-publish","hentry"],"jetpack_sharing_enabled":true,"_links":{"self":[{"href":"https:\/\/koumanawa.com\/de\/wp-json\/wp\/v2\/pages\/3226","targetHints":{"allow":["GET"]}}],"collection":[{"href":"https:\/\/koumanawa.com\/de\/wp-json\/wp\/v2\/pages"}],"about":[{"href":"https:\/\/koumanawa.com\/de\/wp-json\/wp\/v2\/types\/page"}],"author":[{"embeddable":true,"href":"https:\/\/koumanawa.com\/de\/wp-json\/wp\/v2\/users\/1"}],"replies":[{"embeddable":true,"href":"https:\/\/koumanawa.com\/de\/wp-json\/wp\/v2\/comments?post=3226"}],"version-history":[{"count":0,"href":"https:\/\/koumanawa.com\/de\/wp-json\/wp\/v2\/pages\/3226\/revisions"}],"wp:attachment":[{"href":"https:\/\/koumanawa.com\/de\/wp-json\/wp\/v2\/media?parent=3226"}],"curies":[{"name":"wp","href":"https:\/\/api.w.org\/{rel}","templated":true}]}}