{"id":3270,"date":"2026-02-28T10:42:19","date_gmt":"2026-02-28T09:42:19","guid":{"rendered":"https:\/\/koumanawa.com\/?page_id=3270"},"modified":"2026-02-28T10:42:19","modified_gmt":"2026-02-28T09:42:19","slug":"bericht-marz-2026","status":"publish","type":"page","link":"https:\/\/koumanawa.com\/de\/report-march-2026\/","title":{"rendered":"Bericht M\u00e4rz 2026"},"content":{"rendered":"<p><\/p>\n\n\n\n<p>Bericht M\u00e4rz 2026<\/p>\n\n\n\n<p>Wie vorhergesagt, hat sich die Versorgungslage bei Jute erheblich verschlechtert. Aus dem am 2. Februar ver\u00f6ffentlichten WGC-Jutemarktbericht geht hervor, dass sowohl die Jutem\u00fchlen- als auch die Jutespinnereiverb\u00e4nde von schweren Engp\u00e4ssen berichten. Das Angebot bleibt weit hinter der Nachfrage zur\u00fcck, was die Rohstoffpreise auf ein Rekordniveau treibt. Aufgrund der Knappheit und der steigenden Preise warnen die M\u00fchlenbesitzer vor Schlie\u00dfungen, die zu Arbeitslosigkeit, einer Verschlechterung von Recht und Ordnung und allgemein negativen Auswirkungen auf die Wirtschaft f\u00fchren k\u00f6nnten.<\/p>\n\n\n\n<p>Begrenztes Angebot und stark steigende Preise st\u00f6ren das Marktgeschehen. Quellen best\u00e4tigen, dass das Angebot an hochwertigem Tossa fast verschwunden ist, was zu wachsender Besorgnis f\u00fchrt. Auch unser Nischenmarkt sollte besorgt sein. Nicht nur f\u00fcr 2026, sondern auch f\u00fcr die kommenden Saisons. Ein gro\u00dfer tropischer Wirbelsturm k\u00f6nnte die ohnehin schon besorgniserregende Situation noch verschlimmern. Es wird vorhergesagt, dass die Preise f\u00fcr Juteseile nur steigen werden. F\u00fcr alle.<\/p>\n\n\n\n<p>F\u00fcr dieses Jahr haben wir uns vorbereitet und unsere Lagerhallen gef\u00fcllt, indem wir zum optimalen Zeitpunkt den aktuellen Preis bezahlt haben, um der erwarteten Kurve voraus zu sein. Da wir jedoch der einzige Hersteller von Jutegarn nach dem neuesten Stand der Technik sind, der in seiner Fabrik keinen JBO hat, sind die Verk\u00e4ufe auf dem breiteren Markt in die H\u00f6he geschnellt, und unser Rohstoffverbrauch ist weit h\u00f6her als erwartet.<\/p>\n\n\n\n<p>Es gibt mehrere japanische Seilkonzerne. Unser Partner ist der einzige, der Jutegarn und Tauwerk herstellt. Das JBO-Farmseil, das man in den gro\u00dfen japanischen Seill\u00e4den kaufen kann, wird in China hergestellt. Andere Firmen beziehen es aus Bangladesch, wo die besten Jutefasern wachsen, oder aus Indien.<\/p>\n\n\n\n<p>Seilspulen sind schwer und teuer, wenn sie um die Welt verschickt werden sollen. Genau deshalb haben wir in Australien einen regionalen Vertrieb f\u00fcr Ozeanien, Kanada, das Vereinigte K\u00f6nigreich und die USA eingerichtet. Zurzeit diskutieren wir \u00fcber eine Expansion nach China, Japan und S\u00fcdamerika.<\/p>\n\n\n\n<p>Bangladesch kommt aufgrund seines Status als am wenigsten entwickeltes Land in den Genuss des Allgemeinen Pr\u00e4ferenzsystems (APS). Diesen Status wird es voraussichtlich Ende 2026 verlieren, aber die EU kann eine dreij\u00e4hrige \u00dcbergangsfrist bis Ende 2029 verl\u00e4ngern.<\/p>\n\n\n\n<p>F\u00fcr das Vereinigte K\u00f6nigreich gilt im Rahmen des Handelssystems f\u00fcr Entwicklungsl\u00e4nder, dass Bangladesch auch nach 2026 zollfreien Zugang hat. Japan hat k\u00fcrzlich die APS-Privilegien f\u00fcr ehemalige LDC bis 2029 verl\u00e4ngert. Kanada bietet Bangladesch im Rahmen des Allgemeinen Pr\u00e4ferenzsystems und des Programms f\u00fcr die am wenigsten entwickelten L\u00e4nder (Least Developed Country Tariff) einen pr\u00e4ferenziellen Marktzugang mit reduziertem oder zollfreiem Zugang f\u00fcr viele Produkte. Bangladesch genie\u00dft als LDC zollfreien Zugang f\u00fcr alle Produkte, die nach Australien exportiert werden.<\/p>\n\n\n\n<p>Das APS-Programm der USA f\u00fcr Bangladesch bleibt ausgesetzt. Die Wiedereinf\u00fchrung h\u00e4ngt von den laufenden Gespr\u00e4chen ab. Seit 2025 unterliegen Juteprodukte aus Bangladesch, die in die USA eingef\u00fchrt werden, h\u00f6heren Z\u00f6llen aufgrund neuer \u2018reziproker\u2019 Z\u00f6lle (bedeutet dies, dass Bangladesch nicht vorhandene US-Jute besteuert?). Wir haben keine Ahnung, wie hoch diese Z\u00f6lle im Alltag sind.<\/p>\n\n\n\n<p>F\u00fcr potenzielle US-Kunden ist es wichtig zu verstehen, dass die Preise in ihrem Heimatmarkt im Vergleich zu anderen L\u00e4ndern teuer erscheinen k\u00f6nnen. Aber bitte beachten Sie, dass bei einer Bestellung au\u00dferhalb der USA immer noch Z\u00f6lle bei der Einfuhr erhoben werden. Es ist weitaus wirtschaftlicher, bei unserem US-H\u00e4ndler Clean Rope Company zu bestellen.<\/p>\n\n\n\n<p>Wir produzieren in Bangladesch, weil dort die beste Jute w\u00e4chst, qualifizierte Jutearbeiter leicht verf\u00fcgbar und weitaus wirtschaftlicher sind und der Versand an den Hauptsitz in Japan und der Sekund\u00e4rexport unlogisch sind, aber auch wegen der globalen Zollstrukturen.<\/p>\n\n\n\n<p>Die EU und Japan bieten f\u00fcr indische Produkte reduzierte Z\u00f6lle an. Die USA haben die APS-Vorteile Indiens 2019 wegen Problemen beim Marktzugang beendet. Seit 2025 unterliegen Juteseile, die aus Indien in die USA eingef\u00fchrt werden, wesentlich h\u00f6heren Zusatzz\u00f6llen.<\/p>\n\n\n\n<p>Z\u00f6lle sind ein Handelshemmnis, das sich auf den Preis auswirkt, den die Kunden f\u00fcr ein Produkt zahlen, da die Kosten weitergegeben werden. Bleiben sie bestehen, f\u00fchren sie zu einer geringeren Nachfrage, da die M\u00e4rkte nach Alternativen suchen. Z\u00f6lle sind nur dann sinnvoll, wenn ein Land versucht, sich vor Billigimporten von Produkten zu sch\u00fctzen, die mit den im Inland hergestellten konkurrieren, z. B. Bangladesch und Indien. Vergessen Sie nie, dass Jute, die lang genug f\u00fcr Tauwerk ist, nur in Bengalen w\u00e4chst.<\/p>\n\n\n\n<p><\/p>","protected":false},"excerpt":{"rendered":"<p>Report March 2026 As predicted, the jute supply situation has worsened significantly. From the WGC Jute Market Report published 2nd February, both Jute Mills and Jute Spinners Associations report severe shortages. Supply remains far below demand, pushing raw material prices to record levels. Due to scarcity and soaring prices, mill owners warn they may shut [&hellip;]<\/p>\n","protected":false},"author":1,"featured_media":0,"parent":0,"menu_order":0,"comment_status":"closed","ping_status":"closed","template":"","meta":{"nf_dc_page":"","advanced_seo_description":"","jetpack_seo_html_title":"","jetpack_seo_noindex":false,"footnotes":""},"class_list":["post-3270","page","type-page","status-publish","hentry"],"jetpack_sharing_enabled":true,"_links":{"self":[{"href":"https:\/\/koumanawa.com\/de\/wp-json\/wp\/v2\/pages\/3270","targetHints":{"allow":["GET"]}}],"collection":[{"href":"https:\/\/koumanawa.com\/de\/wp-json\/wp\/v2\/pages"}],"about":[{"href":"https:\/\/koumanawa.com\/de\/wp-json\/wp\/v2\/types\/page"}],"author":[{"embeddable":true,"href":"https:\/\/koumanawa.com\/de\/wp-json\/wp\/v2\/users\/1"}],"replies":[{"embeddable":true,"href":"https:\/\/koumanawa.com\/de\/wp-json\/wp\/v2\/comments?post=3270"}],"version-history":[{"count":0,"href":"https:\/\/koumanawa.com\/de\/wp-json\/wp\/v2\/pages\/3270\/revisions"}],"wp:attachment":[{"href":"https:\/\/koumanawa.com\/de\/wp-json\/wp\/v2\/media?parent=3270"}],"curies":[{"name":"wp","href":"https:\/\/api.w.org\/{rel}","templated":true}]}}