{"id":3288,"date":"2026-03-08T19:53:17","date_gmt":"2026-03-08T18:53:17","guid":{"rendered":"https:\/\/koumanawa.com\/?page_id=3288"},"modified":"2026-03-11T16:39:43","modified_gmt":"2026-03-11T15:39:43","slug":"shizen-konditionierung","status":"publish","type":"page","link":"https:\/\/koumanawa.com\/de\/shizen-conditioning\/","title":{"rendered":"SHIZEN Konditionierung"},"content":{"rendered":"<p><\/p>\n\n\n\n<p class=\"has-text-align-center has-custom-k-gold-color has-text-color has-link-color wp-elements-87382347dfd656d78b75152c16e9fbd8\"><strong>SHIZEN Konditionierung<\/strong><\/p>\n\n\n\n<p class=\"has-text-color has-link-color wp-elements-2fc7a5063576449444a29845ada43c8b\" style=\"color:#ff0000\">Dieser Hinweis bezieht sich auf das Produkt SHIZEN 60\/55\/50.<\/p>\n\n\n\n<p>Die Verbesserung der Qualit\u00e4tskontrolle der Rohfasern, das Spinnen von KI-Garn und die Herstellung unserer SHIZEN-Seile mit losem Schlag f\u00fcr erfahrene Benutzer erfordern eine \u00c4nderung der Verarbeitungsmethode, die sich von der des KOUMANAWA-Produkts unterscheidet.<\/p>\n\n\n\n<p>Da das Seil aus der Mitte der Spule gezogen wird, erzeugt jede Umdrehung eine Umdrehung. Schneiden Sie Ihr Seil auf die gew\u00fcnschte L\u00e4nge und h\u00e4ngen Sie es ohne Endknoten auf, damit der R\u00fccksto\u00df verschwindet.<\/p>\n\n\n\n<p>\u00d6ffnen Sie die Str\u00e4hnen nicht, sondern machen Sie einen festen Endknoten. \u00d6ffnen Sie dann die Litzen bis zum Ende und ziehen Sie den Knoten schlie\u00dflich fest an. Dadurch wird verhindert, dass ein Spiel in den Litzen zu einer losen Stelle wird, in die die Ladung wandern kann.<\/p>\n\n\n\n<figure class=\"wp-block-image aligncenter size-full\"><img data-recalc-dims=\"1\" decoding=\"async\" width=\"608\" height=\"148\" loading=\"lazy\" src=\"https:\/\/i0.wp.com\/koumanawa.com\/wp-content\/uploads\/2026\/03\/End-Knots.webp?resize=608%2C148&#038;ssl=1\" alt=\"\" class=\"wp-image-3299\" srcset=\"https:\/\/i0.wp.com\/koumanawa.com\/wp-content\/uploads\/2026\/03\/End-Knots.webp?w=608&amp;ssl=1 608w, https:\/\/i0.wp.com\/koumanawa.com\/wp-content\/uploads\/2026\/03\/End-Knots.webp?resize=300%2C73&amp;ssl=1 300w, https:\/\/i0.wp.com\/koumanawa.com\/wp-content\/uploads\/2026\/03\/End-Knots.webp?resize=18%2C4&amp;ssl=1 18w\" sizes=\"auto, (max-width: 608px) 100vw, 608px\" \/><\/figure>\n\n\n\n<p>Werfen Sie das Seil nicht in den W\u00e4schetrockner, um lose Fasern zu entfernen, da das Einschlagen des Seils in die Kammern einem Handhabungsschaden gleichkommt, die Fasern bricht und Flusen erzeugt. Falten Sie das verdoppelte Seil einfach so, dass es in einen Baumwollw\u00e4schesack passt.<\/p>\n\n\n\n<figure class=\"wp-block-image aligncenter size-full\"><img data-recalc-dims=\"1\" decoding=\"async\" width=\"200\" height=\"150\" loading=\"lazy\" src=\"https:\/\/i0.wp.com\/koumanawa.com\/wp-content\/uploads\/2026\/03\/Folded-Bundle.webp?resize=200%2C150&#038;ssl=1\" alt=\"\" class=\"wp-image-3300\" srcset=\"https:\/\/i0.wp.com\/koumanawa.com\/wp-content\/uploads\/2026\/03\/Folded-Bundle.webp?w=200&amp;ssl=1 200w, https:\/\/i0.wp.com\/koumanawa.com\/wp-content\/uploads\/2026\/03\/Folded-Bundle.webp?resize=16%2C12&amp;ssl=1 16w\" sizes=\"auto, (max-width: 200px) 100vw, 200px\" \/><\/figure>\n\n\n\n<p>\u00c4ndern Sie Ihre Buttermischung in 40% Jojoba\u00f6l und 60% Beerenwachs. Dadurch wird das Einsaugen des \u00d6ls in die stark hydrophilen Fasern verringert, w\u00e4hrend das Wachs f\u00fcr eine bessere Beschichtung sorgt.<\/p>\n\n\n\n<p>F\u00fcr ein 8 x 8 m gro\u00dfes Set f\u00fcgen Sie 50-60 g Butter in etwa haselnussgro\u00dfe St\u00fccke gebrochen hinzu und geben sie lose in den Baumwollw\u00e4schesack mit dem Seil. Es ist nicht notwendig, das Seil mit der Hand zu bestreichen, da starke Reibung ebenfalls zu Besch\u00e4digungen f\u00fchren kann.<\/p>\n\n\n\n<figure class=\"wp-block-image aligncenter size-full\"><img data-recalc-dims=\"1\" decoding=\"async\" width=\"200\" height=\"150\" loading=\"lazy\" src=\"https:\/\/i0.wp.com\/koumanawa.com\/wp-content\/uploads\/2026\/03\/Butter.webp?resize=200%2C150&#038;ssl=1\" alt=\"\" class=\"wp-image-3301\" srcset=\"https:\/\/i0.wp.com\/koumanawa.com\/wp-content\/uploads\/2026\/03\/Butter.webp?w=200&amp;ssl=1 200w, https:\/\/i0.wp.com\/koumanawa.com\/wp-content\/uploads\/2026\/03\/Butter.webp?resize=16%2C12&amp;ssl=1 16w\" sizes=\"auto, (max-width: 200px) 100vw, 200px\" \/><\/figure>\n\n\n\n<p>Tumbeln Sie die W\u00e4sche ~30 Minuten lang auf der hei\u00dfesten Stufe. Beachten Sie das Fehlen von Fasern im Filter und die Anreicherung der Farbe des Seils.<\/p>\n\n\n\n<p>Normal absengen und vor Gebrauch zum L\u00fcften aufh\u00e4ngen.<\/p>\n\n\n\n<p>Diese Methode vereinfacht die Konditionierung durch die Halbierung der Tumblerzeit, reduziert die Flusen, so dass sie mit haushalts\u00fcblichen Trocknern hergestellt werden k\u00f6nnen, spart Verbrauchsmaterial und vermeidet Sch\u00e4den.<\/p>\n\n\n\n<p>Wie bei allen locker geschlagenen Seilen sollten Sie es vermeiden, mit den Fingern durch die Litzen zu stechen oder sie in der Aufl\u00f6serichtung zu drehen.<\/p>\n\n\n\n<p><\/p>","protected":false},"excerpt":{"rendered":"<p>SHIZEN Conditioning This advice is specific to the SHIZEN 60\/55\/50 product. Improvements to raw fibre quality control, spinning KI yarn and manufacturing our SHIZEN ropes with a loose lay for expert users requires a modification to the method of processing different to the KOUMANAWA product. As the rope is pulled from the centre of the [&hellip;]<\/p>\n","protected":false},"author":1,"featured_media":0,"parent":0,"menu_order":0,"comment_status":"closed","ping_status":"closed","template":"","meta":{"nf_dc_page":"","advanced_seo_description":"","jetpack_seo_html_title":"","jetpack_seo_noindex":false,"footnotes":""},"class_list":["post-3288","page","type-page","status-publish","hentry"],"jetpack_sharing_enabled":true,"_links":{"self":[{"href":"https:\/\/koumanawa.com\/de\/wp-json\/wp\/v2\/pages\/3288","targetHints":{"allow":["GET"]}}],"collection":[{"href":"https:\/\/koumanawa.com\/de\/wp-json\/wp\/v2\/pages"}],"about":[{"href":"https:\/\/koumanawa.com\/de\/wp-json\/wp\/v2\/types\/page"}],"author":[{"embeddable":true,"href":"https:\/\/koumanawa.com\/de\/wp-json\/wp\/v2\/users\/1"}],"replies":[{"embeddable":true,"href":"https:\/\/koumanawa.com\/de\/wp-json\/wp\/v2\/comments?post=3288"}],"version-history":[{"count":1,"href":"https:\/\/koumanawa.com\/de\/wp-json\/wp\/v2\/pages\/3288\/revisions"}],"predecessor-version":[{"id":3323,"href":"https:\/\/koumanawa.com\/de\/wp-json\/wp\/v2\/pages\/3288\/revisions\/3323"}],"wp:attachment":[{"href":"https:\/\/koumanawa.com\/de\/wp-json\/wp\/v2\/media?parent=3288"}],"curies":[{"name":"wp","href":"https:\/\/api.w.org\/{rel}","templated":true}]}}