{"id":3417,"date":"2026-04-30T11:32:30","date_gmt":"2026-04-30T10:32:30","guid":{"rendered":"https:\/\/koumanawa.com\/?page_id=3417"},"modified":"2026-05-01T10:19:54","modified_gmt":"2026-05-01T09:19:54","slug":"bericht-mai-2026","status":"publish","type":"page","link":"https:\/\/koumanawa.com\/de\/report-may-2026\/","title":{"rendered":"Bericht Mai 2026"},"content":{"rendered":"<p><\/p>\n\n\n\n<p>Bericht Mai 2026<\/p>\n\n\n\n<p>Seilfesselung als nat\u00fcrliche Form in Japan, die sich nur durch die Logik der Platzierung und Sicherheit auszeichnet, hat im Westen einer neuen Version Platz gemacht, die 2005 von Einzelpersonen mit besonderem Interesse am Aikid\u014d erfunden und in einem Pyramidensystem unterrichtet wurde. Dabei wurden Dogmen und Begriffe wie d\u014dj\u014d, ry\u016b, Gro\u00dfmeister usw. eingef\u00fchrt.<\/p>\n\n\n\n<p>Traditionelles, nat\u00fcrliches Shibari ist nicht durch Stufen oder Grade begrenzt und verg\u00e4nglich, da aus dem Konzept heraus kein Ende existiert, wie es in \u00c4sthetiken wie Wabi-Sabi gefunden wird, mit Individualit\u00e4t, Spontaneit\u00e4t und Kreativit\u00e4t. Die Technik entwickelt sich st\u00e4ndig weiter, z.B. die von Matsui Kenji \u00fcbernommene Aufh\u00e4ngung von Akechi Denki. Ebenso die Materialien, wobei die meisten in Japan Jute verwenden, da ihre nat\u00fcrlichen Eigenschaften harmonisch mit dem \u00fcbereinstimmen, was einige als \u2018Classical Kinbaku\u2019 bezeichnen.<\/p>\n\n\n\n<p>Jutetau wird haupts\u00e4chlich in der Land- und Gartenwirtschaft wegen seiner biologischen Abbaubarkeit eingesetzt, wo es z. B. nur einmal gebunden wird, um Obstbaumsetzlinge zu fixieren. Wenn es verwittert, l\u00e4sst seine hydrophile Wirkung nach. Da der Baum w\u00e4chst, schneidet es nicht ein und bricht, wenn er stark genug ist, um als Biomulch zu schmelzen. Daher waren die Hersteller nicht mit unserer Anwendung und auch nicht mit so strengen Spezifikationen konfrontiert, wie wir sie fordern. Es war eine Lernkurve, da wir vermitteln, was wir wollen und warum \u2013 ein gewaltiger Sprung von der Produktion, wo JBO, Verunreinigungen und kleinere Fehler in anderen Anwendungen unerheblich sind.<\/p>\n\n\n\n<p>Shibari stellt unterschiedliche Anforderungen an Seile. Wir erwarten null Petrochemikalien, Verunreinigungen oder Fehler. Wir w\u00fcnschen uns Konsistenz, um sicher aufh\u00e4ngen zu k\u00f6nnen und mehrmals zu binden und zu l\u00f6sen. Dies erzeugt v\u00f6llig andere Bedingungen, einschlie\u00dflich L\u00e4ngslasten, die im Allgemeinen h\u00f6her sind als bei normalen Anwendungszwecken erwartet. Genau aus diesem Grund haben wir die Garnqualit\u00e4t KI entwickelt.<\/p>\n\n\n\n<p>Wir streben kontinuierlich danach, die Qualit\u00e4tskontrolle zu verbessern. Dies erfordert die Kommunikation von technischem Fachwissen aus dem Japanischen und Englischen ins Bengalische. Wir besuchen regelm\u00e4\u00dfig unsere Spinnereien und Fabriken, wo die Schulungen fortgesetzt werden, um unsere Produktionsmitarbeiter zu schulen und Perfektion anzustreben.<\/p>\n\n\n\n<p>Von unserem gesamten Erntematerial f\u00fcr 2025 aller Qualit\u00e4ten, teilweise bedingt durch die Nichtverwendung von JBO in unserer Garnfabrik in Kombination mit einer Nachfrage, die 150% des Angebots \u00fcbersteigt, ist alles nun aufgebraucht. Wir haben noch 3.300 kg KI-Garn auf Lager, um daraus Seile von der letzten 10-Tonnen-Produktionscharge herzustellen, werden aber erst neue Garne produzieren k\u00f6nnen, wenn im September neue Rohfasern der Saison verf\u00fcgbar sind.<\/p>\n\n\n\n<p>Tossa-Samen wurden im M\u00e4rz gepflanzt und nach der typischen Trockenzeit ist nun der f\u00fcr kritische Lieferungen entscheidende Regen eingetroffen. Wir sollten uns jedoch an den viertt\u00f6dlichsten Tropensturm der Geschichte vor 35 Jahren erinnern, der genau dort auf Land traf, wo sich heute unsere Garn- und Seilfabriken befinden, und 138.866 Menschenleben kostete. Wenn dieses Jahr einer die K\u00fcste erreichen w\u00fcrde, w\u00e4re dies eine Katastrophe f\u00fcr die weltweite Juteproduktion.<\/p>\n\n\n\n<p>In anderen Nachrichten: Die Sperrung der Stra\u00dfe von Hormuz verursacht weitreichende Probleme. Der Seefrachtindex FBX11 ist um 205%gestiegen. Die Preise f\u00fcr Soja\u00f6l sind in 3 Monaten um 12% in die H\u00f6he geschossen. Berichte aus Bangladesch deuten auf Treibstoffknappheit hin, die die Produktion in allen Sektoren beeintr\u00e4chtigt und zu massiven Entlassungen f\u00fchrt. Wir k\u00f6nnen nur hoffen, dass bald eine L\u00f6sung gefunden wird.<\/p>\n\n\n\n<p><\/p>","protected":false},"excerpt":{"rendered":"<p>Report May 2026 Rope bondage as a natural form in Japan, limited only by logic of placement and safety has given way in the West to new version invented in 2005 from individual prior interest in aikid\u014d adopted to teach in a pyramid system, introducing dogma, and terms such as d\u014dj\u014d, ry\u016b, grandmaster, etc. Traditional; [&hellip;]<\/p>\n","protected":false},"author":1,"featured_media":0,"parent":0,"menu_order":0,"comment_status":"closed","ping_status":"closed","template":"","meta":{"nf_dc_page":"","advanced_seo_description":"","jetpack_seo_html_title":"","jetpack_seo_noindex":false,"footnotes":""},"class_list":["post-3417","page","type-page","status-publish","hentry"],"jetpack_sharing_enabled":true,"_links":{"self":[{"href":"https:\/\/koumanawa.com\/de\/wp-json\/wp\/v2\/pages\/3417","targetHints":{"allow":["GET"]}}],"collection":[{"href":"https:\/\/koumanawa.com\/de\/wp-json\/wp\/v2\/pages"}],"about":[{"href":"https:\/\/koumanawa.com\/de\/wp-json\/wp\/v2\/types\/page"}],"author":[{"embeddable":true,"href":"https:\/\/koumanawa.com\/de\/wp-json\/wp\/v2\/users\/1"}],"replies":[{"embeddable":true,"href":"https:\/\/koumanawa.com\/de\/wp-json\/wp\/v2\/comments?post=3417"}],"version-history":[{"count":0,"href":"https:\/\/koumanawa.com\/de\/wp-json\/wp\/v2\/pages\/3417\/revisions"}],"wp:attachment":[{"href":"https:\/\/koumanawa.com\/de\/wp-json\/wp\/v2\/media?parent=3417"}],"curies":[{"name":"wp","href":"https:\/\/api.w.org\/{rel}","templated":true}]}}