{"id":519,"date":"2024-04-16T09:19:48","date_gmt":"2024-04-16T09:19:48","guid":{"rendered":"https:\/\/koumanawa.com\/?page_id=519"},"modified":"2026-01-10T19:05:19","modified_gmt":"2026-01-10T18:05:19","slug":"technik","status":"publish","type":"page","link":"https:\/\/koumanawa.com\/de\/tech\/","title":{"rendered":"Tech"},"content":{"rendered":"<p class=\"has-text-align-center has-base-2-color has-custom-k-gold-background-color has-text-color has-background has-link-color has-large-font-size wp-elements-e1bad8ccf6872e30d9fa71e8aeb5865b\" style=\"margin-top:var(--wp--preset--spacing--10);font-style:normal;font-weight:700\">TECH<\/p>\n\n\n\n<p class=\"has-contrast-color has-text-color has-link-color wp-elements-0fc6d8bcdf31f4328de0a6cbbf262cb0\">Wir holen die beste Rohfaser direkt von den Bauern, checken sie sorgf\u00e4ltig und hackeln sie, um Wurzelstock, klebrige Spitzen und Verunreinigungen loszuwerden.<\/p>\n\n\n\n<figure class=\"wp-block-image size-full\"><img data-recalc-dims=\"1\" decoding=\"async\" width=\"1600\" height=\"600\" loading=\"lazy\" src=\"https:\/\/i0.wp.com\/koumanawa.com\/wp-content\/uploads\/2024\/08\/KOUMANAWA-Tech.jpg?resize=1600%2C600&#038;ssl=1\" alt=\"\" class=\"wp-image-1260\" srcset=\"https:\/\/i0.wp.com\/koumanawa.com\/wp-content\/uploads\/2024\/08\/KOUMANAWA-Tech.jpg?w=1600&amp;ssl=1 1600w, https:\/\/i0.wp.com\/koumanawa.com\/wp-content\/uploads\/2024\/08\/KOUMANAWA-Tech.jpg?resize=300%2C113&amp;ssl=1 300w, https:\/\/i0.wp.com\/koumanawa.com\/wp-content\/uploads\/2024\/08\/KOUMANAWA-Tech.jpg?resize=1024%2C384&amp;ssl=1 1024w, https:\/\/i0.wp.com\/koumanawa.com\/wp-content\/uploads\/2024\/08\/KOUMANAWA-Tech.jpg?resize=768%2C288&amp;ssl=1 768w, https:\/\/i0.wp.com\/koumanawa.com\/wp-content\/uploads\/2024\/08\/KOUMANAWA-Tech.jpg?resize=1536%2C576&amp;ssl=1 1536w, https:\/\/i0.wp.com\/koumanawa.com\/wp-content\/uploads\/2024\/08\/KOUMANAWA-Tech.jpg?resize=18%2C7&amp;ssl=1 18w, https:\/\/i0.wp.com\/koumanawa.com\/wp-content\/uploads\/2024\/08\/KOUMANAWA-Tech.jpg?resize=600%2C225&amp;ssl=1 600w\" sizes=\"auto, (max-width: 1000px) 100vw, 1000px\" \/><\/figure>\n\n\n\n<p>Wir batchen lokal produziertes Soja\u00f6l nach einem UNESCO-Konzept, das speziell f\u00fcr unsere einzigartige Produktion durch einen mehrstufigen Mischvorgang entwickelt wurde. Konforme Filamente werden gekrempelt, in vier Stufen gezogen und zu einf\u00e4digem Garn gesponnen, bevor sie behandelt, poliert und veredelt werden. Anschlie\u00dfend werden sie auf speziellen Maschinen, die f\u00fcr feine Jutefasern ausgelegt sind, zu Str\u00e4ngen und Seilen verdreht.<\/p>\n\n\n\n<p>KOUMANAWA ist ein zuverl\u00e4ssiges und gleichbleibend hochwertiges Produkt mit super Griff, geringem Faserverlust, geringer Haarigkeit und Florbildung sowie hoher Abriebfestigkeit.<\/p>\n\n\n\n<p class=\"has-contrast-color has-text-color has-link-color wp-elements-cd19556b409e5efc7372eaf582e70567\">Wir vermeiden Plastik in allen unseren Verpackungen.<\/p>\n\n\n\n<p class=\"has-custom-k-gold-color has-text-color has-link-color wp-elements-055d07b386dd7b15dc83aa8b5c277ba9\"><a href=\"https:\/\/www.youtube.com\/watch?v=Z4DCVnuRrkY\" target=\"_blank\" rel=\"noreferrer noopener\"><span style=\"text-decoration: underline;\">Video \u00fcber den Juteanbau<\/span><\/a><\/p>\n\n\n\n<p class=\"has-custom-k-gold-color has-text-color has-link-color wp-elements-10155dba48728cb5770e9fce02a7bf0c\"><a href=\"https:\/\/www.youtube.com\/watch?v=u1YOpJLW_6M\"><span style=\"text-decoration: underline;\">Video zur Garnherstellung<\/span><\/a><\/p>\n\n\n\n<p class=\"has-custom-k-gold-color has-text-color has-link-color wp-elements-dd783e42b6fd6e8129b82ef2ba7beaf6\"><a href=\"https:\/\/www.youtube.com\/watch?v=I72KymMR7i4\" target=\"_blank\" rel=\"noreferrer noopener\"><span style=\"text-decoration: underline;\">Warum kein JBO?<\/span><\/a><\/p>\n\n\n\n<p class=\"has-custom-k-gold-color has-text-color has-link-color wp-elements-7098b78477f03113964a9e75d19cf652\"><a href=\"https:\/\/www.youtube.com\/watch?v=xIor09V4jT4\" target=\"_blank\" rel=\"noreferrer noopener\"><span style=\"text-decoration: underline;\">Video zur Seilherstellung<\/span><\/a><\/p>\n\n\n\n<p class=\"has-custom-k-gold-color has-text-color has-link-color wp-elements-a9f487aee7ef03deee2196726c492fa9\"><a href=\"https:\/\/www.youtube.com\/watch?v=Q3R4cIIcnB4\" target=\"_blank\" rel=\"noreferrer noopener\"><span style=\"text-decoration: underline;\">Konditionierungsvideo<\/span><\/a><\/p>\n\n\n\n<p class=\"has-custom-k-gold-color has-base-2-background-color has-text-color has-background has-link-color has-system-serif-font-family has-medium-font-size wp-elements-08add579632df30694de09d655040297\" style=\"text-decoration:underline\"><strong><span style=\"text-decoration: underline;\"><a href=\"https:\/\/koumanawa.com\/de\/konditionierung\/\" data-type=\"page\" data-id=\"1548\" target=\"_blank\" rel=\"noreferrer noopener\">Konditionierung<\/a><\/span> Hinweise<\/strong><\/p>\n\n\n\n<p class=\"has-custom-k-gold-color has-base-2-background-color has-text-color has-background has-link-color has-system-serif-font-family has-medium-font-size wp-elements-d538ef7d4245330b1f3bdd7994e73c41\" style=\"text-decoration:underline\"><a href=\"https:\/\/koumanawa.com\/de\/gc-ms\/\" data-type=\"page\" data-id=\"1548\" target=\"_blank\" rel=\"noreferrer noopener\">Gaschromatographie mit Massenspektrometrie-Kopplung<\/a><\/p>\n\n\n\n<p><\/p>","protected":false},"excerpt":{"rendered":"<p>TECH We procure the best quality raw fibre directly from the farmers, carefully quality controlled, and hackle to remove root stock, gummy tops and impurities. We batch using locally produced soybean oil under a UNESCO scheme blended specifically for our unique production through a multiple\u2013pass batching operation. Compliant filaments are carded, 4-stage drawn and spun [&hellip;]<\/p>\n","protected":false},"author":1,"featured_media":0,"parent":0,"menu_order":0,"comment_status":"closed","ping_status":"closed","template":"","meta":{"nf_dc_page":"","advanced_seo_description":"Technical details of KOUMANAWA high-quality JBO-free Shibari Kinbaku Japanese Bondage jute Asanawa rope","jetpack_seo_html_title":"KOUMANAWA Technical","jetpack_seo_noindex":false,"footnotes":""},"class_list":["post-519","page","type-page","status-publish","hentry"],"jetpack_sharing_enabled":true,"_links":{"self":[{"href":"https:\/\/koumanawa.com\/de\/wp-json\/wp\/v2\/pages\/519","targetHints":{"allow":["GET"]}}],"collection":[{"href":"https:\/\/koumanawa.com\/de\/wp-json\/wp\/v2\/pages"}],"about":[{"href":"https:\/\/koumanawa.com\/de\/wp-json\/wp\/v2\/types\/page"}],"author":[{"embeddable":true,"href":"https:\/\/koumanawa.com\/de\/wp-json\/wp\/v2\/users\/1"}],"replies":[{"embeddable":true,"href":"https:\/\/koumanawa.com\/de\/wp-json\/wp\/v2\/comments?post=519"}],"version-history":[{"count":0,"href":"https:\/\/koumanawa.com\/de\/wp-json\/wp\/v2\/pages\/519\/revisions"}],"wp:attachment":[{"href":"https:\/\/koumanawa.com\/de\/wp-json\/wp\/v2\/media?parent=519"}],"curies":[{"name":"wp","href":"https:\/\/api.w.org\/{rel}","templated":true}]}}