{"id":658,"date":"2024-04-16T13:40:03","date_gmt":"2024-04-16T13:40:03","guid":{"rendered":"https:\/\/koumanawa.com\/?page_id=658"},"modified":"2024-12-01T13:01:19","modified_gmt":"2024-12-01T13:01:19","slug":"datenschutz","status":"publish","type":"page","link":"https:\/\/koumanawa.com\/de\/data-protection\/","title":{"rendered":"Datenschutz"},"content":{"rendered":"<p><\/p>\n\n\n\n<p><strong>DATENSCHUTZ<\/strong><\/p>\n\n\n\n<p class=\"has-contrast-color has-text-color has-link-color wp-elements-3af676836620720a0f0d4e972cb8b848\">Die KOUMANAWA GmbH erhebt, speichert und verarbeitet Daten im Zusammenhang mit der Anbahnung, dem Abschluss, der Abwicklung und der R\u00fcckabwicklung eines Kaufvertrages auf der Grundlage der Allgemeinen Gesch\u00e4ftsbedingungen (AGB). Dies geschieht im Rahmen der gesetzlichen Bestimmungen. Der Anbieter gibt keine personenbezogenen Daten des Kunden an Dritte weiter, es sei denn, er ist hierzu gesetzlich verpflichtet oder der Kunde hat zuvor ausdr\u00fccklich eingewilligt. Wird ein Dritter f\u00fcr Dienstleistungen im Zusammenhang mit der Abwicklung von Verarbeitungsprozessen herangezogen, so sind die Bestimmungen des Bundesdatenschutzgesetzes einzuhalten. Daten, die der Kunde bei der Bestellung angibt, werden ausschlie\u00dflich zur Kontaktaufnahme mit dem Kunden im Rahmen der Vertragsabwicklung und nur zu dem Zweck verarbeitet, zu dem der Kunde die Daten angegeben hat. Eine Weitergabe der Daten erfolgt nur an das mit der Lieferung beauftragte Versandunternehmen, soweit dies zur Lieferung der Waren notwendig ist. Eine Weitergabe der Zahlungsdaten erfolgt an das mit der Zahlung beauftragte Kreditinstitut. Sofern der Anbieter handels- oder steuerrechtlichen Aufbewahrungsfristen unterliegt, k\u00f6nnen einzelne Daten bis zu zehn Jahre gespeichert werden. Beim Besuch der Website des Anbieters werden anonymisierte Daten, die keine R\u00fcckschl\u00fcsse auf personenbezogene Daten zulassen und auch nicht zulassen sollen, insbesondere IP-Adresse, Datum, Uhrzeit, Browsertyp, Betriebssystem und besuchte Seiten protokolliert. Auf Verlangen des Kunden werden die personenbezogenen Daten nach den gesetzlichen Vorschriften gel\u00f6scht, berichtigt oder gesperrt. Auskunft \u00fcber alle personenbezogenen Daten des Kunden ist unentgeltlich m\u00f6glich. Bei Fragen und f\u00fcr Ausk\u00fcnfte \u00fcber die L\u00f6schung, Berichtigung oder Sperrung von personenbezogenen Daten sowie deren Erhebung, Verarbeitung oder Nutzung kann sich der Kunde an folgende Adresse wenden: KOUMANAWA GmbH, F\u00fcrstenrieder Str. 279A, 81377 M\u00fcnchen, Deutschland. Telefon: +49 (0)89 36 89 95 23 E-Mail: info@koumanawa.com<\/p>\n\n\n\n<p><\/p>","protected":false},"excerpt":{"rendered":"<p>PRIVACY POLICY KOUMANAWA GmbH collects, stores and processes data in connection with the initiation, conclusion, processing and cancellation of a purchase contract on the basis of the General Terms &amp; Conditions. This is made in accordance with the statutory provisions. The provider does not pass on any personal data of the customer to third parties [&hellip;]<\/p>\n","protected":false},"author":1,"featured_media":0,"parent":0,"menu_order":0,"comment_status":"closed","ping_status":"closed","template":"","meta":{"nf_dc_page":"","advanced_seo_description":"KOUMANAWA GmbH Data Protection policy","jetpack_seo_html_title":"Data Protection","jetpack_seo_noindex":false,"footnotes":""},"class_list":["post-658","page","type-page","status-publish","hentry"],"jetpack_sharing_enabled":true,"_links":{"self":[{"href":"https:\/\/koumanawa.com\/de\/wp-json\/wp\/v2\/pages\/658","targetHints":{"allow":["GET"]}}],"collection":[{"href":"https:\/\/koumanawa.com\/de\/wp-json\/wp\/v2\/pages"}],"about":[{"href":"https:\/\/koumanawa.com\/de\/wp-json\/wp\/v2\/types\/page"}],"author":[{"embeddable":true,"href":"https:\/\/koumanawa.com\/de\/wp-json\/wp\/v2\/users\/1"}],"replies":[{"embeddable":true,"href":"https:\/\/koumanawa.com\/de\/wp-json\/wp\/v2\/comments?post=658"}],"version-history":[{"count":0,"href":"https:\/\/koumanawa.com\/de\/wp-json\/wp\/v2\/pages\/658\/revisions"}],"wp:attachment":[{"href":"https:\/\/koumanawa.com\/de\/wp-json\/wp\/v2\/media?parent=658"}],"curies":[{"name":"wp","href":"https:\/\/api.w.org\/{rel}","templated":true}]}}