{"id":665,"date":"2024-04-16T13:44:15","date_gmt":"2024-04-16T13:44:15","guid":{"rendered":"https:\/\/koumanawa.com\/?page_id=665"},"modified":"2024-08-25T16:38:51","modified_gmt":"2024-08-25T16:38:51","slug":"impressum","status":"publish","type":"page","link":"https:\/\/koumanawa.com\/de\/imprint\/","title":{"rendered":"Impressum"},"content":{"rendered":"<p><\/p>\n\n\n\n<p class=\"has-contrast-color has-text-color has-link-color wp-elements-dafdaad16b90dbb782fec4e2bec147f1\"><strong>IMPRESSUM<\/strong><\/p>\n\n\n\n<p class=\"has-contrast-color has-text-color has-link-color wp-elements-e928471622f9f7d3fe0b0ab7fc381e28\">Angaben nach \u00a7 5 TMG:<\/p>\n\n\n\n<p class=\"has-contrast-color has-text-color has-link-color wp-elements-4a1dd75b643430628e4b3b8dda414ea6\">KOUMANAWA GmbH<br>F\u00fcrstenrieder Str. 279A<br>81377 M\u00fcnchen, Deutschland<\/p>\n\n\n\n<p class=\"has-contrast-color has-text-color has-link-color wp-elements-1f64877789b29b00c601d20253e320c6\">Telefon: +49 (0)89 36 89 95 23<br>E-Mail: info@koumanawa.com<br>URL: https:\/\/koumanawa.com<\/p>\n\n\n\n<p class=\"has-contrast-color has-text-color has-link-color wp-elements-60bf8c67e2b6a9a3c02661d382b116e1\"><\/p>\n\n\n\n<p class=\"has-contrast-color has-text-color has-link-color wp-elements-3bdfd3c79bca7dc7acde5732b522d04b\">Handelsregister: Amtsgericht M\u00fcnchen<br>Registernummer: HRB 290931<br>Vertretungsberechtigter Gesch\u00e4ftsf\u00fchrer: Stephen Hastings<\/p>\n\n\n\n<p class=\"has-contrast-color has-text-color has-link-color wp-elements-0f6bdea6bb3d2404272966b803d83ce7\">Umsatzsteuer-Identifikationsnummer gem\u00e4\u00df \u00a7 27a UStG: DE366917393<\/p>\n\n\n\n<p><\/p>","protected":false},"excerpt":{"rendered":"<p>IMPRESSUM Angaben nach \u00a7 5 TMG: KOUMANAWA GmbHF\u00fcrstenrieder Str. 279A81377 M\u00fcnchen, Deutschland Telefon: +49 (0)89 36 89 95 23Email: info@koumanawa.comWebsite: https:\/\/koumanawa.com Handelsregister: Amtsgericht M\u00fcnchenRegisternummer: HRB 290931Vertretungsberechtigter Gesch\u00e4ftsf\u00fchrer: Stephen HastingsUmsatzsteuer-Identifikationsnummer gem\u00e4\u00df \u00a7 27a UStG: DE366917393<\/p>","protected":false},"author":1,"featured_media":0,"parent":0,"menu_order":0,"comment_status":"closed","ping_status":"closed","template":"","meta":{"nf_dc_page":"","advanced_seo_description":"","jetpack_seo_html_title":"","jetpack_seo_noindex":false,"footnotes":""},"class_list":["post-665","page","type-page","status-publish","hentry"],"jetpack_sharing_enabled":true,"_links":{"self":[{"href":"https:\/\/koumanawa.com\/de\/wp-json\/wp\/v2\/pages\/665","targetHints":{"allow":["GET"]}}],"collection":[{"href":"https:\/\/koumanawa.com\/de\/wp-json\/wp\/v2\/pages"}],"about":[{"href":"https:\/\/koumanawa.com\/de\/wp-json\/wp\/v2\/types\/page"}],"author":[{"embeddable":true,"href":"https:\/\/koumanawa.com\/de\/wp-json\/wp\/v2\/users\/1"}],"replies":[{"embeddable":true,"href":"https:\/\/koumanawa.com\/de\/wp-json\/wp\/v2\/comments?post=665"}],"version-history":[{"count":0,"href":"https:\/\/koumanawa.com\/de\/wp-json\/wp\/v2\/pages\/665\/revisions"}],"wp:attachment":[{"href":"https:\/\/koumanawa.com\/de\/wp-json\/wp\/v2\/media?parent=665"}],"curies":[{"name":"wp","href":"https:\/\/api.w.org\/{rel}","templated":true}]}}