{"id":660,"date":"2024-04-16T13:45:12","date_gmt":"2024-04-16T13:45:12","guid":{"rendered":"https:\/\/koumanawa.com\/?page_id=660"},"modified":"2024-12-01T13:06:10","modified_gmt":"2024-12-01T13:06:10","slug":"terms-conditions","status":"publish","type":"page","link":"https:\/\/koumanawa.com\/en\/terms-conditions\/","title":{"rendered":"Terms &#038; Conditions"},"content":{"rendered":"\n<p><\/p>\n\n\n\n<p class=\"has-contrast-color has-text-color has-link-color wp-elements-f94ca99b51503ccebae3be67d3c47064\" style=\"margin-top:var(--wp--preset--spacing--10);margin-right:var(--wp--preset--spacing--20);margin-bottom:var(--wp--preset--spacing--10);margin-left:var(--wp--preset--spacing--20)\"><strong>GENERAL TERMS &amp; CONDITIONS<\/strong><\/p>\n\n\n\n<p class=\"has-contrast-color has-text-color has-link-color wp-elements-5f234fb27aaca0130cdf7962fac71fe3\" style=\"margin-top:var(--wp--preset--spacing--10);margin-right:var(--wp--preset--spacing--20);margin-bottom:var(--wp--preset--spacing--10);margin-left:var(--wp--preset--spacing--20)\">(as of July 1, 2024)<\/p>\n\n\n\n<p class=\"has-contrast-color has-text-color has-link-color wp-elements-03346fd87c6007b90057ce6057a643b2\" style=\"margin-top:var(--wp--preset--spacing--10);margin-right:var(--wp--preset--spacing--20);margin-bottom:var(--wp--preset--spacing--10);margin-left:var(--wp--preset--spacing--20)\"><strong>1. Scope of application<\/strong><\/p>\n\n\n\n<p class=\"has-contrast-color has-text-color has-link-color wp-elements-1674bb0f35a20fd07c9c5890263e9210\" style=\"margin-top:var(--wp--preset--spacing--10);margin-right:var(--wp--preset--spacing--20);margin-bottom:var(--wp--preset--spacing--10);margin-left:var(--wp--preset--spacing--20)\">These General Terms and Conditions apply to all deliveries from KOUMANAWA GmbH.<\/p>\n\n\n\n<p class=\"has-contrast-color has-text-color has-link-color wp-elements-9726027ba92c4de1049311aba5db4e5d\" style=\"margin-top:var(--wp--preset--spacing--10);margin-right:var(--wp--preset--spacing--20);margin-bottom:var(--wp--preset--spacing--10);margin-left:var(--wp--preset--spacing--20)\"><strong>2. Contracting party<\/strong><\/p>\n\n\n\n<p class=\"has-contrast-color has-text-color has-link-color wp-elements-5bb69746f6b088740662b6b0fea468c5\" style=\"margin-top:var(--wp--preset--spacing--10);margin-right:var(--wp--preset--spacing--20);margin-bottom:var(--wp--preset--spacing--10);margin-left:var(--wp--preset--spacing--20)\">The purchase contract is concluded with KOUMANAWA GmbH, Managing Director: Stephen Hastings, F\u00fcrstenrieder Str. 279A, 81377 M\u00fcnchen, Germany, Commercial Register: Amtsgericht M\u00fcnchen, HRB 290931.<\/p>\n\n\n\n<p class=\"has-contrast-color has-text-color has-link-color wp-elements-91c197bee68aa2cff9780450930f46b7\" style=\"margin-top:var(--wp--preset--spacing--10);margin-right:var(--wp--preset--spacing--20);margin-bottom:var(--wp--preset--spacing--10);margin-left:var(--wp--preset--spacing--20)\"><strong>3. Conclusion of contract<\/strong><\/p>\n\n\n\n<p class=\"has-contrast-color has-text-color has-link-color wp-elements-9941a74dd19ca67f702184d24e38afb0\" style=\"margin-top:var(--wp--preset--spacing--10);margin-right:var(--wp--preset--spacing--20);margin-bottom:var(--wp--preset--spacing--10);margin-left:var(--wp--preset--spacing--20)\">3.1 The presentation of the products in the online store does not constitute a legally binding offer, but only an invitation to order.<\/p>\n\n\n\n<p class=\"has-contrast-color has-text-color has-link-color wp-elements-80017e747a5207c470368acee5db9f9b\" style=\"margin-top:var(--wp--preset--spacing--10);margin-right:var(--wp--preset--spacing--20);margin-bottom:var(--wp--preset--spacing--10);margin-left:var(--wp--preset--spacing--20)\">3.2 By clicking on the button \u201cBUY\u201d you place a binding order for the goods listed on the order page. Your purchase contract is concluded when we accept your order by sending you an order confirmation by e-mail immediately after receiving your order.<\/p>\n\n\n\n<p class=\"has-contrast-color has-text-color has-link-color wp-elements-5d536061d4f61cb2f44ff1bf119fb958\" style=\"margin-top:var(--wp--preset--spacing--10);margin-right:var(--wp--preset--spacing--20);margin-bottom:var(--wp--preset--spacing--10);margin-left:var(--wp--preset--spacing--20)\"><strong>4. Right of withdrawal<\/strong><\/p>\n\n\n\n<p class=\"has-contrast-color has-text-color has-link-color wp-elements-bcdbdd55c1e6530d7005ee3d2d33fbf0\" style=\"margin-top:var(--wp--preset--spacing--10);margin-right:var(--wp--preset--spacing--20);margin-bottom:var(--wp--preset--spacing--10);margin-left:var(--wp--preset--spacing--20)\">4.1 As a customer, you have a right of withdrawal in accordance with the statutory provisions.<\/p>\n\n\n\n<p class=\"has-contrast-color has-text-color has-link-color wp-elements-86c68811c02faaac1b3b9ac5914677af\" style=\"margin-top:var(--wp--preset--spacing--10);margin-right:var(--wp--preset--spacing--20);margin-bottom:var(--wp--preset--spacing--10);margin-left:var(--wp--preset--spacing--20)\">4.2 If you as a customer make use of your right of withdrawal in accordance with section 4.1, you must bear the regular costs of the return shipment.<\/p>\n\n\n\n<p class=\"has-contrast-color has-text-color has-link-color wp-elements-bd2f4c8828647c7088c2277dd06a930b\" style=\"margin-top:var(--wp--preset--spacing--10);margin-right:var(--wp--preset--spacing--20);margin-bottom:var(--wp--preset--spacing--10);margin-left:var(--wp--preset--spacing--20)\">4.3 In all other respects, the right of withdrawal is subject to the provisions set out in detail in the following<\/p>\n\n\n\n<p class=\"has-contrast-color has-text-color has-link-color wp-elements-b4b0caf489da1c97ed157b3774aa4a92\" style=\"margin-top:var(--wp--preset--spacing--10);margin-right:var(--wp--preset--spacing--20);margin-bottom:var(--wp--preset--spacing--10);margin-left:var(--wp--preset--spacing--20)\"><strong>Cancellation policy<\/strong><\/p>\n\n\n\n<p class=\"has-contrast-color has-text-color has-link-color wp-elements-912135db833459d79b5db8ddefb66b8f\" style=\"margin-top:var(--wp--preset--spacing--10);margin-right:var(--wp--preset--spacing--20);margin-bottom:var(--wp--preset--spacing--10);margin-left:var(--wp--preset--spacing--20)\"><strong>Right of withdrawal<\/strong><\/p>\n\n\n\n<p class=\"has-contrast-color has-text-color has-link-color wp-elements-2185302d86809e976273f0f550c4f513\" style=\"margin-top:var(--wp--preset--spacing--10);margin-right:var(--wp--preset--spacing--20);margin-bottom:var(--wp--preset--spacing--10);margin-left:var(--wp--preset--spacing--20)\">You have the right to withdraw from this contract within fourteen days without giving any reason providing the product strapping has not been cut or removed under Article 17 of Directive 2019\/771\/EU.<\/p>\n\n\n\n<p class=\"has-contrast-color has-text-color has-link-color wp-elements-b7c04af670fac5520d331b492fa9f344\" style=\"margin-top:var(--wp--preset--spacing--10);margin-right:var(--wp--preset--spacing--20);margin-bottom:var(--wp--preset--spacing--10);margin-left:var(--wp--preset--spacing--20)\">The withdrawal period is fourteen days from the day on which you or a third party named by you, who is not the carrier, have taken possession of the goods.<\/p>\n\n\n\n<p class=\"has-contrast-color has-text-color has-link-color wp-elements-df4936dfd10d7fbcbcad14818fca0cf0\" style=\"margin-top:var(--wp--preset--spacing--10);margin-right:var(--wp--preset--spacing--20);margin-bottom:var(--wp--preset--spacing--10);margin-left:var(--wp--preset--spacing--20)\">In order to exercise your right of withdrawal, you must inform KOUMANAWA GmbH, F\u00fcrstenrieder Str. 279A, 81377 M\u00fcnchen, Germany +49 (0)89 36 89 95 23 info@koumanawa.com of your decision to withdraw from this contract by means of a clear statement (e.g. a letter sent by post or an e-mail).<\/p>\n\n\n\n<p class=\"has-contrast-color has-text-color has-link-color wp-elements-cd7193cce94ffffd36640cfc51854d30\" style=\"margin-top:var(--wp--preset--spacing--10);margin-right:var(--wp--preset--spacing--20);margin-bottom:var(--wp--preset--spacing--10);margin-left:var(--wp--preset--spacing--20)\">In order to comply with the withdrawal period, it is sufficient that you send the notification of the exercise of the right of withdrawal before the expiry of the withdrawal period.<\/p>\n\n\n\n<p class=\"has-contrast-color has-text-color has-link-color wp-elements-f691d5be8ba8b33b2cf48d7ec4cb1ae9\" style=\"margin-top:var(--wp--preset--spacing--10);margin-right:var(--wp--preset--spacing--20);margin-bottom:var(--wp--preset--spacing--10);margin-left:var(--wp--preset--spacing--20)\"><strong>Consequences of withdrawal<\/strong><\/p>\n\n\n\n<p class=\"has-contrast-color has-text-color has-link-color wp-elements-a30b98966fc9b3ddeeb93697e1ce90bd\" style=\"margin-top:var(--wp--preset--spacing--10);margin-right:var(--wp--preset--spacing--20);margin-bottom:var(--wp--preset--spacing--10);margin-left:var(--wp--preset--spacing--20)\">If you withdraw from this contract, we shall reimburse to you all payments received from you, including the costs of delivery (with the exception of the supplementary costs resulting from your choice of a type of delivery other than the least expensive type of standard delivery offered by us), without undue delay and in any event not later than 14 days from the day on which we are informed about your decision to withdraw from this contract. For this repayment, we will use the same means of payment that you used for the original transaction, unless expressly agreed otherwise with you; in no case will you be charged any fees for this repayment. We may refuse repayment until we have received the goods back or until you have provided proof that you have returned the goods, whichever is the earlier.<\/p>\n\n\n\n<p class=\"has-contrast-color has-text-color has-link-color wp-elements-71c0db14889a2d1853d5d79aaf103a4d\" style=\"margin-top:var(--wp--preset--spacing--10);margin-right:var(--wp--preset--spacing--20);margin-bottom:var(--wp--preset--spacing--10);margin-left:var(--wp--preset--spacing--20)\">You must return or hand over the goods to us or to (insert the name and address of the person authorised by you to receive the goods, if applicable) immediately and in any case within fourteen days at the latest from the day on which you inform us of the revocation of this contract. The deadline is met if you send the goods before the period of fourteen days has expired.<\/p>\n\n\n\n<p class=\"has-contrast-color has-text-color has-link-color wp-elements-704e182ee53e4440fcc5814e39ce565e\" style=\"margin-top:var(--wp--preset--spacing--10);margin-right:var(--wp--preset--spacing--20);margin-bottom:var(--wp--preset--spacing--10);margin-left:var(--wp--preset--spacing--20)\">You shall bear the direct costs of returning the goods.<\/p>\n\n\n\n<p class=\"has-contrast-color has-text-color has-link-color wp-elements-a7fa5eae22012f00799bdd6105b4e615\" style=\"margin-top:var(--wp--preset--spacing--10);margin-right:var(--wp--preset--spacing--20);margin-bottom:var(--wp--preset--spacing--10);margin-left:var(--wp--preset--spacing--20)\">You shall only be liable for any diminished value of the goods resulting from the handling other than what is necessary to establish the nature, characteristics and functioning of the goods.<\/p>\n\n\n\n<p class=\"has-contrast-color has-text-color has-link-color wp-elements-a82ed56a19ed8c8bac05aa8aea99e7c2\" style=\"margin-top:var(--wp--preset--spacing--10);margin-right:var(--wp--preset--spacing--20);margin-bottom:var(--wp--preset--spacing--10);margin-left:var(--wp--preset--spacing--20)\"><strong>&#8211; End of the withdrawal policy &#8211;<\/strong><\/p>\n\n\n\n<p class=\"has-contrast-color has-text-color has-link-color wp-elements-45dadf97cbeb4aa4d1704b1734140b05\" style=\"margin-top:var(--wp--preset--spacing--10);margin-right:var(--wp--preset--spacing--20);margin-bottom:var(--wp--preset--spacing--10);margin-left:var(--wp--preset--spacing--20)\">4.4 KOUMANAWA GmbH informs about the sample withdrawal form according to the legal regulation as follows:<\/p>\n\n\n\n<p class=\"has-contrast-color has-text-color has-link-color wp-elements-9b45dee74428a9f788b6bb8278d88412\" style=\"margin-top:var(--wp--preset--spacing--10);margin-right:var(--wp--preset--spacing--20);margin-bottom:var(--wp--preset--spacing--10);margin-left:var(--wp--preset--spacing--20)\">Sample withdrawal form<\/p>\n\n\n\n<p class=\"has-contrast-color has-text-color has-link-color wp-elements-a1378690f916d155b49f817dd5981456\" style=\"margin-top:var(--wp--preset--spacing--10);margin-right:var(--wp--preset--spacing--20);margin-bottom:var(--wp--preset--spacing--10);margin-left:var(--wp--preset--spacing--20)\">(If you wish to withdraw from the contract, please fill out the following and send it back to us).<\/p>\n\n\n\n<p class=\"has-contrast-color has-text-color has-link-color wp-elements-da066dc5090af7d933f40d2dabe8fd65\" style=\"margin-top:var(--wp--preset--spacing--10);margin-right:var(--wp--preset--spacing--20);margin-bottom:var(--wp--preset--spacing--10);margin-left:var(--wp--preset--spacing--20)\">&#8211; To KOUMANAWA GmbH, F\u00fcrstenrieder Str. 279A, 81377 M\u00fcnchen, Germany:<\/p>\n\n\n\n<p class=\"has-contrast-color has-text-color has-link-color wp-elements-40574c2c04436713bc675908771e94f9\" style=\"margin-top:var(--wp--preset--spacing--10);margin-right:var(--wp--preset--spacing--20);margin-bottom:var(--wp--preset--spacing--10);margin-left:var(--wp--preset--spacing--20)\">-I\/we (*) hereby cancel the contract concluded by me\/us (*) for the purchase of the following goods (*)\/the provision of the following service (*)<\/p>\n\n\n\n<p class=\"has-contrast-color has-text-color has-link-color wp-elements-c4aa22921610dff1bcf641ed6fe4ca20\" style=\"margin-top:var(--wp--preset--spacing--10);margin-right:var(--wp--preset--spacing--20);margin-bottom:var(--wp--preset--spacing--10);margin-left:var(--wp--preset--spacing--20)\">-Ordered on (*)\/received on (*)<\/p>\n\n\n\n<p class=\"has-contrast-color has-text-color has-link-color wp-elements-c99e42e502eec6f1e967a8a13f708116\" style=\"margin-top:var(--wp--preset--spacing--10);margin-right:var(--wp--preset--spacing--20);margin-bottom:var(--wp--preset--spacing--10);margin-left:var(--wp--preset--spacing--20)\">-Name of the customer(s)<\/p>\n\n\n\n<p class=\"has-contrast-color has-text-color has-link-color wp-elements-dc0b2e0b30f243910bf7abc76de29209\" style=\"margin-top:var(--wp--preset--spacing--10);margin-right:var(--wp--preset--spacing--20);margin-bottom:var(--wp--preset--spacing--10);margin-left:var(--wp--preset--spacing--20)\">-Address of the customer(s)<\/p>\n\n\n\n<p class=\"has-contrast-color has-text-color has-link-color wp-elements-4b48d19aef1a822cd92c5aa3e33f8cf8\" style=\"margin-top:var(--wp--preset--spacing--10);margin-right:var(--wp--preset--spacing--20);margin-bottom:var(--wp--preset--spacing--10);margin-left:var(--wp--preset--spacing--20)\">-Signature of the customer(s) (only for notification on paper)<\/p>\n\n\n\n<p class=\"has-contrast-color has-text-color has-link-color wp-elements-9ba7726d14eb94aabc10cb76cefc9ddc\" style=\"margin-top:var(--wp--preset--spacing--10);margin-right:var(--wp--preset--spacing--20);margin-bottom:var(--wp--preset--spacing--10);margin-left:var(--wp--preset--spacing--20)\">-Date __________<\/p>\n\n\n\n<p class=\"has-contrast-color has-text-color has-link-color wp-elements-e56e1e6472d379fe345cc744b1f2ee69\" style=\"margin-top:var(--wp--preset--spacing--10);margin-right:var(--wp--preset--spacing--20);margin-bottom:var(--wp--preset--spacing--10);margin-left:var(--wp--preset--spacing--20)\">(*) Delete as appropriate<\/p>\n\n\n\n<p class=\"has-contrast-color has-text-color has-link-color wp-elements-ee6464434a3e11950a97bcdb18b97def\" style=\"margin-top:var(--wp--preset--spacing--10);margin-right:var(--wp--preset--spacing--20);margin-bottom:var(--wp--preset--spacing--10);margin-left:var(--wp--preset--spacing--20)\"><strong>5. Prices and shipping costs<\/strong><\/p>\n\n\n\n<p class=\"has-contrast-color has-text-color has-link-color wp-elements-c26bfffb1fb30eb9a5401cf0cc5bbf3e\" style=\"margin-top:var(--wp--preset--spacing--10);margin-right:var(--wp--preset--spacing--20);margin-bottom:var(--wp--preset--spacing--10);margin-left:var(--wp--preset--spacing--20)\">5.1 The prices stated on the product pages include statutory VAT and other price components.<\/p>\n\n\n\n<p class=\"has-contrast-color has-text-color has-link-color wp-elements-eae2a3f82a40f2361257bf8fe88b8976\" style=\"margin-top:var(--wp--preset--spacing--10);margin-right:var(--wp--preset--spacing--20);margin-bottom:var(--wp--preset--spacing--10);margin-left:var(--wp--preset--spacing--20)\">5.2 The shipping costs are clearly communicated to you again on the product pages, in the shopping cart system and on the order page.<\/p>\n\n\n\n<p class=\"has-contrast-color has-text-color has-link-color wp-elements-3f91825f0a9e2a1e1bd249e773aa156e\" style=\"margin-top:var(--wp--preset--spacing--10);margin-right:var(--wp--preset--spacing--20);margin-bottom:var(--wp--preset--spacing--10);margin-left:var(--wp--preset--spacing--20)\"><strong>6. Delivery<\/strong><\/p>\n\n\n\n<p class=\"has-contrast-color has-text-color has-link-color wp-elements-0abfefa659c5f1555122dfa0d719d906\" style=\"margin-top:var(--wp--preset--spacing--10);margin-right:var(--wp--preset--spacing--20);margin-bottom:var(--wp--preset--spacing--10);margin-left:var(--wp--preset--spacing--20)\">6.1 Deliveries are shipped globally from our fulfilment service partner in The Netherlands.<\/p>\n\n\n\n<p class=\"has-contrast-color has-text-color has-link-color wp-elements-9907642aec4edfb4cdb03ebac3cb5ca0\" style=\"margin-top:var(--wp--preset--spacing--10);margin-right:var(--wp--preset--spacing--20);margin-bottom:var(--wp--preset--spacing--10);margin-left:var(--wp--preset--spacing--20)\">6.2 The delivery time is commonly 3-5 days within the European Union.<\/p>\n\n\n\n<p class=\"has-contrast-color has-text-color has-link-color wp-elements-f404d21c61498e7c26770a394ba8306e\" style=\"margin-top:var(--wp--preset--spacing--10);margin-right:var(--wp--preset--spacing--20);margin-bottom:var(--wp--preset--spacing--10);margin-left:var(--wp--preset--spacing--20)\"><strong>7. Payment<\/strong><\/p>\n\n\n\n<p class=\"has-contrast-color has-text-color has-link-color wp-elements-74ca5cbbcb81e24ef9b79ac747d7bcfe\" style=\"margin-top:var(--wp--preset--spacing--10);margin-right:var(--wp--preset--spacing--20);margin-bottom:var(--wp--preset--spacing--10);margin-left:var(--wp--preset--spacing--20)\">7.1 Payment is made in advance.<\/p>\n\n\n\n<p class=\"has-contrast-color has-text-color has-link-color wp-elements-4318b81d6cf1306f109d0e74b69ebe97\" style=\"margin-top:var(--wp--preset--spacing--10);margin-right:var(--wp--preset--spacing--20);margin-bottom:var(--wp--preset--spacing--10);margin-left:var(--wp--preset--spacing--20)\">7.2 We will provide you with an order confirmation and deliver the goods after receipt of payment.<\/p>\n\n\n\n<p class=\"has-contrast-color has-text-color has-link-color wp-elements-2eee56dfef5a6cd5d8b878e79b2afb6b\" style=\"margin-top:var(--wp--preset--spacing--10);margin-right:var(--wp--preset--spacing--20);margin-bottom:var(--wp--preset--spacing--10);margin-left:var(--wp--preset--spacing--20)\"><strong>8. Reservation of title<\/strong><\/p>\n\n\n\n<p class=\"has-contrast-color has-text-color has-link-color wp-elements-45ed92941a400e082e446888bceb84bf\" style=\"margin-top:var(--wp--preset--spacing--10);margin-right:var(--wp--preset--spacing--20);margin-bottom:var(--wp--preset--spacing--10);margin-left:var(--wp--preset--spacing--20)\">The goods remain our property until full payment has been made.<\/p>\n\n\n\n<p class=\"has-contrast-color has-text-color has-link-color wp-elements-f5edc6a8d7c8d26e715dfed6da39e18d\" style=\"margin-top:var(--wp--preset--spacing--10);margin-right:var(--wp--preset--spacing--20);margin-bottom:var(--wp--preset--spacing--10);margin-left:var(--wp--preset--spacing--20)\"><strong>9. Warranty for material defects<\/strong><\/p>\n\n\n\n<p class=\"has-contrast-color has-text-color has-link-color wp-elements-309cf962995006a1bc1b6aa5b8418438\" style=\"margin-top:var(--wp--preset--spacing--10);margin-right:var(--wp--preset--spacing--20);margin-bottom:var(--wp--preset--spacing--10);margin-left:var(--wp--preset--spacing--20)\">KOUMANAWA GmbH is liable for material defects in accordance with the applicable statutory provisions, in particular \u00a7\u00a7 434 ff of the German Civil Code.<\/p>\n\n\n\n<p class=\"has-contrast-color has-text-color has-link-color wp-elements-11b47d179a4d7aa7d7c8b991051696e5\" style=\"margin-top:var(--wp--preset--spacing--10);margin-right:var(--wp--preset--spacing--20);margin-bottom:var(--wp--preset--spacing--10);margin-left:var(--wp--preset--spacing--20)\"><strong>10. Limitation of liability<\/strong><\/p>\n\n\n\n<p class=\"has-contrast-color has-text-color has-link-color wp-elements-702a87c61101bf756cedb1800ba4ca3a\" style=\"margin-top:var(--wp--preset--spacing--10);margin-right:var(--wp--preset--spacing--20);margin-bottom:var(--wp--preset--spacing--10);margin-left:var(--wp--preset--spacing--20)\">KOUMANAWA GmbH bears no liability for the use of our products under \u00a7\u00a7 445a, 445b, 478 BGB Product Liability Act<\/p>\n\n\n\n<p class=\"has-contrast-color has-text-color has-link-color wp-elements-77b2b2fb4e2996a207df059ead4a3016\" style=\"margin-top:var(--wp--preset--spacing--10);margin-right:var(--wp--preset--spacing--20);margin-bottom:var(--wp--preset--spacing--10);margin-left:var(--wp--preset--spacing--20)\"><strong>11. Dispute resolution<\/strong><\/p>\n\n\n\n<p class=\"has-contrast-color has-text-color has-link-color wp-elements-f5e87b6577834a0d6a1979443d2d1d0b\" style=\"margin-top:var(--wp--preset--spacing--10);margin-right:var(--wp--preset--spacing--20);margin-bottom:var(--wp--preset--spacing--10);margin-left:var(--wp--preset--spacing--20)\">The EU Commission has created an internet platform for the online settlement of disputes. The platform serves as a contact point for the out-of-court settlement of disputes concerning contractual obligations arising from online sales contracts. Further information is available at the following link: http:\/\/ec.europa.eu\/consumers\/odr. We are neither willing nor obliged to participate in dispute resolution proceedings before a consumer arbitration board.<\/p>\n\n\n\n<p class=\"has-contrast-color has-text-color has-link-color wp-elements-e53a85222347bc667e184e1bdf951bf8\" style=\"margin-top:var(--wp--preset--spacing--10);margin-right:var(--wp--preset--spacing--20);margin-bottom:var(--wp--preset--spacing--10);margin-left:var(--wp--preset--spacing--20)\"><strong>12. Copyright &amp; Reprint Permission<\/strong><\/p>\n\n\n\n<p class=\"has-contrast-color has-text-color has-link-color wp-elements-f33236d9138e37042449484a571e9934\" style=\"margin-top:var(--wp--preset--spacing--10);margin-right:var(--wp--preset--spacing--20);margin-bottom:var(--wp--preset--spacing--10);margin-left:var(--wp--preset--spacing--20)\">KOUMANAWA GmbH does not permit granting the right to reprint copyrighted photographs, illustrations or text without request.<\/p>\n\n\n\n<p class=\"has-contrast-color has-text-color has-link-color wp-elements-368f3df95d358ae3eb5554728bcc9b0f\" style=\"margin-top:var(--wp--preset--spacing--10);margin-right:var(--wp--preset--spacing--20);margin-bottom:var(--wp--preset--spacing--10);margin-left:var(--wp--preset--spacing--20)\">Source: IHK<\/p>\n","protected":false},"excerpt":{"rendered":"<p>GENERAL TERMS &amp; CONDITIONS (as of July 1, 2024) 1. Scope of application These General Terms and Conditions apply to all deliveries from KOUMANAWA GmbH. 2. Contracting party The purchase contract is concluded with KOUMANAWA GmbH, Managing Director: Stephen Hastings, F\u00fcrstenrieder Str. 279A, 81377 M\u00fcnchen, Germany, Commercial Register: Amtsgericht M\u00fcnchen, HRB 290931. 3. Conclusion of [&hellip;]<\/p>\n","protected":false},"author":1,"featured_media":0,"parent":0,"menu_order":0,"comment_status":"closed","ping_status":"closed","template":"","meta":{"nf_dc_page":"","advanced_seo_description":"KOUMANAWA GmbH Terms & Conditions","jetpack_seo_html_title":"Terms & Conditions","jetpack_seo_noindex":false,"footnotes":""},"class_list":["post-660","page","type-page","status-publish","hentry"],"jetpack_sharing_enabled":true,"_links":{"self":[{"href":"https:\/\/koumanawa.com\/en\/wp-json\/wp\/v2\/pages\/660","targetHints":{"allow":["GET"]}}],"collection":[{"href":"https:\/\/koumanawa.com\/en\/wp-json\/wp\/v2\/pages"}],"about":[{"href":"https:\/\/koumanawa.com\/en\/wp-json\/wp\/v2\/types\/page"}],"author":[{"embeddable":true,"href":"https:\/\/koumanawa.com\/en\/wp-json\/wp\/v2\/users\/1"}],"replies":[{"embeddable":true,"href":"https:\/\/koumanawa.com\/en\/wp-json\/wp\/v2\/comments?post=660"}],"version-history":[{"count":0,"href":"https:\/\/koumanawa.com\/en\/wp-json\/wp\/v2\/pages\/660\/revisions"}],"wp:attachment":[{"href":"https:\/\/koumanawa.com\/en\/wp-json\/wp\/v2\/media?parent=660"}],"curies":[{"name":"wp","href":"https:\/\/api.w.org\/{rel}","templated":true}]}}