{"id":3417,"date":"2026-04-30T11:32:30","date_gmt":"2026-04-30T10:32:30","guid":{"rendered":"https:\/\/koumanawa.com\/?page_id=3417"},"modified":"2026-05-01T10:19:54","modified_gmt":"2026-05-01T09:19:54","slug":"2026%e5%b9%b45%e6%9c%88","status":"publish","type":"page","link":"https:\/\/koumanawa.com\/ja\/report-may-2026\/","title":{"rendered":"2026\u5e745\u6708\u5831\u544a"},"content":{"rendered":"<p><\/p>\n\n\n\n<p>2026\u5e745\u6708\u5831\u544a<\/p>\n\n\n\n<p>\u65e5\u672c\u306b\u304a\u3051\u308b\u30ed\u30fc\u30d7\u30dc\u30f3\u30c7\u30fc\u30b8\u306f\u3001\u914d\u7f6e\u306e\u8ad6\u7406\u3068\u5b89\u5168\u6027\u306e\u307f\u306b\u9650\u5b9a\u3055\u308c\u305f\u81ea\u7136\u306a\u5f62\u5f0f\u3067\u3042\u3063\u305f\u304c\u3001\u897f\u6d0b\u3067\u306f2005\u5e74\u306b\u767a\u660e\u3055\u308c\u305f\u65b0\u3057\u3044\u30d0\u30fc\u30b8\u30e7\u30f3\u306b\u53d6\u3063\u3066\u4ee3\u308f\u3089\u308c\u305f\u3002\u3053\u308c\u306f\u3001\u5408\u6c17\u9053\u3078\u306e\u500b\u4eba\u306e\u4e8b\u524d\u95a2\u5fc3\u304b\u3089\u751f\u307e\u308c\u305f\u3082\u306e\u3067\u3001\u30d4\u30e9\u30df\u30c3\u30c9\u30b7\u30b9\u30c6\u30e0\u3067\u6559\u3048\u3089\u308c\u308b\u3088\u3046\u306b\u306a\u308a\u3001\u9053\u5834\u3001\u6d41\u3001\u5b97\u5bb6\u306a\u3069\u306e\u30c9\u30b0\u30de\u3084\u7528\u8a9e\u304c\u5c0e\u5165\u3055\u308c\u305f\u3002.<\/p>\n\n\n\n<p>\u4f1d\u7d71\u7684\u3001\u81ea\u7136\u306a\u7e1b\u308a\u306f\u3001\u30ec\u30d9\u30eb\u3084\u30b0\u30ec\u30fc\u30c9\u306b\u7e1b\u3089\u308c\u305a\u3001\u511a\u3044\u3082\u306e\u3067\u3042\u308a\u3001\u7d42\u308f\u308a\u304c\u306a\u3044\u3068\u3044\u3046\u6982\u5ff5\u304b\u3089\u3001\u4f98\u3073\u5bc2\u3073\u306e\u3088\u3046\u306a\u7f8e\u610f\u8b58\u3001\u500b\u6027\u3001\u81ea\u767a\u6027\u3001\u5275\u9020\u6027\u306b\u898b\u51fa\u3055\u308c\u308b\u3002\u6280\u6cd5\u306f\u7d76\u3048\u305a\u9032\u5316\u3057\u3066\u304a\u308a\u3001\u4f8b\u3048\u3070\u677e\u4e95\u5065\u4e8c\u306e\u30b5\u30b9\u30da\u30f3\u30b7\u30e7\u30f3\u306f\u660e\u667a\u4f1d\u8f1d\u306b\u5438\u53ce\u3055\u308c\u3066\u3044\u308b\u3002\u7d20\u6750\u3082\u540c\u69d8\u3067\u3001\u65e5\u672c\u3067\u306f\u307b\u3068\u3093\u3069\u304c\u30b8\u30e5\u30fc\u30c8\u3092\u4f7f\u7528\u3057\u3066\u3044\u308b\u3002\u306a\u305c\u306a\u3089\u3001\u305d\u306e\u81ea\u7136\u306a\u7279\u6027\u306f\u3001\u4e00\u90e8\u3067\u300c\u53e4\u5178\u7684\u7dca\u7e1b\u300d\u3068\u547c\u3070\u308c\u308b\u3082\u306e\u3068\u8abf\u548c\u3057\u3066\u3044\u308b\u304b\u3089\u3060\u3002.<\/p>\n\n\n\n<p>\u30b8\u30e5\u30fc\u30c8\u30ed\u30fc\u30d7\u306f\u751f\u5206\u89e3\u6027\u304c\u3042\u308b\u305f\u3081\u3001\u4e3b\u306b\u8fb2\u696d\u30fb\u5712\u82b8\u5206\u91ce\u3067\u4f7f\u7528\u3055\u308c\u3066\u304a\u308a\u3001\u4f8b\u3048\u3070\u679c\u6a39\u306e\u82d7\u6728\u3092\u56fa\u5b9a\u3059\u308b\u305f\u3081\u306b\u4e00\u5ea6\u3060\u3051\u7d50\u3073\u4ed8\u3051\u307e\u3059\u3002\u98a8\u96e8\u306b\u3055\u3089\u3055\u308c\u308b\u3068\u3001\u305d\u306e\u89aa\u6c34\u6027\u306f\u4f4e\u4e0b\u3057\u307e\u3059\u3002\u6728\u304c\u6210\u9577\u3059\u308b\u306b\u3064\u308c\u3066\u98df\u3044\u8fbc\u307f\u306b\u304f\u304f\u306a\u308a\u3001\u5341\u5206\u306a\u5f37\u5ea6\u306b\u306a\u308b\u3068\u3001\u7834\u308c\u3066\u751f\u5206\u89e3\u6027\u30de\u30eb\u30c1\u3068\u3057\u3066\u5206\u89e3\u3055\u308c\u307e\u3059\u3002\u305d\u306e\u305f\u3081\u3001\u88fd\u9020\u696d\u8005\u306f\u79c1\u305f\u3061\u306e\u7528\u9014\u3084\u3001\u79c1\u305f\u3061\u304c\u8981\u6c42\u3059\u308b\u307b\u3069\u53b3\u683c\u306a\u4ed5\u69d8\u306b\u906d\u9047\u3057\u305f\u3053\u3068\u304c\u3042\u308a\u307e\u305b\u3093\u3067\u3057\u305f\u3002JBO\u3001\u4e0d\u7d14\u7269\u3001\u8efd\u5fae\u306a\u6b20\u9665\u306a\u3069\u304c\u4ed6\u306e\u7528\u9014\u3067\u306f\u554f\u984c\u306b\u306a\u3089\u306a\u3044\u3068\u3053\u308d\u304b\u3089\u306e\u5927\u304d\u306a\u98db\u8e8d\u3067\u3059\u3002\u79c1\u305f\u3061\u304c\u671b\u3080\u3082\u306e\u3068\u305d\u306e\u7406\u7531\u3092\u6559\u3048\u8fbc\u3080\u3068\u3044\u3046\u5b66\u7fd2\u66f2\u7dda\u3067\u3057\u305f\u3002.<\/p>\n\n\n\n<p>\u7e1b\u308a\u3067\u306f\u3001\u30ed\u30fc\u30d7\u306b\u7570\u306a\u308b\u8981\u6c42\u304c\u8ab2\u305b\u3089\u308c\u307e\u3059\u3002\u77f3\u6cb9\u5316\u5b66\u88fd\u54c1\u3001\u4e0d\u7d14\u7269\u3001\u6b20\u9665\u304c\u306a\u3044\u3053\u3068\u3092\u671f\u5f85\u3057\u307e\u3059\u3002\u5b89\u5168\u306b\u540a\u308b\u3057\u3001\u8907\u6570\u56de\u7d50\u3073\u76f4\u3059\u3053\u3068\u304c\u3067\u304d\u308b\u4e00\u8cab\u6027\u3092\u6c42\u3081\u307e\u3059\u3002\u3053\u308c\u306b\u3088\u308a\u3001\u901a\u5e38\u306e\u7528\u9014\u3067\u4e88\u60f3\u3055\u308c\u308b\u3088\u308a\u3082\u4e00\u822c\u7684\u306b\u9ad8\u3044\u7e26\u65b9\u5411\u306e\u8377\u91cd\u3092\u542b\u3080\u3001\u307e\u3063\u305f\u304f\u7570\u306a\u308b\u6761\u4ef6\u304c\u751f\u6210\u3055\u308c\u307e\u3059\u3002\u307e\u3055\u306b\u3001KI\u30e4\u30fc\u30f3\u30b0\u30ec\u30fc\u30c9\u3092\u958b\u767a\u3057\u305f\u7406\u7531\u3067\u3059\u3002.<\/p>\n\n\n\n<p>\u54c1\u8cea\u7ba1\u7406\u306e\u5411\u4e0a\u306b\u65e5\u3005\u52aa\u3081\u3066\u304a\u308a\u307e\u3059\u3002\u305d\u308c\u306f\u3001\u65e5\u672c\u8a9e\u3068\u82f1\u8a9e\u306b\u3088\u308b\u30a8\u30f3\u30b8\u30cb\u30a2\u30ea\u30f3\u30b0\u306e\u5c02\u9580\u77e5\u8b58\u304b\u3089\u30d9\u30f3\u30ac\u30eb\u8a9e\u3078\u306e\u30b3\u30df\u30e5\u30cb\u30b1\u30fc\u30b7\u30e7\u30f3\u3092\u5fc5\u8981\u3068\u3057\u307e\u3059\u3002\u79c1\u305f\u3061\u306f\u3001\u5b8c\u74a7\u3092\u6c42\u3081\u3001\u751f\u7523\u30b9\u30bf\u30c3\u30d5\u306e\u6559\u80b2\u3092\u7d99\u7d9a\u3059\u308b\u305f\u3081\u306e\u30c8\u30ec\u30fc\u30cb\u30f3\u30b0\u304c\u884c\u308f\u308c\u3066\u3044\u308b\u88fd\u7c89\u6240\u3084\u5de5\u5834\u306b\u5b9a\u671f\u7684\u306b\u8a2a\u554f\u3057\u3066\u3044\u307e\u3059\u3002.<\/p>\n\n\n\n<p>2025\u5e74\u306e\u5168\u30b0\u30ec\u30fc\u30c9\u306e\u30af\u30ed\u30c3\u30d7\u8cc7\u6750\u306f\u3001\u7cf8\u5de5\u5834\u3067JBO\u3092\u4e00\u5207\u4f7f\u7528\u3057\u306a\u304b\u3063\u305f\u3053\u3068\u3068\u3001\u9700\u8981\u304c\u4f9b\u7d66\u306e150%\u3067\u3042\u3063\u305f\u3053\u3068\u306b\u3088\u308a\u3001\u3059\u3079\u3066\u4f7f\u3044\u5207\u308a\u307e\u3057\u305f\u3002\u6700\u5f8c\u306e10\u30c8\u30f3\u751f\u7523\u5206\u304b\u3089\u30ed\u30fc\u30d7\u3092\u88fd\u9020\u3059\u308b\u305f\u3081\u306b\u30013,300kg\u306eKI\u7cf8\u304c\u307e\u3060\u5728\u5eab\u3068\u3057\u3066\u3042\u308a\u307e\u3059\u304c\u30019\u6708\u306b\u65b0\u30b7\u30fc\u30ba\u30f3\u306e\u539f\u6599\u7e4a\u7dad\u304c\u5165\u624b\u53ef\u80fd\u306b\u306a\u308b\u307e\u3067\u3001\u65b0\u3057\u3044\u7cf8\u3092\u88fd\u9020\u3059\u308b\u3053\u3068\u306f\u3067\u304d\u307e\u305b\u3093\u3002.<\/p>\n\n\n\n<p>3\u6708\u306b\u30c8\u30b5\u306e\u7a2e\u304c\u690d\u3048\u3089\u308c\u3001\u5178\u578b\u7684\u306a\u4e7e\u5b63\u306e\u5f8c\u3001\u6975\u3081\u3066\u91cd\u8981\u306a\u96e8\u304c\u964d\u308a\u307e\u3057\u305f\u3002\u3057\u304b\u3057\u300135\u5e74\u524d\u306b\u8a18\u9332\u306b\u6b8b\u308b4\u756a\u76ee\u306b\u6b7b\u8005\u6570\u306e\u591a\u304b\u3063\u305f\u71b1\u5e2f\u4f4e\u6c17\u5727\u304c\u3001\u73fe\u5728\u88fd\u7cf8\u5de5\u5834\u3068\u30ed\u30fc\u30d7\u5de5\u5834\u304c\u3042\u308b\u307e\u3055\u306b\u305d\u306e\u5834\u6240\u306b\u4e0a\u9678\u3057\u3001138,866\u4eba\u306e\u547d\u304c\u5931\u308f\u308c\u305f\u3053\u3068\u3092\u5fd8\u308c\u3066\u306f\u306a\u308a\u307e\u305b\u3093\u3002\u3082\u3057\u4eca\u5e74\u305d\u308c\u304c\u8972\u6765\u3059\u308c\u3070\u3001\u4e16\u754c\u306e\u30b8\u30e5\u30fc\u30c8\u4f9b\u7d66\u306b\u3068\u3063\u3066\u306f\u7834\u6ec5\u7684\u306a\u4e8b\u614b\u3068\u306a\u308b\u3067\u3057\u3087\u3046\u3002.<\/p>\n\n\n\n<p>\u4ed6\u306e\u30cb\u30e5\u30fc\u30b9\u3067\u306f\u3001\u30db\u30eb\u30e0\u30ba\u6d77\u5ce1\u306e\u9589\u9396\u304c\u5e83\u7bc4\u56f2\u306a\u554f\u984c\u3092\u5f15\u304d\u8d77\u3053\u3057\u3066\u3044\u307e\u3059\u3002FBX11\u6d77\u4e0a\u8ca8\u7269\u904b\u8cc3\u6307\u6570\u306f5%\u4e0a\u6607\u3057\u307e\u3057\u305f\u3002\u5927\u8c46\u6cb9\u4fa1\u683c\u306f3\u30f6\u6708\u3067%\u6025\u9a30\u3057\u307e\u3057\u305f\u3002\u30d0\u30f3\u30b0\u30e9\u30c7\u30b7\u30e5\u304b\u3089\u306e\u5831\u9053\u306b\u3088\u308b\u3068\u3001\u71c3\u6599\u4e0d\u8db3\u304c\u5168\u7523\u696d\u306e\u751f\u7523\u306b\u5f71\u97ff\u3092\u4e0e\u3048\u3001\u5927\u898f\u6a21\u306a\u4eba\u54e1\u524a\u6e1b\u304c\u767a\u751f\u3057\u3066\u3044\u307e\u3059\u3002\u65e9\u6025\u306a\u89e3\u6c7a\u7b56\u304c\u898b\u51fa\u3055\u308c\u308b\u3053\u3068\u3092\u9858\u3046\u3070\u304b\u308a\u3067\u3059\u3002.<\/p>\n\n\n\n<p><\/p>","protected":false},"excerpt":{"rendered":"<p>Report May 2026 Rope bondage as a natural form in Japan, limited only by logic of placement and safety has given way in the West to new version invented in 2005 from individual prior interest in aikid\u014d adopted to teach in a pyramid system, introducing dogma, and terms such as d\u014dj\u014d, ry\u016b, grandmaster, etc. Traditional; natural shibari is unconfined by levels or grades, and transient, from the concept there\u2019s no end, found in aesthetics such as wabi\u2013sabi, with individuality, spontaneity and creativity. Technique continually evolves, eg. Matsui Kenji\u2019s suspensions absorbed by Akechi Denki. So too materials, with most in Japan using jute because its natural attributes are harmonious with what [&hellip;]<\/p>\n","protected":false},"author":1,"featured_media":0,"parent":0,"menu_order":0,"comment_status":"closed","ping_status":"closed","template":"","meta":{"nf_dc_page":"","advanced_seo_description":"","jetpack_seo_html_title":"","jetpack_seo_noindex":false,"footnotes":""},"class_list":["post-3417","page","type-page","status-publish","hentry"],"jetpack_sharing_enabled":true,"_links":{"self":[{"href":"https:\/\/koumanawa.com\/ja\/wp-json\/wp\/v2\/pages\/3417","targetHints":{"allow":["GET"]}}],"collection":[{"href":"https:\/\/koumanawa.com\/ja\/wp-json\/wp\/v2\/pages"}],"about":[{"href":"https:\/\/koumanawa.com\/ja\/wp-json\/wp\/v2\/types\/page"}],"author":[{"embeddable":true,"href":"https:\/\/koumanawa.com\/ja\/wp-json\/wp\/v2\/users\/1"}],"replies":[{"embeddable":true,"href":"https:\/\/koumanawa.com\/ja\/wp-json\/wp\/v2\/comments?post=3417"}],"version-history":[{"count":0,"href":"https:\/\/koumanawa.com\/ja\/wp-json\/wp\/v2\/pages\/3417\/revisions"}],"wp:attachment":[{"href":"https:\/\/koumanawa.com\/ja\/wp-json\/wp\/v2\/media?parent=3417"}],"curies":[{"name":"wp","href":"https:\/\/api.w.org\/{rel}","templated":true}]}}